{"id":36,"date":"2014-09-24T13:09:40","date_gmt":"2014-09-24T13:09:40","guid":{"rendered":"http:\/\/artbees.net\/themes\/jupiter\/sponde\/?page_id=36"},"modified":"2017-12-19T11:43:59","modified_gmt":"2017-12-19T11:43:59","slug":"home","status":"publish","type":"page","link":"https:\/\/aroglyph.com\/es\/","title":{"rendered":"Inicio"},"content":{"rendered":"<div class=\"wpb-content-wrapper\">[mk_page_section bg_image=\u00bbhttps:\/\/aroglyph.com\/en\/wp-content\/uploads\/sites\/4\/2017\/07\/back-marks-t.jpg\u00bb bg_position=\u00bbcenter center\u00bb bg_repeat=\u00bbno-repeat\u00bb bg_stretch=\u00bbtrue\u00bb enable_3d=\u00bbtrue\u00bb full_height=\u00bbtrue\u00bb skip_arrow=\u00bbtrue\u00bb sidebar=\u00bbsidebar-1&#8243;][vc_column width=\u00bb1\/4&#8243;][\/vc_column][vc_column width=\u00bb1\/2&#8243; css=\u00bb.vc_custom_1499261897792{padding-top: 40px !important;padding-right: 40px !important;padding-bottom: 20px !important;padding-left: 40px !important;background-color: rgba(0,0,0,0.6) !important;*background-color: rgb(0,0,0) !important;border-radius: 10px !important;}\u00bb][mk_fancy_title tag_name=\u00bbh1&#8243; color=\u00bb#ffffff\u00bb size=\u00bb64&#8243; force_font_size=\u00bbtrue\u00bb size_smallscreen=\u00bb64&#8243; size_tablet=\u00bb52&#8243; size_phone=\u00bb40&#8243; font_weight=\u00bbbold\u00bb txt_transform=\u00bbuppercase\u00bb margin_bottom=\u00bb0&#8243; font_family=\u00bbnone\u00bb align=\u00bbcenter\u00bb]ARoglyph[\/mk_fancy_title][mk_fancy_title color=\u00bb#ffffff\u00bb size=\u00bb32&#8243; font_weight=\u00bb400&#8243; font_style=\u00bbitalic\u00bb letter_spacing=\u00bb1&#8243; font_family=\u00bbGeorgia, serif\u00bb font_type=\u00bbsafefont\u00bb align=\u00bbcenter\u00bb]se\u00f1ales por todas partes[\/mk_fancy_title][vc_video link=\u00bbhttps:\/\/youtu.be\/5Z0kuWMQPCY\u00bb el_class=\u00bbfirst-video\u00bb][vc_empty_space height=\u00bb15px\u00bb][vc_single_image image=\u00bb6981&#8243; img_size=\u00bbfull\u00bb alignment=\u00bbcenter\u00bb onclick=\u00bbcustom_link\u00bb img_link_target=\u00bb_blank\u00bb link=\u00bbhttps:\/\/play.google.com\/store\/apps\/details?id=com.aroglyph.app\u00bb el_class=\u00bbdownload-button\u00bb][vc_single_image image=\u00bb7001&#8243; img_size=\u00bbfull\u00bb alignment=\u00bbcenter\u00bb onclick=\u00bbcustom_link\u00bb img_link_target=\u00bb_blank\u00bb link=\u00bbhttps:\/\/itunes.apple.com\/us\/app\/aroglyph\/id1019101559&#8243; el_class=\u00bbdownload-button\u00bb][\/vc_column][vc_column width=\u00bb1\/4&#8243;][\/vc_column][\/mk_page_section][mk_page_section bg_color=\u00bb#f5f3f1&#8243; bg_position=\u00bbcenter center\u00bb bg_repeat=\u00bbno-repeat\u00bb bg_stretch=\u00bbtrue\u00bb enable_3d=\u00bbtrue\u00bb padding_top=\u00bb40&#8243; padding_bottom=\u00bb40&#8243; sidebar=\u00bbsidebar-1&#8243;][vc_column width=\u00bb1\/2&#8243;][vc_video link=\u00bbhttps:\/\/youtu.be\/zek3axmiFfI\u00bb][vc_single_image image=\u00bb6981&#8243; img_size=\u00bbfull\u00bb alignment=\u00bbcenter\u00bb onclick=\u00bbcustom_link\u00bb img_link_target=\u00bb_blank\u00bb link=\u00bbhttps:\/\/play.google.com\/store\/apps\/details?id=com.aroglyph.app\u00bb][vc_single_image image=\u00bb7001&#8243; img_size=\u00bbfull\u00bb alignment=\u00bbcenter\u00bb onclick=\u00bbcustom_link\u00bb img_link_target=\u00bb_blank\u00bb link=\u00bbhttps:\/\/itunes.apple.com\/us\/app\/aroglyph\/id1019101559&#8243;][\/vc_column][vc_column width=\u00bb1\/2&#8243;][vc_column_text]\u00a1ARoglyph es una nueva forma ecol\u00f3gica para enfocar su creaci\u00f3n o impresiones, organizar eventos de ocio imprevistos, conocer a gente nueva y descubrir el mundo desconocido!<\/p>\n<p>En ARoglyph, puede dejar una marcar virtual dondequiera que est\u00e9 y leer las marcas que otras personas han dejado en el \u00e1rea cercana.<\/p>\n<p>A\u00f1ada una marca con imagen, nota o audio y haga nuevos amigos o simplemente consiga una opini\u00f3n.<br \/>\nNo necesita introducci\u00f3n, no necesita esperar. \u00a1Simplemente, disfrute!<\/p>\n<p>Piense que el \u00e1rea para ver las mascas es limitada, \u00a1solo de 20 a 1000 metros! Esto es una gran novedad.<\/p>\n<p>Asimismo, puede definir el tiempo de existencia de la marca y compartirla bien p\u00fablicamente bien solo con los amigos que busca. Apoye las marcas que ha descubierto con sus votos y comentarios. A m\u00e1s votos obtenidos por la marca, m\u00e1s popular ser\u00e1 y m\u00e1s tiempo existir\u00e1 ?<\/p>\n<p>\u00a1Un juego alegre le est\u00e1 esperando![\/vc_column_text][\/vc_column][\/mk_page_section][mk_page_section bg_color=\u00bb#ffffff\u00bb speed_factor=\u00bb4&#8243; min_height=\u00bb0&#8243; padding_top=\u00bb60&#8243; padding_bottom=\u00bb40&#8243; sidebar=\u00bbsidebar-1&#8243; first_page=\u00bbfalse\u00bb last_page=\u00bbfalse\u00bb][vc_column][mk_fancy_title tag_name=\u00bbh1&#8243; color=\u00bb#393836&#8243; size=\u00bb32&#8243; font_weight=\u00bb900&#8243; font_style=\u00bbinhert\u00bb font_family=\u00bbnone\u00bb align=\u00bbcenter\u00bb]\n<p>Escenarios de Uso<\/p>\n[\/mk_fancy_title][vc_basic_grid post_type=\u00bbids\u00bb gap=\u00bb0&#8243; item=\u00bb6517&#8243; grid_id=\u00bbvc_gid:1513683510137-2c108097-d690-2&#8243; include=\u00bb6464, 6474, 6471&#8243;][mk_fancy_title tag_name=\u00bbh1&#8243; color=\u00bb#393836&#8243; size=\u00bb24&#8243; font_weight=\u00bbbolder\u00bb font_style=\u00bbinhert\u00bb font_family=\u00bbnone\u00bb align=\u00bbcenter\u00bb]\n<p>\u2026 <a href=\"\/es\/usage-scenarios\/\">y decenas de otros escenarios<\/a><\/p>\n[\/mk_fancy_title][vc_empty_space][mk_fancy_title tag_name=\u00bbh1&#8243; color=\u00bb#393836&#8243; size=\u00bb32&#8243; font_weight=\u00bb900&#8243; font_style=\u00bbinhert\u00bb margin_bottom=\u00bb40&#8243; font_family=\u00bbnone\u00bb align=\u00bbcenter\u00bb]\n<p>\u00a1Pru\u00e9belo ahora!<\/p>\n[\/mk_fancy_title][vc_row_inner padding=\u00bb0&#8243;][vc_column_inner width=\u00bb1\/3&#8243;]\n[\/vc_column_inner][vc_column_inner el_class=\u00bbcmk-center-align\u00bb width=\u00bb1\/6&#8243;][vc_single_image image=\u00bb6981&#8243; img_size=\u00bbfull\u00bb alignment=\u00bbcenter\u00bb onclick=\u00bbcustom_link\u00bb img_link_target=\u00bb_blank\u00bb css_animation=\u00bbappear\u00bb link=\u00bbhttps:\/\/play.google.com\/store\/apps\/details?id=com.aroglyph.app\u00bb][\/vc_column_inner][vc_column_inner width=\u00bb1\/6&#8243;][vc_single_image image=\u00bb7001&#8243; img_size=\u00bbfull\u00bb alignment=\u00bbcenter\u00bb onclick=\u00bbcustom_link\u00bb img_link_target=\u00bb_blank\u00bb css_animation=\u00bbappear\u00bb link=\u00bbhttps:\/\/itunes.apple.com\/us\/app\/aroglyph\/id1019101559&#8243;][\/vc_column_inner][\/vc_row_inner][\/vc_column][\/mk_page_section][mk_page_section bg_color=\u00bb#1c1c26&#8243; speed_factor=\u00bb4&#8243; min_height=\u00bb0&#8243; padding_top=\u00bb60&#8243; padding_bottom=\u00bb40&#8243; predefined_bg=\u00bb\u00bb first_page=\u00bbfalse\u00bb last_page=\u00bbfalse\u00bb sidebar=\u00bbsidebar-1&#8243;][vc_column][mk_fancy_title tag_name=\u00bbh1&#8243; color=\u00bb#ffffff\u00bb size=\u00bb32&#8243; font_weight=\u00bb900&#8243; font_style=\u00bbinhert\u00bb margin_bottom=\u00bb40&#8243; font_family=\u00bbnone\u00bb align=\u00bbcenter\u00bb]\n<p><a style=\"color: #ffffff;\" href=\"\/es\/for-businesses\/\">PARA NEGOCIOS<\/a><\/p>\n[\/mk_fancy_title][vc_basic_grid post_type=\u00bbids\u00bb gap=\u00bb0&#8243; item=\u00bb6517&#8243; grid_id=\u00bbvc_gid:1513683510145-9f42089b-7b93-7&#8243; include=\u00bb7422, 7420, 7414&#8243;][vc_empty_space][\/vc_column][\/mk_page_section]\n<\/div>","protected":false},"excerpt":{"rendered":"<p>[mk_page_section bg_image=\u00bbhttps:\/\/aroglyph.com\/en\/wp-content\/uploads\/sites\/4\/2017\/07\/back-marks-t.jpg\u00bb bg_position=\u00bbcenter center\u00bb bg_repeat=\u00bbno-repeat\u00bb bg_stretch=\u00bbtrue\u00bb enable_3d=\u00bbtrue\u00bb full_height=\u00bbtrue\u00bb skip_arrow=\u00bbtrue\u00bb sidebar=\u00bbsidebar-1&#8243;][vc_column width=\u00bb1\/4&#8243;][\/vc_column][vc_column width=\u00bb1\/2&#8243; css=\u00bb.vc_custom_1499261897792{padding-top: 40px !important;padding-right: 40px !important;padding-bottom: 20px !important;padding-left: 40px !important;background-color: rgba(0,0,0,0.6) !important;*background-color: rgb(0,0,0) !important;border-radius: 10px !important;}\u00bb][mk_fancy_title tag_name=\u00bbh1&#8243; color=\u00bb#ffffff\u00bb size=\u00bb64&#8243; force_font_size=\u00bbtrue\u00bb size_smallscreen=\u00bb64&#8243; size_tablet=\u00bb52&#8243; size_phone=\u00bb40&#8243; font_weight=\u00bbbold\u00bb txt_transform=\u00bbuppercase\u00bb margin_bottom=\u00bb0&#8243; font_family=\u00bbnone\u00bb align=\u00bbcenter\u00bb]ARoglyph[\/mk_fancy_title][mk_fancy_title color=\u00bb#ffffff\u00bb size=\u00bb32&#8243; font_weight=\u00bb400&#8243; font_style=\u00bbitalic\u00bb letter_spacing=\u00bb1&#8243; font_family=\u00bbGeorgia, serif\u00bb font_type=\u00bbsafefont\u00bb align=\u00bbcenter\u00bb]se\u00f1ales por todas partes[\/mk_fancy_title][vc_video link=\u00bbhttps:\/\/youtu.be\/5Z0kuWMQPCY\u00bb el_class=\u00bbfirst-video\u00bb][vc_empty_space height=\u00bb15px\u00bb][vc_single_image image=\u00bb6981&#8243; [&hellip;]<\/p>\n","protected":false},"author":3,"featured_media":7666,"parent":0,"menu_order":0,"comment_status":"open","ping_status":"open","template":"","meta":{"footnotes":""},"class_list":["post-36","page","type-page","status-publish","has-post-thumbnail","hentry"],"yoast_head":"<!-- This site is optimized with the Yoast SEO plugin v27.3 - https:\/\/yoast.com\/product\/yoast-seo-wordpress\/ -->\n<title>ARoglyph - se\u00f1ales por todas partes<\/title>\n<meta name=\"description\" content=\"En ARoglyph, puede dejar una marcar virtual dondequiera que est\u00e9 y leer las marcas que otras personas han dejado en el \u00e1rea cercana.\" \/>\n<meta name=\"robots\" content=\"index, follow, max-snippet:-1, max-image-preview:large, max-video-preview:-1\" \/>\n<link rel=\"canonical\" href=\"https:\/\/aroglyph.com\/es\/\" \/>\n<meta property=\"og:locale\" content=\"es_ES\" \/>\n<meta property=\"og:type\" content=\"article\" \/>\n<meta property=\"og:title\" content=\"ARoglyph - se\u00f1ales por todas partes\" \/>\n<meta property=\"og:description\" content=\"En ARoglyph, puede dejar una marcar virtual dondequiera que est\u00e9 y leer las marcas que otras personas han dejado en el \u00e1rea cercana.\" \/>\n<meta property=\"og:url\" content=\"https:\/\/aroglyph.com\/es\/\" \/>\n<meta property=\"og:site_name\" content=\"ARoglyph\" \/>\n<meta property=\"article:publisher\" content=\"https:\/\/www.facebook.com\/ARoglyph\" \/>\n<meta property=\"article:modified_time\" content=\"2017-12-19T11:43:59+00:00\" \/>\n<meta property=\"og:image\" content=\"https:\/\/aroglyph.com\/es\/wp-content\/uploads\/sites\/3\/2015\/11\/aroglyph-sharing-es.png\" \/>\n\t<meta property=\"og:image:width\" content=\"1000\" \/>\n\t<meta property=\"og:image:height\" content=\"625\" \/>\n\t<meta property=\"og:image:type\" content=\"image\/png\" \/>\n<meta name=\"twitter:card\" content=\"summary_large_image\" \/>\n<meta name=\"twitter:site\" content=\"@aroglyph\" \/>\n<meta name=\"twitter:label1\" content=\"Tiempo de lectura\" \/>\n\t<meta name=\"twitter:data1\" content=\"4 minutos\" \/>\n<script type=\"application\/ld+json\" class=\"yoast-schema-graph\">{\"@context\":\"https:\\\/\\\/schema.org\",\"@graph\":[{\"@type\":\"WebPage\",\"@id\":\"https:\\\/\\\/aroglyph.com\\\/es\\\/\",\"url\":\"https:\\\/\\\/aroglyph.com\\\/es\\\/\",\"name\":\"ARoglyph - se\u00f1ales por todas partes\",\"isPartOf\":{\"@id\":\"https:\\\/\\\/aroglyph.com\\\/es\\\/#website\"},\"primaryImageOfPage\":{\"@id\":\"https:\\\/\\\/aroglyph.com\\\/es\\\/#primaryimage\"},\"image\":{\"@id\":\"https:\\\/\\\/aroglyph.com\\\/es\\\/#primaryimage\"},\"thumbnailUrl\":\"https:\\\/\\\/aroglyph.com\\\/es\\\/wp-content\\\/uploads\\\/sites\\\/3\\\/2015\\\/11\\\/aroglyph-sharing-es.png\",\"datePublished\":\"2014-09-24T13:09:40+00:00\",\"dateModified\":\"2017-12-19T11:43:59+00:00\",\"description\":\"En ARoglyph, puede dejar una marcar virtual dondequiera que est\u00e9 y leer las marcas que otras personas han dejado en el \u00e1rea cercana.\",\"breadcrumb\":{\"@id\":\"https:\\\/\\\/aroglyph.com\\\/es\\\/#breadcrumb\"},\"inLanguage\":\"es\",\"potentialAction\":[{\"@type\":\"ReadAction\",\"target\":[\"https:\\\/\\\/aroglyph.com\\\/es\\\/\"]}]},{\"@type\":\"ImageObject\",\"inLanguage\":\"es\",\"@id\":\"https:\\\/\\\/aroglyph.com\\\/es\\\/#primaryimage\",\"url\":\"https:\\\/\\\/aroglyph.com\\\/es\\\/wp-content\\\/uploads\\\/sites\\\/3\\\/2015\\\/11\\\/aroglyph-sharing-es.png\",\"contentUrl\":\"https:\\\/\\\/aroglyph.com\\\/es\\\/wp-content\\\/uploads\\\/sites\\\/3\\\/2015\\\/11\\\/aroglyph-sharing-es.png\",\"width\":1000,\"height\":625},{\"@type\":\"BreadcrumbList\",\"@id\":\"https:\\\/\\\/aroglyph.com\\\/es\\\/#breadcrumb\",\"itemListElement\":[{\"@type\":\"ListItem\",\"position\":1,\"name\":\"Inicio\",\"item\":\"https:\\\/\\\/aroglyph.com\\\/es\\\/\"},{\"@type\":\"ListItem\",\"position\":2,\"name\":\"Inicio\"}]},{\"@type\":\"WebSite\",\"@id\":\"https:\\\/\\\/aroglyph.com\\\/es\\\/#website\",\"url\":\"https:\\\/\\\/aroglyph.com\\\/es\\\/\",\"name\":\"ARoglyph\",\"description\":\"\",\"potentialAction\":[{\"@type\":\"SearchAction\",\"target\":{\"@type\":\"EntryPoint\",\"urlTemplate\":\"https:\\\/\\\/aroglyph.com\\\/es\\\/?s={search_term_string}\"},\"query-input\":{\"@type\":\"PropertyValueSpecification\",\"valueRequired\":true,\"valueName\":\"search_term_string\"}}],\"inLanguage\":\"es\"}]}<\/script>\n<!-- \/ Yoast SEO plugin. -->","yoast_head_json":{"title":"ARoglyph - se\u00f1ales por todas partes","description":"En ARoglyph, puede dejar una marcar virtual dondequiera que est\u00e9 y leer las marcas que otras personas han dejado en el \u00e1rea cercana.","robots":{"index":"index","follow":"follow","max-snippet":"max-snippet:-1","max-image-preview":"max-image-preview:large","max-video-preview":"max-video-preview:-1"},"canonical":"https:\/\/aroglyph.com\/es\/","og_locale":"es_ES","og_type":"article","og_title":"ARoglyph - se\u00f1ales por todas partes","og_description":"En ARoglyph, puede dejar una marcar virtual dondequiera que est\u00e9 y leer las marcas que otras personas han dejado en el \u00e1rea cercana.","og_url":"https:\/\/aroglyph.com\/es\/","og_site_name":"ARoglyph","article_publisher":"https:\/\/www.facebook.com\/ARoglyph","article_modified_time":"2017-12-19T11:43:59+00:00","og_image":[{"width":1000,"height":625,"url":"https:\/\/aroglyph.com\/es\/wp-content\/uploads\/sites\/3\/2015\/11\/aroglyph-sharing-es.png","type":"image\/png"}],"twitter_card":"summary_large_image","twitter_site":"@aroglyph","twitter_misc":{"Tiempo de lectura":"4 minutos"},"schema":{"@context":"https:\/\/schema.org","@graph":[{"@type":"WebPage","@id":"https:\/\/aroglyph.com\/es\/","url":"https:\/\/aroglyph.com\/es\/","name":"ARoglyph - se\u00f1ales por todas partes","isPartOf":{"@id":"https:\/\/aroglyph.com\/es\/#website"},"primaryImageOfPage":{"@id":"https:\/\/aroglyph.com\/es\/#primaryimage"},"image":{"@id":"https:\/\/aroglyph.com\/es\/#primaryimage"},"thumbnailUrl":"https:\/\/aroglyph.com\/es\/wp-content\/uploads\/sites\/3\/2015\/11\/aroglyph-sharing-es.png","datePublished":"2014-09-24T13:09:40+00:00","dateModified":"2017-12-19T11:43:59+00:00","description":"En ARoglyph, puede dejar una marcar virtual dondequiera que est\u00e9 y leer las marcas que otras personas han dejado en el \u00e1rea cercana.","breadcrumb":{"@id":"https:\/\/aroglyph.com\/es\/#breadcrumb"},"inLanguage":"es","potentialAction":[{"@type":"ReadAction","target":["https:\/\/aroglyph.com\/es\/"]}]},{"@type":"ImageObject","inLanguage":"es","@id":"https:\/\/aroglyph.com\/es\/#primaryimage","url":"https:\/\/aroglyph.com\/es\/wp-content\/uploads\/sites\/3\/2015\/11\/aroglyph-sharing-es.png","contentUrl":"https:\/\/aroglyph.com\/es\/wp-content\/uploads\/sites\/3\/2015\/11\/aroglyph-sharing-es.png","width":1000,"height":625},{"@type":"BreadcrumbList","@id":"https:\/\/aroglyph.com\/es\/#breadcrumb","itemListElement":[{"@type":"ListItem","position":1,"name":"Inicio","item":"https:\/\/aroglyph.com\/es\/"},{"@type":"ListItem","position":2,"name":"Inicio"}]},{"@type":"WebSite","@id":"https:\/\/aroglyph.com\/es\/#website","url":"https:\/\/aroglyph.com\/es\/","name":"ARoglyph","description":"","potentialAction":[{"@type":"SearchAction","target":{"@type":"EntryPoint","urlTemplate":"https:\/\/aroglyph.com\/es\/?s={search_term_string}"},"query-input":{"@type":"PropertyValueSpecification","valueRequired":true,"valueName":"search_term_string"}}],"inLanguage":"es"}]}},"_links":{"self":[{"href":"https:\/\/aroglyph.com\/es\/wp-json\/wp\/v2\/pages\/36","targetHints":{"allow":["GET"]}}],"collection":[{"href":"https:\/\/aroglyph.com\/es\/wp-json\/wp\/v2\/pages"}],"about":[{"href":"https:\/\/aroglyph.com\/es\/wp-json\/wp\/v2\/types\/page"}],"author":[{"embeddable":true,"href":"https:\/\/aroglyph.com\/es\/wp-json\/wp\/v2\/users\/3"}],"replies":[{"embeddable":true,"href":"https:\/\/aroglyph.com\/es\/wp-json\/wp\/v2\/comments?post=36"}],"version-history":[{"count":217,"href":"https:\/\/aroglyph.com\/es\/wp-json\/wp\/v2\/pages\/36\/revisions"}],"predecessor-version":[{"id":7748,"href":"https:\/\/aroglyph.com\/es\/wp-json\/wp\/v2\/pages\/36\/revisions\/7748"}],"wp:featuredmedia":[{"embeddable":true,"href":"https:\/\/aroglyph.com\/es\/wp-json\/wp\/v2\/media\/7666"}],"wp:attachment":[{"href":"https:\/\/aroglyph.com\/es\/wp-json\/wp\/v2\/media?parent=36"}],"curies":[{"name":"wp","href":"https:\/\/api.w.org\/{rel}","templated":true}]}}