{"id":38,"date":"2014-09-24T13:09:49","date_gmt":"2014-09-24T13:09:49","guid":{"rendered":"http:\/\/artbees.net\/themes\/jupiter\/sponde\/?page_id=38"},"modified":"2015-08-27T13:54:16","modified_gmt":"2015-08-27T13:54:16","slug":"about-company","status":"publish","type":"page","link":"https:\/\/aroglyph.com\/es\/about-company\/","title":{"rendered":"Sobre la empresa"},"content":{"rendered":"<div class=\"wpb-content-wrapper\">[vc_row][vc_column width=\u00bb1\/1&#8243; css=\u00bb.vc_custom_1432540474693{padding-top: 0px !important;padding-bottom: 120px !important;}\u00bb][vc_row_inner attached=\u00bbfalse\u00bb padding=\u00bb1&#8243;][vc_column_inner width=\u00bb1\/1&#8243;][mk_fancy_title tag_name=\u00bbh1&#8243; style=\u00bbfalse\u00bb color=\u00bb#393836&#8243; size=\u00bb32&#8243; font_weight=\u00bb900&#8243; font_style=\u00bbinhert\u00bb letter_spacing=\u00bb0&#8243; margin_top=\u00bb0&#8243; margin_bottom=\u00bb20&#8243; font_family=\u00bbnone\u00bb align=\u00bbleft\u00bb]\n<p>Sobre la empresa<\/p>\n[\/mk_fancy_title][\/vc_column_inner][vc_column_inner width=\u00bb1\/6&#8243;][vc_single_image image=\u00bb7489&#8243; border_color=\u00bbgrey\u00bb img_link_large=\u00bb\u00bb img_link_target=\u00bb_self\u00bb alignment=\u00bbcenter\u00bb][\/vc_column_inner][vc_column_inner width=\u00bb5\/6&#8243;][vc_column_text disable_pattern=\u00bbtrue\u00bb align=\u00bbleft\u00bb margin_bottom=\u00bb0&#8243;]ARoglyph Inc. es una empresa de EE.UU. constituida en la Mancomunidad de Virginia, cuyo desarrollo se lleva a cabo en Kyiv, Ucrania. ARoglyph Inc. ha sido creada por Max Ronshin y Eugene Mayevski, ambos con m\u00e1s de 15 a\u00f1os de experiencia en el desarrollo del software.<\/p>\n<p>A base de su experiencia, Max y Eugene han decidido desarrollar un producto plenamente operativo en vez de crear un prototipo medio vac\u00edo a semejanza de empresas nuevas y emprendedores principiantes. El objetivo es ofrecer a un p\u00fablico amplio un producto listo para usar.<\/p>\n<p>Para desarrollar el proyecto, los fundadores han implicado a ingenieros de software senior con m\u00e1s de 10 a\u00f1os de experiencia en el desarrollo de software para mercados de masas y sectores corporativos. La gesti\u00f3n del proceso de desarrollo est\u00e1 a cargo de un administrador de proyectos profesional, hecho que permite conseguir los resultados predichos y planificados a tiempo.<\/p>\n<p>La planificaci\u00f3n y la organizaci\u00f3n del proyecto se realiza usando el servicio Zoho Projects, con la ayuda de las tecnolog\u00edas Google para uso corporativo (Google Apps for Business, Hangouts).<\/p>\n<p>El crecimiento planificado de la empresa incluye tanto la expansi\u00f3n de la divisi\u00f3n de desarrollo del software y del servicio de soporte, como tambi\u00e9n el desarrollo del departamento de marketing y ventas. Actualmente, las cuestiones comerciales est\u00e1n abordadas por los fundadores.[\/vc_column_text][\/vc_column_inner][vc_column_inner width=\u00bb1\/1&#8243; css=\u00bb.vc_custom_1432537951134{padding-bottom: 20px !important;}\u00bb][vc_empty_space height=\u00bb20&#8243;][vc_separator color=\u00bbgrey\u00bb align=\u00bbalign_center\u00bb][\/vc_column_inner][vc_column_inner width=\u00bb1\/1&#8243;][mk_fancy_title tag_name=\u00bbh1&#8243; style=\u00bbfalse\u00bb color=\u00bb#393836&#8243; size=\u00bb32&#8243; font_weight=\u00bb900&#8243; font_style=\u00bbinhert\u00bb letter_spacing=\u00bb0&#8243; margin_top=\u00bb0&#8243; margin_bottom=\u00bb20&#8243; font_family=\u00bbnone\u00bb align=\u00bbleft\u00bb]\n<p>Para Todos<\/p>\n[\/mk_fancy_title][\/vc_column_inner][vc_column_inner width=\u00bb1\/6&#8243;][vc_single_image image=\u00bb5943&#8243; border_color=\u00bbgrey\u00bb img_link_large=\u00bb\u00bb img_link_target=\u00bb_self\u00bb alignment=\u00bbcenter\u00bb][\/vc_column_inner][vc_column_inner width=\u00bb5\/6&#8243;][vc_column_text disable_pattern=\u00bbtrue\u00bb align=\u00bbleft\u00bb margin_bottom=\u00bb0&#8243;]La idea de ARoglyph fue inicialmente expresada por Max Ronshin, un emprendedor serial con una gran experiencia en servicio de geolocalizaci\u00f3n, como en este ejemplo: \u201cvamos a escribir algo desagradable en la valla, pero dej\u00e9moslo visible solo para el uso del Smartphone\u201d. Esta idea se ha transformado en la idea de etiquetas que pueden colocarse sobre cualquier cosa f\u00edsica y todav\u00eda ser visibles solo a trav\u00e9s del software. Dado que hoy la palabra \u201cetiquetas\u201d tiene muchas acepciones, hemos decidido utilizar la palabra \u201cmarca\u201d en su lugar.<\/p>\n<p>Aun as\u00ed, las etiquetas mismas son dif\u00edciles de utilizar. Necesitamos algo para atraer la atenci\u00f3n de la gente. Con vistas a ello, ha surgido el componente social de la idea. Eugene Mayevski, el co-fundador del servicio, que ha estado trabajando con los creadores de software y profesionales relacionados con TI desde los inicios de su carrera profesional, observ\u00f3 que hay muchas personas introvertidas por naturaleza o simplemente demasiado t\u00edmidas para participar activamente en redes y servicios sociales, a pesar de tener muchas cosas que decirle al mundo. La posibilidad de crear marcas y hacerlas visibles no solo para los amigos (cuyo n\u00famero es relativamente bajo incluso en los casos de las personas extravertidas), sino tambi\u00e9n para cualquier persona que pase cerca (con cierto margen), ayudar\u00e1 a las personas introvertidas a socializarse, a ayudar a los dem\u00e1s y tambi\u00e9n a recibir ayuda de parte de los dem\u00e1s.<\/p>\n<p>Compartir ideas no es la \u00fanica funci\u00f3n del servicio. ARoglyph puede ser utilizado en muchos escenarios diferentes, tanto con contactos privados o confidenciales, como en actividades p\u00fablicas y uso comercial. Una cosa importante que ARoglyph ofrece es la posibilidad de que los vecinos residentes en ciudades y pueblos est\u00e9n en contacto de manera m\u00e1s efectiva, organizando y participando en actividades locales.<\/p>\n<p>Ahora entendemos ARoglyph no solo como un servicio, sino como una plataforma tanto para comunicarse como para crear soluciones personalizadas, como juegos, proyectos de infraestructura (imagine una compa\u00f1\u00eda de gas que marca sus tubos y cajas con marcas invisibles y permite a sus empleados ver estas marcas a trav\u00e9s del Smartphone), eventos p\u00fablicos (los museos al aire libre pueden colocar marcas que indiquen la localizaci\u00f3n de exhibiciones concretas) y otros.<\/p>\n<p>En este momento, ARoglyph solo est\u00e1 empezando y tenemos muchos planes e ideas a prop\u00f3sito de su desarrollo y crecimiento. Permanezca conectado y comparta con nosotros sus ideas.[\/vc_column_text][\/vc_column_inner][\/vc_row_inner][\/vc_column][\/vc_row]\n<\/div>","protected":false},"excerpt":{"rendered":"<p>[vc_row][vc_column width=\u00bb1\/1&#8243; css=\u00bb.vc_custom_1432540474693{padding-top: 0px !important;padding-bottom: 120px !important;}\u00bb][vc_row_inner attached=\u00bbfalse\u00bb padding=\u00bb1&#8243;][vc_column_inner width=\u00bb1\/1&#8243;][mk_fancy_title tag_name=\u00bbh1&#8243; style=\u00bbfalse\u00bb color=\u00bb#393836&#8243; size=\u00bb32&#8243; font_weight=\u00bb900&#8243; font_style=\u00bbinhert\u00bb letter_spacing=\u00bb0&#8243; margin_top=\u00bb0&#8243; margin_bottom=\u00bb20&#8243; font_family=\u00bbnone\u00bb align=\u00bbleft\u00bb] Sobre la empresa [\/mk_fancy_title][\/vc_column_inner][vc_column_inner width=\u00bb1\/6&#8243;][vc_single_image image=\u00bb7489&#8243; border_color=\u00bbgrey\u00bb img_link_large=\u00bb\u00bb img_link_target=\u00bb_self\u00bb alignment=\u00bbcenter\u00bb][\/vc_column_inner][vc_column_inner width=\u00bb5\/6&#8243;][vc_column_text disable_pattern=\u00bbtrue\u00bb align=\u00bbleft\u00bb margin_bottom=\u00bb0&#8243;]ARoglyph Inc. es una empresa de EE.UU. constituida en la Mancomunidad de Virginia, cuyo desarrollo se lleva a cabo en Kyiv, [&hellip;]<\/p>\n","protected":false},"author":3,"featured_media":0,"parent":0,"menu_order":0,"comment_status":"open","ping_status":"open","template":"","meta":{"footnotes":""},"class_list":["post-38","page","type-page","status-publish","hentry"],"yoast_head":"<!-- This site is optimized with the Yoast SEO plugin v27.4 - https:\/\/yoast.com\/product\/yoast-seo-wordpress\/ -->\n<title>Sobre la empresa - ARoglyph<\/title>\n<meta name=\"robots\" content=\"index, follow, max-snippet:-1, max-image-preview:large, max-video-preview:-1\" \/>\n<link rel=\"canonical\" href=\"https:\/\/aroglyph.com\/es\/about-company\/\" \/>\n<meta property=\"og:locale\" content=\"es_ES\" \/>\n<meta property=\"og:type\" content=\"article\" \/>\n<meta property=\"og:title\" content=\"Sobre la empresa - ARoglyph\" \/>\n<meta property=\"og:description\" content=\"[vc_row][vc_column width=\u00bb1\/1&#8243; css=\u00bb.vc_custom_1432540474693{padding-top: 0px !important;padding-bottom: 120px !important;}\u00bb][vc_row_inner attached=\u00bbfalse\u00bb padding=\u00bb1&#8243;][vc_column_inner width=\u00bb1\/1&#8243;][mk_fancy_title tag_name=\u00bbh1&#8243; style=\u00bbfalse\u00bb color=\u00bb#393836&#8243; size=\u00bb32&#8243; font_weight=\u00bb900&#8243; font_style=\u00bbinhert\u00bb letter_spacing=\u00bb0&#8243; margin_top=\u00bb0&#8243; margin_bottom=\u00bb20&#8243; font_family=\u00bbnone\u00bb align=\u00bbleft\u00bb] Sobre la empresa [\/mk_fancy_title][\/vc_column_inner][vc_column_inner width=\u00bb1\/6&#8243;][vc_single_image image=\u00bb7489&#8243; border_color=\u00bbgrey\u00bb img_link_large=\u00bb\u00bb img_link_target=\u00bb_self\u00bb alignment=\u00bbcenter\u00bb][\/vc_column_inner][vc_column_inner width=\u00bb5\/6&#8243;][vc_column_text disable_pattern=\u00bbtrue\u00bb align=\u00bbleft\u00bb margin_bottom=\u00bb0&#8243;]ARoglyph Inc. es una empresa de EE.UU. constituida en la Mancomunidad de Virginia, cuyo desarrollo se lleva a cabo en Kyiv, [&hellip;]\" \/>\n<meta property=\"og:url\" content=\"https:\/\/aroglyph.com\/es\/about-company\/\" \/>\n<meta property=\"og:site_name\" content=\"ARoglyph\" \/>\n<meta property=\"article:publisher\" content=\"https:\/\/www.facebook.com\/ARoglyph\" \/>\n<meta property=\"article:modified_time\" content=\"2015-08-27T13:54:16+00:00\" \/>\n<meta property=\"og:image\" content=\"https:\/\/aroglyph.com\/es\/wp-content\/uploads\/sites\/3\/2015\/11\/aroglyph-sharing-es.png\" \/>\n\t<meta property=\"og:image:width\" content=\"1000\" \/>\n\t<meta property=\"og:image:height\" content=\"625\" \/>\n\t<meta property=\"og:image:type\" content=\"image\/png\" \/>\n<meta name=\"twitter:card\" content=\"summary_large_image\" \/>\n<meta name=\"twitter:site\" content=\"@aroglyph\" \/>\n<meta name=\"twitter:label1\" content=\"Tiempo de lectura\" \/>\n\t<meta name=\"twitter:data1\" content=\"4 minutos\" \/>\n<script type=\"application\/ld+json\" class=\"yoast-schema-graph\">{\"@context\":\"https:\\\/\\\/schema.org\",\"@graph\":[{\"@type\":\"WebPage\",\"@id\":\"https:\\\/\\\/aroglyph.com\\\/es\\\/about-company\\\/\",\"url\":\"https:\\\/\\\/aroglyph.com\\\/es\\\/about-company\\\/\",\"name\":\"Sobre la empresa - ARoglyph\",\"isPartOf\":{\"@id\":\"https:\\\/\\\/aroglyph.com\\\/es\\\/#website\"},\"datePublished\":\"2014-09-24T13:09:49+00:00\",\"dateModified\":\"2015-08-27T13:54:16+00:00\",\"breadcrumb\":{\"@id\":\"https:\\\/\\\/aroglyph.com\\\/es\\\/about-company\\\/#breadcrumb\"},\"inLanguage\":\"es\",\"potentialAction\":[{\"@type\":\"ReadAction\",\"target\":[\"https:\\\/\\\/aroglyph.com\\\/es\\\/about-company\\\/\"]}]},{\"@type\":\"BreadcrumbList\",\"@id\":\"https:\\\/\\\/aroglyph.com\\\/es\\\/about-company\\\/#breadcrumb\",\"itemListElement\":[{\"@type\":\"ListItem\",\"position\":1,\"name\":\"Inicio\",\"item\":\"https:\\\/\\\/aroglyph.com\\\/es\\\/\"},{\"@type\":\"ListItem\",\"position\":2,\"name\":\"Sobre la empresa\"}]},{\"@type\":\"WebSite\",\"@id\":\"https:\\\/\\\/aroglyph.com\\\/es\\\/#website\",\"url\":\"https:\\\/\\\/aroglyph.com\\\/es\\\/\",\"name\":\"ARoglyph\",\"description\":\"\",\"potentialAction\":[{\"@type\":\"SearchAction\",\"target\":{\"@type\":\"EntryPoint\",\"urlTemplate\":\"https:\\\/\\\/aroglyph.com\\\/es\\\/?s={search_term_string}\"},\"query-input\":{\"@type\":\"PropertyValueSpecification\",\"valueRequired\":true,\"valueName\":\"search_term_string\"}}],\"inLanguage\":\"es\"}]}<\/script>\n<!-- \/ Yoast SEO plugin. -->","yoast_head_json":{"title":"Sobre la empresa - ARoglyph","robots":{"index":"index","follow":"follow","max-snippet":"max-snippet:-1","max-image-preview":"max-image-preview:large","max-video-preview":"max-video-preview:-1"},"canonical":"https:\/\/aroglyph.com\/es\/about-company\/","og_locale":"es_ES","og_type":"article","og_title":"Sobre la empresa - ARoglyph","og_description":"[vc_row][vc_column width=\u00bb1\/1&#8243; css=\u00bb.vc_custom_1432540474693{padding-top: 0px !important;padding-bottom: 120px !important;}\u00bb][vc_row_inner attached=\u00bbfalse\u00bb padding=\u00bb1&#8243;][vc_column_inner width=\u00bb1\/1&#8243;][mk_fancy_title tag_name=\u00bbh1&#8243; style=\u00bbfalse\u00bb color=\u00bb#393836&#8243; size=\u00bb32&#8243; font_weight=\u00bb900&#8243; font_style=\u00bbinhert\u00bb letter_spacing=\u00bb0&#8243; margin_top=\u00bb0&#8243; margin_bottom=\u00bb20&#8243; font_family=\u00bbnone\u00bb align=\u00bbleft\u00bb] Sobre la empresa [\/mk_fancy_title][\/vc_column_inner][vc_column_inner width=\u00bb1\/6&#8243;][vc_single_image image=\u00bb7489&#8243; border_color=\u00bbgrey\u00bb img_link_large=\u00bb\u00bb img_link_target=\u00bb_self\u00bb alignment=\u00bbcenter\u00bb][\/vc_column_inner][vc_column_inner width=\u00bb5\/6&#8243;][vc_column_text disable_pattern=\u00bbtrue\u00bb align=\u00bbleft\u00bb margin_bottom=\u00bb0&#8243;]ARoglyph Inc. es una empresa de EE.UU. constituida en la Mancomunidad de Virginia, cuyo desarrollo se lleva a cabo en Kyiv, [&hellip;]","og_url":"https:\/\/aroglyph.com\/es\/about-company\/","og_site_name":"ARoglyph","article_publisher":"https:\/\/www.facebook.com\/ARoglyph","article_modified_time":"2015-08-27T13:54:16+00:00","og_image":[{"width":1000,"height":625,"url":"https:\/\/aroglyph.com\/es\/wp-content\/uploads\/sites\/3\/2015\/11\/aroglyph-sharing-es.png","type":"image\/png"}],"twitter_card":"summary_large_image","twitter_site":"@aroglyph","twitter_misc":{"Tiempo de lectura":"4 minutos"},"schema":{"@context":"https:\/\/schema.org","@graph":[{"@type":"WebPage","@id":"https:\/\/aroglyph.com\/es\/about-company\/","url":"https:\/\/aroglyph.com\/es\/about-company\/","name":"Sobre la empresa - ARoglyph","isPartOf":{"@id":"https:\/\/aroglyph.com\/es\/#website"},"datePublished":"2014-09-24T13:09:49+00:00","dateModified":"2015-08-27T13:54:16+00:00","breadcrumb":{"@id":"https:\/\/aroglyph.com\/es\/about-company\/#breadcrumb"},"inLanguage":"es","potentialAction":[{"@type":"ReadAction","target":["https:\/\/aroglyph.com\/es\/about-company\/"]}]},{"@type":"BreadcrumbList","@id":"https:\/\/aroglyph.com\/es\/about-company\/#breadcrumb","itemListElement":[{"@type":"ListItem","position":1,"name":"Inicio","item":"https:\/\/aroglyph.com\/es\/"},{"@type":"ListItem","position":2,"name":"Sobre la empresa"}]},{"@type":"WebSite","@id":"https:\/\/aroglyph.com\/es\/#website","url":"https:\/\/aroglyph.com\/es\/","name":"ARoglyph","description":"","potentialAction":[{"@type":"SearchAction","target":{"@type":"EntryPoint","urlTemplate":"https:\/\/aroglyph.com\/es\/?s={search_term_string}"},"query-input":{"@type":"PropertyValueSpecification","valueRequired":true,"valueName":"search_term_string"}}],"inLanguage":"es"}]}},"_links":{"self":[{"href":"https:\/\/aroglyph.com\/es\/wp-json\/wp\/v2\/pages\/38","targetHints":{"allow":["GET"]}}],"collection":[{"href":"https:\/\/aroglyph.com\/es\/wp-json\/wp\/v2\/pages"}],"about":[{"href":"https:\/\/aroglyph.com\/es\/wp-json\/wp\/v2\/types\/page"}],"author":[{"embeddable":true,"href":"https:\/\/aroglyph.com\/es\/wp-json\/wp\/v2\/users\/3"}],"replies":[{"embeddable":true,"href":"https:\/\/aroglyph.com\/es\/wp-json\/wp\/v2\/comments?post=38"}],"version-history":[{"count":73,"href":"https:\/\/aroglyph.com\/es\/wp-json\/wp\/v2\/pages\/38\/revisions"}],"predecessor-version":[{"id":7490,"href":"https:\/\/aroglyph.com\/es\/wp-json\/wp\/v2\/pages\/38\/revisions\/7490"}],"wp:attachment":[{"href":"https:\/\/aroglyph.com\/es\/wp-json\/wp\/v2\/media?parent=38"}],"curies":[{"name":"wp","href":"https:\/\/api.w.org\/{rel}","templated":true}]}}