{"id":6084,"date":"2015-05-25T06:24:36","date_gmt":"2015-05-25T06:24:36","guid":{"rendered":"http:\/\/aroglyphwp.azurewebsites.net\/?page_id=6084"},"modified":"2016-04-18T09:33:43","modified_gmt":"2016-04-18T09:33:43","slug":"solutions","status":"publish","type":"page","link":"https:\/\/aroglyph.com\/es\/solutions\/","title":{"rendered":"Soluciones"},"content":{"rendered":"<div class=\"wpb-content-wrapper\">[vc_row][vc_column][vc_row_inner padding=\u00bb1&#8243;][vc_column_inner][mk_fancy_title tag_name=\u00bbh1&#8243; size=\u00bb32&#8243; font_weight=\u00bb900&#8243; margin_bottom=\u00bb20&#8243; font_family=\u00bbnone\u00bb]\n<p>Para Todos<\/p>\n[\/mk_fancy_title][\/vc_column_inner][vc_column_inner][vc_column_text]El servicio ARoglyph est\u00e1 actualmente disponible para todos los usuarios de un smartphone Android o iOS.<br \/>\nEntre nuestros planes de futuro est\u00e1 el desarrollo de la versi\u00f3n para Windows Phone y una aplicaci\u00f3n de cliente basada en web para otras plataformas.<br \/>\nEl uso del servicio es totalmente gratuito.<\/p>\n<p><strong>Descargue y util\u00edcelo gratis<br \/>\n<\/strong>[\/vc_column_text][\/vc_column_inner][\/vc_row_inner][vc_row_inner][vc_column_inner width=\u00bb1\/6&#8243;][vc_single_image image=\u00bb6981&#8243; img_size=\u00bbfull\u00bb alignment=\u00bbcenter\u00bb onclick=\u00bbcustom_link\u00bb img_link_target=\u00bb_blank\u00bb border_color=\u00bbgrey\u00bb link=\u00bbhttps:\/\/play.google.com\/store\/apps\/details?id=com.aroglyph.app\u00bb][\/vc_column_inner][vc_column_inner width=\u00bb1\/6&#8243;][vc_single_image image=\u00bb7001&#8243; img_size=\u00bbfull\u00bb alignment=\u00bbcenter\u00bb onclick=\u00bbcustom_link\u00bb img_link_target=\u00bb_blank\u00bb border_color=\u00bbgrey\u00bb link=\u00bbhttps:\/\/itunes.apple.com\/us\/app\/aroglyph\/id1019101559&#8243;][\/vc_column_inner][vc_column_inner width=\u00bb1\/6&#8243;][vc_single_image image=\u00bb7669&#8243; img_size=\u00bbfull\u00bb alignment=\u00bbcenter\u00bb onclick=\u00bbcustom_link\u00bb img_link_target=\u00bb_blank\u00bb border_color=\u00bbgrey\u00bb link=\u00bbhttp:\/\/apps.store.aptoide.com\/app\/market\/com.aroglyph.app\/147\/18117386\/ARoglyph\u00bb][\/vc_column_inner][vc_column_inner width=\u00bb1\/6&#8243;][vc_single_image image=\u00bb7673&#8243; img_size=\u00bbfull\u00bb alignment=\u00bbcenter\u00bb onclick=\u00bbcustom_link\u00bb img_link_target=\u00bb_blank\u00bb border_color=\u00bbgrey\u00bb link=\u00bbhttp:\/\/android.oms.apps.opera.com\/en_us\/aroglyph.html\u00bb][\/vc_column_inner][vc_column_inner width=\u00bb1\/6&#8243;][\/vc_column_inner][vc_column_inner width=\u00bb1\/6&#8243;][\/vc_column_inner][\/vc_row_inner][\/vc_column][\/vc_row][vc_row][vc_column][mk_padding_divider size=\u00bb20&#8243;][vc_separator][mk_fancy_title tag_name=\u00bbh1&#8243; size=\u00bb32&#8243; font_weight=\u00bb900&#8243; margin_bottom=\u00bb20&#8243; font_family=\u00bbnone\u00bb]Para negocios<\/p>\n[\/mk_fancy_title][\/vc_column][\/vc_row][vc_row][vc_column width=\u00bb1\/3&#8243; el_position=\u00bbfirst\u00bb][mk_icon_box icon=\u00bbmk-moon-stack-up\u00bb title=\u00bbPara negocios a gran escala\u00bb text_size=\u00bb20&#8243; font_weight=\u00bbnormal\u00bb read_more_url=\u00bb\/es\/for-businesses\/for-mass-market-businesses\/\u00bb style=\u00bbsimple_ultimate\u00bb icon_size=\u00bbmedium\u00bb icon_location=\u00bbtop\u00bb icon_color=\u00bb#14a082&#8243; width=\u00bb1\/1&#8243; el_position=\u00bblast\u00bb]\n[\/mk_icon_box][\/vc_column][vc_column width=\u00bb1\/3&#8243;][mk_icon_box icon=\u00bbmk-moon-users-4&#8243; title=\u00bbPara ayuntamientos y organizaciones de transporte\u00bb text_size=\u00bb20&#8243; font_weight=\u00bbnormal\u00bb read_more_url=\u00bb\/es\/for-businesses\/for-communities-and-transport-organizations\/\u00bb style=\u00bbsimple_ultimate\u00bb icon_size=\u00bbmedium\u00bb icon_location=\u00bbtop\u00bb icon_color=\u00bb#14a082&#8243; width=\u00bb1\/1&#8243; el_position=\u00bblast\u00bb][\/mk_icon_box][\/vc_column][vc_column width=\u00bb1\/3&#8243;][mk_icon_box icon=\u00bbmk-icon-sitemap\u00bb title=\u00bbPara empresas de infraestructuras y grandes negocios\u00bb text_size=\u00bb20&#8243; font_weight=\u00bbnormal\u00bb read_more_url=\u00bb\/es\/for-businesses\/for-infrastructure-companies-and-big-businesses\/\u00bb style=\u00bbsimple_ultimate\u00bb icon_size=\u00bbmedium\u00bb icon_location=\u00bbtop\u00bb icon_color=\u00bb#14a082&#8243; width=\u00bb1\/1&#8243; el_position=\u00bblast\u00bb]\n[\/mk_icon_box][\/vc_column][\/vc_row]\n<\/div>","protected":false},"excerpt":{"rendered":"<p>[vc_row][vc_column][vc_row_inner padding=\u00bb1&#8243;][vc_column_inner][mk_fancy_title tag_name=\u00bbh1&#8243; size=\u00bb32&#8243; font_weight=\u00bb900&#8243; margin_bottom=\u00bb20&#8243; font_family=\u00bbnone\u00bb] Para Todos [\/mk_fancy_title][\/vc_column_inner][vc_column_inner][vc_column_text]El servicio ARoglyph est\u00e1 actualmente disponible para todos los usuarios de un smartphone Android o iOS. Entre nuestros planes de futuro est\u00e1 el desarrollo de la versi\u00f3n para Windows Phone y una aplicaci\u00f3n de cliente basada en web para otras plataformas. El uso del servicio es [&hellip;]<\/p>\n","protected":false},"author":3,"featured_media":0,"parent":0,"menu_order":0,"comment_status":"open","ping_status":"open","template":"","meta":{"footnotes":""},"class_list":["post-6084","page","type-page","status-publish","hentry"],"yoast_head":"<!-- This site is optimized with the Yoast SEO plugin v27.3 - https:\/\/yoast.com\/product\/yoast-seo-wordpress\/ -->\n<title>Soluciones - ARoglyph<\/title>\n<meta name=\"description\" content=\"\u0414\u043e\u0434\u0430\u0442\u043a\u0438 ARoglyph \u0434\u043b\u044f \u0440\u0456\u0437\u043d\u0438\u0445 \u043f\u043b\u0430\u0442\u0444\u043e\u0440\u043c, \u0441\u0446\u0435\u043d\u0430\u0440\u0456\u0457 \u0432\u0438\u043a\u043e\u0440\u0438\u0441\u0442\u0430\u043d\u043d\u044f.\" \/>\n<meta name=\"robots\" content=\"index, follow, max-snippet:-1, max-image-preview:large, max-video-preview:-1\" \/>\n<link rel=\"canonical\" href=\"https:\/\/aroglyph.com\/es\/solutions\/\" \/>\n<meta property=\"og:locale\" content=\"es_ES\" \/>\n<meta property=\"og:type\" content=\"article\" \/>\n<meta property=\"og:title\" content=\"Soluciones - ARoglyph\" \/>\n<meta property=\"og:description\" content=\"\u0414\u043e\u0434\u0430\u0442\u043a\u0438 ARoglyph \u0434\u043b\u044f \u0440\u0456\u0437\u043d\u0438\u0445 \u043f\u043b\u0430\u0442\u0444\u043e\u0440\u043c, \u0441\u0446\u0435\u043d\u0430\u0440\u0456\u0457 \u0432\u0438\u043a\u043e\u0440\u0438\u0441\u0442\u0430\u043d\u043d\u044f.\" \/>\n<meta property=\"og:url\" content=\"https:\/\/aroglyph.com\/es\/solutions\/\" \/>\n<meta property=\"og:site_name\" content=\"ARoglyph\" \/>\n<meta property=\"article:publisher\" content=\"https:\/\/www.facebook.com\/ARoglyph\" \/>\n<meta property=\"article:modified_time\" content=\"2016-04-18T09:33:43+00:00\" \/>\n<meta property=\"og:image\" content=\"https:\/\/aroglyph.com\/es\/wp-content\/uploads\/sites\/3\/2015\/11\/aroglyph-sharing-es.png\" \/>\n\t<meta property=\"og:image:width\" content=\"1000\" \/>\n\t<meta property=\"og:image:height\" content=\"625\" \/>\n\t<meta property=\"og:image:type\" content=\"image\/png\" \/>\n<meta name=\"twitter:card\" content=\"summary_large_image\" \/>\n<meta name=\"twitter:site\" content=\"@aroglyph\" \/>\n<meta name=\"twitter:label1\" content=\"Tiempo de lectura\" \/>\n\t<meta name=\"twitter:data1\" content=\"2 minutos\" \/>\n<script type=\"application\/ld+json\" class=\"yoast-schema-graph\">{\"@context\":\"https:\\\/\\\/schema.org\",\"@graph\":[{\"@type\":\"WebPage\",\"@id\":\"https:\\\/\\\/aroglyph.com\\\/es\\\/solutions\\\/\",\"url\":\"https:\\\/\\\/aroglyph.com\\\/es\\\/solutions\\\/\",\"name\":\"Soluciones - ARoglyph\",\"isPartOf\":{\"@id\":\"https:\\\/\\\/aroglyph.com\\\/es\\\/#website\"},\"datePublished\":\"2015-05-25T06:24:36+00:00\",\"dateModified\":\"2016-04-18T09:33:43+00:00\",\"description\":\"\u0414\u043e\u0434\u0430\u0442\u043a\u0438 ARoglyph \u0434\u043b\u044f \u0440\u0456\u0437\u043d\u0438\u0445 \u043f\u043b\u0430\u0442\u0444\u043e\u0440\u043c, \u0441\u0446\u0435\u043d\u0430\u0440\u0456\u0457 \u0432\u0438\u043a\u043e\u0440\u0438\u0441\u0442\u0430\u043d\u043d\u044f.\",\"breadcrumb\":{\"@id\":\"https:\\\/\\\/aroglyph.com\\\/es\\\/solutions\\\/#breadcrumb\"},\"inLanguage\":\"es\",\"potentialAction\":[{\"@type\":\"ReadAction\",\"target\":[\"https:\\\/\\\/aroglyph.com\\\/es\\\/solutions\\\/\"]}]},{\"@type\":\"BreadcrumbList\",\"@id\":\"https:\\\/\\\/aroglyph.com\\\/es\\\/solutions\\\/#breadcrumb\",\"itemListElement\":[{\"@type\":\"ListItem\",\"position\":1,\"name\":\"Inicio\",\"item\":\"https:\\\/\\\/aroglyph.com\\\/es\\\/\"},{\"@type\":\"ListItem\",\"position\":2,\"name\":\"Soluciones\"}]},{\"@type\":\"WebSite\",\"@id\":\"https:\\\/\\\/aroglyph.com\\\/es\\\/#website\",\"url\":\"https:\\\/\\\/aroglyph.com\\\/es\\\/\",\"name\":\"ARoglyph\",\"description\":\"\",\"potentialAction\":[{\"@type\":\"SearchAction\",\"target\":{\"@type\":\"EntryPoint\",\"urlTemplate\":\"https:\\\/\\\/aroglyph.com\\\/es\\\/?s={search_term_string}\"},\"query-input\":{\"@type\":\"PropertyValueSpecification\",\"valueRequired\":true,\"valueName\":\"search_term_string\"}}],\"inLanguage\":\"es\"}]}<\/script>\n<!-- \/ Yoast SEO plugin. -->","yoast_head_json":{"title":"Soluciones - ARoglyph","description":"\u0414\u043e\u0434\u0430\u0442\u043a\u0438 ARoglyph \u0434\u043b\u044f \u0440\u0456\u0437\u043d\u0438\u0445 \u043f\u043b\u0430\u0442\u0444\u043e\u0440\u043c, \u0441\u0446\u0435\u043d\u0430\u0440\u0456\u0457 \u0432\u0438\u043a\u043e\u0440\u0438\u0441\u0442\u0430\u043d\u043d\u044f.","robots":{"index":"index","follow":"follow","max-snippet":"max-snippet:-1","max-image-preview":"max-image-preview:large","max-video-preview":"max-video-preview:-1"},"canonical":"https:\/\/aroglyph.com\/es\/solutions\/","og_locale":"es_ES","og_type":"article","og_title":"Soluciones - ARoglyph","og_description":"\u0414\u043e\u0434\u0430\u0442\u043a\u0438 ARoglyph \u0434\u043b\u044f \u0440\u0456\u0437\u043d\u0438\u0445 \u043f\u043b\u0430\u0442\u0444\u043e\u0440\u043c, \u0441\u0446\u0435\u043d\u0430\u0440\u0456\u0457 \u0432\u0438\u043a\u043e\u0440\u0438\u0441\u0442\u0430\u043d\u043d\u044f.","og_url":"https:\/\/aroglyph.com\/es\/solutions\/","og_site_name":"ARoglyph","article_publisher":"https:\/\/www.facebook.com\/ARoglyph","article_modified_time":"2016-04-18T09:33:43+00:00","og_image":[{"width":1000,"height":625,"url":"https:\/\/aroglyph.com\/es\/wp-content\/uploads\/sites\/3\/2015\/11\/aroglyph-sharing-es.png","type":"image\/png"}],"twitter_card":"summary_large_image","twitter_site":"@aroglyph","twitter_misc":{"Tiempo de lectura":"2 minutos"},"schema":{"@context":"https:\/\/schema.org","@graph":[{"@type":"WebPage","@id":"https:\/\/aroglyph.com\/es\/solutions\/","url":"https:\/\/aroglyph.com\/es\/solutions\/","name":"Soluciones - ARoglyph","isPartOf":{"@id":"https:\/\/aroglyph.com\/es\/#website"},"datePublished":"2015-05-25T06:24:36+00:00","dateModified":"2016-04-18T09:33:43+00:00","description":"\u0414\u043e\u0434\u0430\u0442\u043a\u0438 ARoglyph \u0434\u043b\u044f \u0440\u0456\u0437\u043d\u0438\u0445 \u043f\u043b\u0430\u0442\u0444\u043e\u0440\u043c, \u0441\u0446\u0435\u043d\u0430\u0440\u0456\u0457 \u0432\u0438\u043a\u043e\u0440\u0438\u0441\u0442\u0430\u043d\u043d\u044f.","breadcrumb":{"@id":"https:\/\/aroglyph.com\/es\/solutions\/#breadcrumb"},"inLanguage":"es","potentialAction":[{"@type":"ReadAction","target":["https:\/\/aroglyph.com\/es\/solutions\/"]}]},{"@type":"BreadcrumbList","@id":"https:\/\/aroglyph.com\/es\/solutions\/#breadcrumb","itemListElement":[{"@type":"ListItem","position":1,"name":"Inicio","item":"https:\/\/aroglyph.com\/es\/"},{"@type":"ListItem","position":2,"name":"Soluciones"}]},{"@type":"WebSite","@id":"https:\/\/aroglyph.com\/es\/#website","url":"https:\/\/aroglyph.com\/es\/","name":"ARoglyph","description":"","potentialAction":[{"@type":"SearchAction","target":{"@type":"EntryPoint","urlTemplate":"https:\/\/aroglyph.com\/es\/?s={search_term_string}"},"query-input":{"@type":"PropertyValueSpecification","valueRequired":true,"valueName":"search_term_string"}}],"inLanguage":"es"}]}},"_links":{"self":[{"href":"https:\/\/aroglyph.com\/es\/wp-json\/wp\/v2\/pages\/6084","targetHints":{"allow":["GET"]}}],"collection":[{"href":"https:\/\/aroglyph.com\/es\/wp-json\/wp\/v2\/pages"}],"about":[{"href":"https:\/\/aroglyph.com\/es\/wp-json\/wp\/v2\/types\/page"}],"author":[{"embeddable":true,"href":"https:\/\/aroglyph.com\/es\/wp-json\/wp\/v2\/users\/3"}],"replies":[{"embeddable":true,"href":"https:\/\/aroglyph.com\/es\/wp-json\/wp\/v2\/comments?post=6084"}],"version-history":[{"count":85,"href":"https:\/\/aroglyph.com\/es\/wp-json\/wp\/v2\/pages\/6084\/revisions"}],"predecessor-version":[{"id":7724,"href":"https:\/\/aroglyph.com\/es\/wp-json\/wp\/v2\/pages\/6084\/revisions\/7724"}],"wp:attachment":[{"href":"https:\/\/aroglyph.com\/es\/wp-json\/wp\/v2\/media?parent=6084"}],"curies":[{"name":"wp","href":"https:\/\/api.w.org\/{rel}","templated":true}]}}