{"id":6170,"date":"2015-05-25T08:57:23","date_gmt":"2015-05-25T08:57:23","guid":{"rendered":"http:\/\/aroglyphwp.azurewebsites.net\/?page_id=6170"},"modified":"2016-03-03T15:18:53","modified_gmt":"2016-03-03T15:18:53","slug":"usage-scenarios","status":"publish","type":"page","link":"https:\/\/aroglyph.com\/es\/usage-scenarios\/","title":{"rendered":"Escenarios de uso"},"content":{"rendered":"<div class=\"wpb-content-wrapper\">[mk_page_section min_height=\u00bb900&#8243; padding_top=\u00bb30&#8243; padding_bottom=\u00bb30&#8243; sidebar=\u00bbsidebar-1&#8243;][vc_column][vc_row_inner padding=\u00bb1&#8243;][vc_column_inner][vc_column_text]\n<p>Trabajamos de manera persistente para que, mediante ARoglyph, usted pueda tener a su disposici\u00f3n nuevos y emocionantes medios de comunicaci\u00f3n, as\u00ed que en esta secci\u00f3n encontrar\u00e1 algunos consejos de c\u00f3mo, utilizando ARoglyph, puede dar su opini\u00f3n, comunicar con los dem\u00e1s, o solucionar quehaceres diarios.<\/p>\n[\/vc_column_text][vc_column_text]\n[\/vc_column_text][vc_basic_grid post_type=\u00bbids\u00bb gap=\u00bb20&#8243; item=\u00bb6539&#8243; grid_id=\u00bbvc_gid:1440772392133-719b7286-e0e0-0&#8243; include=\u00bb6464, 6405, 6445, 6451, 6461, 6471, 6474, 6454, 7546, 7555, 7559, 7552, 7536, 7530, 7549, 7562, 7707, 7705, 7709, 7711, 7714&#8243;][\/vc_column_inner][\/vc_row_inner][\/vc_column][\/mk_page_section]\n<\/div>","protected":false},"excerpt":{"rendered":"<p>[mk_page_section min_height=\u00bb900&#8243; padding_top=\u00bb30&#8243; padding_bottom=\u00bb30&#8243; sidebar=\u00bbsidebar-1&#8243;][vc_column][vc_row_inner padding=\u00bb1&#8243;][vc_column_inner][vc_column_text] Trabajamos de manera persistente para que, mediante ARoglyph, usted pueda tener a su disposici\u00f3n nuevos y emocionantes medios de comunicaci\u00f3n, as\u00ed que en esta secci\u00f3n encontrar\u00e1 algunos consejos de c\u00f3mo, utilizando ARoglyph, puede dar su opini\u00f3n, comunicar con los dem\u00e1s, o solucionar quehaceres diarios. [\/vc_column_text][vc_column_text] [\/vc_column_text][vc_basic_grid post_type=\u00bbids\u00bb gap=\u00bb20&#8243; item=\u00bb6539&#8243; [&hellip;]<\/p>\n","protected":false},"author":3,"featured_media":0,"parent":0,"menu_order":0,"comment_status":"open","ping_status":"open","template":"","meta":{"footnotes":""},"class_list":["post-6170","page","type-page","status-publish","hentry"],"yoast_head":"<!-- This site is optimized with the Yoast SEO plugin v27.4 - https:\/\/yoast.com\/product\/yoast-seo-wordpress\/ -->\n<title>Escenarios de uso - ARoglyph<\/title>\n<meta name=\"robots\" content=\"index, follow, max-snippet:-1, max-image-preview:large, max-video-preview:-1\" \/>\n<link rel=\"canonical\" href=\"https:\/\/aroglyph.com\/es\/usage-scenarios\/\" \/>\n<meta property=\"og:locale\" content=\"es_ES\" \/>\n<meta property=\"og:type\" content=\"article\" \/>\n<meta property=\"og:title\" content=\"Escenarios de uso - ARoglyph\" \/>\n<meta property=\"og:description\" content=\"[mk_page_section min_height=\u00bb900&#8243; padding_top=\u00bb30&#8243; padding_bottom=\u00bb30&#8243; sidebar=\u00bbsidebar-1&#8243;][vc_column][vc_row_inner padding=\u00bb1&#8243;][vc_column_inner][vc_column_text] Trabajamos de manera persistente para que, mediante ARoglyph, usted pueda tener a su disposici\u00f3n nuevos y emocionantes medios de comunicaci\u00f3n, as\u00ed que en esta secci\u00f3n encontrar\u00e1 algunos consejos de c\u00f3mo, utilizando ARoglyph, puede dar su opini\u00f3n, comunicar con los dem\u00e1s, o solucionar quehaceres diarios. [\/vc_column_text][vc_column_text] [\/vc_column_text][vc_basic_grid post_type=\u00bbids\u00bb gap=\u00bb20&#8243; item=\u00bb6539&#8243; [&hellip;]\" \/>\n<meta property=\"og:url\" content=\"https:\/\/aroglyph.com\/es\/usage-scenarios\/\" \/>\n<meta property=\"og:site_name\" content=\"ARoglyph\" \/>\n<meta property=\"article:publisher\" content=\"https:\/\/www.facebook.com\/ARoglyph\" \/>\n<meta property=\"article:modified_time\" content=\"2016-03-03T15:18:53+00:00\" \/>\n<meta property=\"og:image\" content=\"https:\/\/aroglyph.com\/es\/wp-content\/uploads\/sites\/3\/2015\/11\/aroglyph-sharing-es.png\" \/>\n\t<meta property=\"og:image:width\" content=\"1000\" \/>\n\t<meta property=\"og:image:height\" content=\"625\" \/>\n\t<meta property=\"og:image:type\" content=\"image\/png\" \/>\n<meta name=\"twitter:card\" content=\"summary_large_image\" \/>\n<meta name=\"twitter:site\" content=\"@aroglyph\" \/>\n<meta name=\"twitter:label1\" content=\"Tiempo de lectura\" \/>\n\t<meta name=\"twitter:data1\" content=\"1 minuto\" \/>\n<script type=\"application\/ld+json\" class=\"yoast-schema-graph\">{\"@context\":\"https:\\\/\\\/schema.org\",\"@graph\":[{\"@type\":\"WebPage\",\"@id\":\"https:\\\/\\\/aroglyph.com\\\/es\\\/usage-scenarios\\\/\",\"url\":\"https:\\\/\\\/aroglyph.com\\\/es\\\/usage-scenarios\\\/\",\"name\":\"Escenarios de uso - ARoglyph\",\"isPartOf\":{\"@id\":\"https:\\\/\\\/aroglyph.com\\\/es\\\/#website\"},\"datePublished\":\"2015-05-25T08:57:23+00:00\",\"dateModified\":\"2016-03-03T15:18:53+00:00\",\"breadcrumb\":{\"@id\":\"https:\\\/\\\/aroglyph.com\\\/es\\\/usage-scenarios\\\/#breadcrumb\"},\"inLanguage\":\"es\",\"potentialAction\":[{\"@type\":\"ReadAction\",\"target\":[\"https:\\\/\\\/aroglyph.com\\\/es\\\/usage-scenarios\\\/\"]}]},{\"@type\":\"BreadcrumbList\",\"@id\":\"https:\\\/\\\/aroglyph.com\\\/es\\\/usage-scenarios\\\/#breadcrumb\",\"itemListElement\":[{\"@type\":\"ListItem\",\"position\":1,\"name\":\"Inicio\",\"item\":\"https:\\\/\\\/aroglyph.com\\\/es\\\/\"},{\"@type\":\"ListItem\",\"position\":2,\"name\":\"Escenarios de uso\"}]},{\"@type\":\"WebSite\",\"@id\":\"https:\\\/\\\/aroglyph.com\\\/es\\\/#website\",\"url\":\"https:\\\/\\\/aroglyph.com\\\/es\\\/\",\"name\":\"ARoglyph\",\"description\":\"\",\"potentialAction\":[{\"@type\":\"SearchAction\",\"target\":{\"@type\":\"EntryPoint\",\"urlTemplate\":\"https:\\\/\\\/aroglyph.com\\\/es\\\/?s={search_term_string}\"},\"query-input\":{\"@type\":\"PropertyValueSpecification\",\"valueRequired\":true,\"valueName\":\"search_term_string\"}}],\"inLanguage\":\"es\"}]}<\/script>\n<!-- \/ Yoast SEO plugin. -->","yoast_head_json":{"title":"Escenarios de uso - ARoglyph","robots":{"index":"index","follow":"follow","max-snippet":"max-snippet:-1","max-image-preview":"max-image-preview:large","max-video-preview":"max-video-preview:-1"},"canonical":"https:\/\/aroglyph.com\/es\/usage-scenarios\/","og_locale":"es_ES","og_type":"article","og_title":"Escenarios de uso - ARoglyph","og_description":"[mk_page_section min_height=\u00bb900&#8243; padding_top=\u00bb30&#8243; padding_bottom=\u00bb30&#8243; sidebar=\u00bbsidebar-1&#8243;][vc_column][vc_row_inner padding=\u00bb1&#8243;][vc_column_inner][vc_column_text] Trabajamos de manera persistente para que, mediante ARoglyph, usted pueda tener a su disposici\u00f3n nuevos y emocionantes medios de comunicaci\u00f3n, as\u00ed que en esta secci\u00f3n encontrar\u00e1 algunos consejos de c\u00f3mo, utilizando ARoglyph, puede dar su opini\u00f3n, comunicar con los dem\u00e1s, o solucionar quehaceres diarios. [\/vc_column_text][vc_column_text] [\/vc_column_text][vc_basic_grid post_type=\u00bbids\u00bb gap=\u00bb20&#8243; item=\u00bb6539&#8243; [&hellip;]","og_url":"https:\/\/aroglyph.com\/es\/usage-scenarios\/","og_site_name":"ARoglyph","article_publisher":"https:\/\/www.facebook.com\/ARoglyph","article_modified_time":"2016-03-03T15:18:53+00:00","og_image":[{"width":1000,"height":625,"url":"https:\/\/aroglyph.com\/es\/wp-content\/uploads\/sites\/3\/2015\/11\/aroglyph-sharing-es.png","type":"image\/png"}],"twitter_card":"summary_large_image","twitter_site":"@aroglyph","twitter_misc":{"Tiempo de lectura":"1 minuto"},"schema":{"@context":"https:\/\/schema.org","@graph":[{"@type":"WebPage","@id":"https:\/\/aroglyph.com\/es\/usage-scenarios\/","url":"https:\/\/aroglyph.com\/es\/usage-scenarios\/","name":"Escenarios de uso - ARoglyph","isPartOf":{"@id":"https:\/\/aroglyph.com\/es\/#website"},"datePublished":"2015-05-25T08:57:23+00:00","dateModified":"2016-03-03T15:18:53+00:00","breadcrumb":{"@id":"https:\/\/aroglyph.com\/es\/usage-scenarios\/#breadcrumb"},"inLanguage":"es","potentialAction":[{"@type":"ReadAction","target":["https:\/\/aroglyph.com\/es\/usage-scenarios\/"]}]},{"@type":"BreadcrumbList","@id":"https:\/\/aroglyph.com\/es\/usage-scenarios\/#breadcrumb","itemListElement":[{"@type":"ListItem","position":1,"name":"Inicio","item":"https:\/\/aroglyph.com\/es\/"},{"@type":"ListItem","position":2,"name":"Escenarios de uso"}]},{"@type":"WebSite","@id":"https:\/\/aroglyph.com\/es\/#website","url":"https:\/\/aroglyph.com\/es\/","name":"ARoglyph","description":"","potentialAction":[{"@type":"SearchAction","target":{"@type":"EntryPoint","urlTemplate":"https:\/\/aroglyph.com\/es\/?s={search_term_string}"},"query-input":{"@type":"PropertyValueSpecification","valueRequired":true,"valueName":"search_term_string"}}],"inLanguage":"es"}]}},"_links":{"self":[{"href":"https:\/\/aroglyph.com\/es\/wp-json\/wp\/v2\/pages\/6170","targetHints":{"allow":["GET"]}}],"collection":[{"href":"https:\/\/aroglyph.com\/es\/wp-json\/wp\/v2\/pages"}],"about":[{"href":"https:\/\/aroglyph.com\/es\/wp-json\/wp\/v2\/types\/page"}],"author":[{"embeddable":true,"href":"https:\/\/aroglyph.com\/es\/wp-json\/wp\/v2\/users\/3"}],"replies":[{"embeddable":true,"href":"https:\/\/aroglyph.com\/es\/wp-json\/wp\/v2\/comments?post=6170"}],"version-history":[{"count":37,"href":"https:\/\/aroglyph.com\/es\/wp-json\/wp\/v2\/pages\/6170\/revisions"}],"predecessor-version":[{"id":6172,"href":"https:\/\/aroglyph.com\/es\/wp-json\/wp\/v2\/pages\/6170\/revisions\/6172"}],"wp:attachment":[{"href":"https:\/\/aroglyph.com\/es\/wp-json\/wp\/v2\/media?parent=6170"}],"curies":[{"name":"wp","href":"https:\/\/api.w.org\/{rel}","templated":true}]}}