{"id":6316,"date":"2015-05-26T08:00:45","date_gmt":"2015-05-26T08:00:45","guid":{"rendered":"http:\/\/aroglyphwp.azurewebsites.net\/?page_id=6316"},"modified":"2015-08-28T07:59:36","modified_gmt":"2015-08-28T07:59:36","slug":"partners","status":"publish","type":"page","link":"https:\/\/aroglyph.com\/es\/partners\/","title":{"rendered":"Socios"},"content":{"rendered":"<div class=\"wpb-content-wrapper\">[vc_row][vc_column width=\u00bb1\/1&#8243; css=\u00bb.vc_custom_1432540474693{padding-top: 0px !important;padding-bottom: 120px !important;}\u00bb][vc_row_inner attached=\u00bbfalse\u00bb padding=\u00bb1&#8243;][vc_column_inner width=\u00bb1\/1&#8243;][mk_fancy_title tag_name=\u00bbh1&#8243; style=\u00bbfalse\u00bb color=\u00bb#393836&#8243; size=\u00bb32&#8243; font_weight=\u00bb900&#8243; font_style=\u00bbinhert\u00bb letter_spacing=\u00bb0&#8243; margin_top=\u00bb0&#8243; margin_bottom=\u00bb20&#8243; font_family=\u00bbnone\u00bb align=\u00bbleft\u00bb]\n<p>Socios<\/p>\n[\/mk_fancy_title][\/vc_column_inner][vc_column_inner width=\u00bb1\/3&#8243; css=\u00bb.vc_custom_1432728216129{margin-bottom: 20px !important;}\u00bb][mk_flipbox flip_direction=\u00bbhorizontal\u00bb front_background_color=\u00bb#f5f5f5&#8243; back_background_color=\u00bb#036c76&#8243; min_height=\u00bb300&#8243; icon_type=\u00bbimage\u00bb image=\u00bbhttps:\/\/aroglyph.com\/wp-content\/uploads\/2015\/05\/eldos-logo.png\u00bb icon=\u00bbmk-li-smile\u00bb icon_size=\u00bb16&#8243; front_title=\u00bbEldoS Corporation\u00bb front_title_size=\u00bb20&#8243; front_title_color=\u00bb#444444&#8243; back_title_size=\u00bb20&#8243; back_title_color=\u00bb#ffffff\u00bb font_weight=\u00bbinherit\u00bb front_desc_size=\u00bb20&#8243; back_desc_size=\u00bb20&#8243; button_text_skin=\u00bblight\u00bb back_desc_color=\u00bb#ffffff\u00bb back_title=\u00bbEldoS Corporation ha aportado la financiaci\u00f3n de inversi\u00f3n para el proyecto. \u00ab][\/vc_column_inner][vc_column_inner width=\u00bb1\/3&#8243; css=\u00bb.vc_custom_1432728221380{margin-bottom: 20px !important;}\u00bb][mk_flipbox flip_direction=\u00bbhorizontal\u00bb front_background_color=\u00bb#f5f5f5&#8243; back_background_color=\u00bb#160266&#8243; min_height=\u00bb300&#8243; icon_type=\u00bbimage\u00bb image=\u00bbhttps:\/\/aroglyph.com\/wp-content\/uploads\/2015\/05\/digsee-logo.png\u00bb icon=\u00bbmk-li-smile\u00bb icon_size=\u00bb16&#8243; front_title=\u00bbDigsee\u00bb front_title_size=\u00bb20&#8243; front_title_color=\u00bb#444444&#8243; back_title_size=\u00bb20&#8243; back_title_color=\u00bb#ffffff\u00bb font_weight=\u00bbinherit\u00bb front_desc_size=\u00bb20&#8243; back_desc_size=\u00bb16&#8243; back_desc_color=\u00bb#ffffff\u00bb button_text_skin=\u00bblight\u00bb back_title=\u00bbDigSee facilit\u00f3 el espacio de oficina para ARoglyph Inc. Como experto en el \u00e1rea de servicios GPS, as\u00ed como de servicios a plataformas m\u00f3viles con actividad de red, provee asesoramiento y experiencia en relaci\u00f3n al proyecto. \u00ab][\/vc_column_inner][vc_column_inner width=\u00bb1\/1&#8243; css=\u00bb.vc_custom_1440748822576{margin-bottom: 20px !important;}\u00bb]\n[\/vc_column_inner][vc_column_inner width=\u00bb1\/4&#8243; css=\u00bb.vc_custom_1432728231914{margin-bottom: 20px !important;}\u00bb][mk_flipbox flip_direction=\u00bbhorizontal\u00bb front_background_color=\u00bb#f5f5f5&#8243; back_background_color=\u00bb#f5f5f5&#8243; min_height=\u00bb200&#8243; icon_type=\u00bbimage\u00bb image=\u00bbhttps:\/\/aroglyph.com\/wp-content\/uploads\/2015\/05\/splainers-logo.png\u00bb icon=\u00bbmk-li-smile\u00bb icon_size=\u00bb16&#8243; front_title=\u00bbSplainers\u00bb front_title_size=\u00bb20&#8243; back_title=\u00bbVideo explicativo de la creaci\u00f3n del servicio\u00bb back_title_size=\u00bb20&#8243; font_weight=\u00bbinherit\u00bb front_desc_size=\u00bb20&#8243; back_desc_size=\u00bb20&#8243; button_text_skin=\u00bblight\u00bb][\/vc_column_inner][vc_column_inner width=\u00bb1\/4&#8243; css=\u00bb.vc_custom_1432728235608{margin-bottom: 20px !important;}\u00bb][mk_flipbox flip_direction=\u00bbhorizontal\u00bb front_background_color=\u00bb#f5f5f5&#8243; back_background_color=\u00bb#f5f5f5&#8243; min_height=\u00bb200&#8243; icon_type=\u00bbimage\u00bb image=\u00bbhttps:\/\/aroglyph.com\/wp-content\/uploads\/2015\/05\/learnpeaks-logo1.png\u00bb icon=\u00bbmk-li-smile\u00bb icon_size=\u00bb16&#8243; front_title=\u00bbLearnPeaks\u00bb front_title_size=\u00bb20&#8243; back_title=\u00bbTecnolog\u00edas de la Realidad Aumentada y Visi\u00f3n por Ordenador\u00bb back_title_size=\u00bb20&#8243; font_weight=\u00bbinherit\u00bb front_desc_size=\u00bb20&#8243; back_desc_size=\u00bb20&#8243; button_text_skin=\u00bblight\u00bb][\/vc_column_inner][vc_column_inner width=\u00bb1\/4&#8243; css=\u00bb.vc_custom_1432728242517{margin-bottom: 20px !important;}\u00bb][mk_flipbox flip_direction=\u00bbhorizontal\u00bb front_background_color=\u00bb#f5f5f5&#8243; back_background_color=\u00bb#f5f5f5&#8243; min_height=\u00bb200&#8243; icon_type=\u00bbicon\u00bb image=\u00bbhttps:\/\/aroglyph.com\/wp-content\/uploads\/2015\/05\/windows-azure-logo.png\u00bb icon=\u00bbmk-li-user\u00bb icon_size=\u00bb64&#8243; icon_color=\u00bb#444444&#8243; front_title=\u00bbOleh Afonin\u00bb front_title_size=\u00bb20&#8243; back_title=\u00bbServicios de escritura creativa\u00bb back_title_size=\u00bb20&#8243; font_weight=\u00bbinherit\u00bb front_desc_size=\u00bb20&#8243; back_desc_size=\u00bb20&#8243; button_text_skin=\u00bblight\u00bb][\/vc_column_inner][vc_column_inner width=\u00bb1\/4&#8243;][mk_flipbox flip_direction=\u00bbhorizontal\u00bb front_background_color=\u00bb#f5f5f5&#8243; back_background_color=\u00bb#f5f5f5&#8243; min_height=\u00bb200&#8243; icon_type=\u00bbimage\u00bb image=\u00bbhttps:\/\/aroglyph.com\/wp-content\/uploads\/2015\/05\/windows-azure-logo.png\u00bb icon=\u00bbmk-li-smile\u00bb icon_size=\u00bb16&#8243; front_title=\u00bbWindows Azure\u00bb front_title_size=\u00bb20&#8243; back_title=\u00bbPlataforma base\u00bb back_title_size=\u00bb20&#8243; font_weight=\u00bbinherit\u00bb front_desc_size=\u00bb20&#8243; back_desc_size=\u00bb20&#8243; button_text_skin=\u00bblight\u00bb][\/vc_column_inner][\/vc_row_inner][\/vc_column][\/vc_row]\n<\/div>","protected":false},"excerpt":{"rendered":"<p>[vc_row][vc_column width=\u00bb1\/1&#8243; css=\u00bb.vc_custom_1432540474693{padding-top: 0px !important;padding-bottom: 120px !important;}\u00bb][vc_row_inner attached=\u00bbfalse\u00bb padding=\u00bb1&#8243;][vc_column_inner width=\u00bb1\/1&#8243;][mk_fancy_title tag_name=\u00bbh1&#8243; style=\u00bbfalse\u00bb color=\u00bb#393836&#8243; size=\u00bb32&#8243; font_weight=\u00bb900&#8243; font_style=\u00bbinhert\u00bb letter_spacing=\u00bb0&#8243; margin_top=\u00bb0&#8243; margin_bottom=\u00bb20&#8243; font_family=\u00bbnone\u00bb align=\u00bbleft\u00bb] Socios [\/mk_fancy_title][\/vc_column_inner][vc_column_inner width=\u00bb1\/3&#8243; css=\u00bb.vc_custom_1432728216129{margin-bottom: 20px !important;}\u00bb][mk_flipbox flip_direction=\u00bbhorizontal\u00bb front_background_color=\u00bb#f5f5f5&#8243; back_background_color=\u00bb#036c76&#8243; min_height=\u00bb300&#8243; icon_type=\u00bbimage\u00bb image=\u00bbhttps:\/\/aroglyph.com\/wp-content\/uploads\/2015\/05\/eldos-logo.png\u00bb icon=\u00bbmk-li-smile\u00bb icon_size=\u00bb16&#8243; front_title=\u00bbEldoS Corporation\u00bb front_title_size=\u00bb20&#8243; front_title_color=\u00bb#444444&#8243; back_title_size=\u00bb20&#8243; back_title_color=\u00bb#ffffff\u00bb font_weight=\u00bbinherit\u00bb front_desc_size=\u00bb20&#8243; back_desc_size=\u00bb20&#8243; button_text_skin=\u00bblight\u00bb back_desc_color=\u00bb#ffffff\u00bb back_title=\u00bbEldoS Corporation ha aportado la financiaci\u00f3n de inversi\u00f3n para [&hellip;]<\/p>\n","protected":false},"author":3,"featured_media":0,"parent":0,"menu_order":0,"comment_status":"open","ping_status":"open","template":"","meta":{"footnotes":""},"class_list":["post-6316","page","type-page","status-publish","hentry"],"yoast_head":"<!-- This site is optimized with the Yoast SEO plugin v27.3 - https:\/\/yoast.com\/product\/yoast-seo-wordpress\/ -->\n<title>Socios - ARoglyph<\/title>\n<meta name=\"robots\" content=\"index, follow, max-snippet:-1, max-image-preview:large, max-video-preview:-1\" \/>\n<link rel=\"canonical\" href=\"https:\/\/aroglyph.com\/es\/partners\/\" \/>\n<meta property=\"og:locale\" content=\"es_ES\" \/>\n<meta property=\"og:type\" content=\"article\" \/>\n<meta property=\"og:title\" content=\"Socios - ARoglyph\" \/>\n<meta property=\"og:description\" content=\"[vc_row][vc_column width=\u00bb1\/1&#8243; css=\u00bb.vc_custom_1432540474693{padding-top: 0px !important;padding-bottom: 120px !important;}\u00bb][vc_row_inner attached=\u00bbfalse\u00bb padding=\u00bb1&#8243;][vc_column_inner width=\u00bb1\/1&#8243;][mk_fancy_title tag_name=\u00bbh1&#8243; style=\u00bbfalse\u00bb color=\u00bb#393836&#8243; size=\u00bb32&#8243; font_weight=\u00bb900&#8243; font_style=\u00bbinhert\u00bb letter_spacing=\u00bb0&#8243; margin_top=\u00bb0&#8243; margin_bottom=\u00bb20&#8243; font_family=\u00bbnone\u00bb align=\u00bbleft\u00bb] Socios [\/mk_fancy_title][\/vc_column_inner][vc_column_inner width=\u00bb1\/3&#8243; css=\u00bb.vc_custom_1432728216129{margin-bottom: 20px !important;}\u00bb][mk_flipbox flip_direction=\u00bbhorizontal\u00bb front_background_color=\u00bb#f5f5f5&#8243; back_background_color=\u00bb#036c76&#8243; min_height=\u00bb300&#8243; icon_type=\u00bbimage\u00bb image=\u00bbhttps:\/\/aroglyph.com\/wp-content\/uploads\/2015\/05\/eldos-logo.png\u00bb icon=\u00bbmk-li-smile\u00bb icon_size=\u00bb16&#8243; front_title=\u00bbEldoS Corporation\u00bb front_title_size=\u00bb20&#8243; front_title_color=\u00bb#444444&#8243; back_title_size=\u00bb20&#8243; back_title_color=\u00bb#ffffff\u00bb font_weight=\u00bbinherit\u00bb front_desc_size=\u00bb20&#8243; back_desc_size=\u00bb20&#8243; button_text_skin=\u00bblight\u00bb back_desc_color=\u00bb#ffffff\u00bb back_title=\u00bbEldoS Corporation ha aportado la financiaci\u00f3n de inversi\u00f3n para [&hellip;]\" \/>\n<meta property=\"og:url\" content=\"https:\/\/aroglyph.com\/es\/partners\/\" \/>\n<meta property=\"og:site_name\" content=\"ARoglyph\" \/>\n<meta property=\"article:publisher\" content=\"https:\/\/www.facebook.com\/ARoglyph\" \/>\n<meta property=\"article:modified_time\" content=\"2015-08-28T07:59:36+00:00\" \/>\n<meta property=\"og:image\" content=\"https:\/\/aroglyph.com\/es\/wp-content\/uploads\/sites\/3\/2015\/11\/aroglyph-sharing-es.png\" \/>\n\t<meta property=\"og:image:width\" content=\"1000\" \/>\n\t<meta property=\"og:image:height\" content=\"625\" \/>\n\t<meta property=\"og:image:type\" content=\"image\/png\" \/>\n<meta name=\"twitter:card\" content=\"summary_large_image\" \/>\n<meta name=\"twitter:site\" content=\"@aroglyph\" \/>\n<meta name=\"twitter:label1\" content=\"Tiempo de lectura\" \/>\n\t<meta name=\"twitter:data1\" content=\"3 minutos\" \/>\n<script type=\"application\/ld+json\" class=\"yoast-schema-graph\">{\"@context\":\"https:\\\/\\\/schema.org\",\"@graph\":[{\"@type\":\"WebPage\",\"@id\":\"https:\\\/\\\/aroglyph.com\\\/es\\\/partners\\\/\",\"url\":\"https:\\\/\\\/aroglyph.com\\\/es\\\/partners\\\/\",\"name\":\"Socios - ARoglyph\",\"isPartOf\":{\"@id\":\"https:\\\/\\\/aroglyph.com\\\/es\\\/#website\"},\"datePublished\":\"2015-05-26T08:00:45+00:00\",\"dateModified\":\"2015-08-28T07:59:36+00:00\",\"breadcrumb\":{\"@id\":\"https:\\\/\\\/aroglyph.com\\\/es\\\/partners\\\/#breadcrumb\"},\"inLanguage\":\"es\",\"potentialAction\":[{\"@type\":\"ReadAction\",\"target\":[\"https:\\\/\\\/aroglyph.com\\\/es\\\/partners\\\/\"]}]},{\"@type\":\"BreadcrumbList\",\"@id\":\"https:\\\/\\\/aroglyph.com\\\/es\\\/partners\\\/#breadcrumb\",\"itemListElement\":[{\"@type\":\"ListItem\",\"position\":1,\"name\":\"Inicio\",\"item\":\"https:\\\/\\\/aroglyph.com\\\/es\\\/\"},{\"@type\":\"ListItem\",\"position\":2,\"name\":\"Socios\"}]},{\"@type\":\"WebSite\",\"@id\":\"https:\\\/\\\/aroglyph.com\\\/es\\\/#website\",\"url\":\"https:\\\/\\\/aroglyph.com\\\/es\\\/\",\"name\":\"ARoglyph\",\"description\":\"\",\"potentialAction\":[{\"@type\":\"SearchAction\",\"target\":{\"@type\":\"EntryPoint\",\"urlTemplate\":\"https:\\\/\\\/aroglyph.com\\\/es\\\/?s={search_term_string}\"},\"query-input\":{\"@type\":\"PropertyValueSpecification\",\"valueRequired\":true,\"valueName\":\"search_term_string\"}}],\"inLanguage\":\"es\"}]}<\/script>\n<!-- \/ Yoast SEO plugin. -->","yoast_head_json":{"title":"Socios - ARoglyph","robots":{"index":"index","follow":"follow","max-snippet":"max-snippet:-1","max-image-preview":"max-image-preview:large","max-video-preview":"max-video-preview:-1"},"canonical":"https:\/\/aroglyph.com\/es\/partners\/","og_locale":"es_ES","og_type":"article","og_title":"Socios - ARoglyph","og_description":"[vc_row][vc_column width=\u00bb1\/1&#8243; css=\u00bb.vc_custom_1432540474693{padding-top: 0px !important;padding-bottom: 120px !important;}\u00bb][vc_row_inner attached=\u00bbfalse\u00bb padding=\u00bb1&#8243;][vc_column_inner width=\u00bb1\/1&#8243;][mk_fancy_title tag_name=\u00bbh1&#8243; style=\u00bbfalse\u00bb color=\u00bb#393836&#8243; size=\u00bb32&#8243; font_weight=\u00bb900&#8243; font_style=\u00bbinhert\u00bb letter_spacing=\u00bb0&#8243; margin_top=\u00bb0&#8243; margin_bottom=\u00bb20&#8243; font_family=\u00bbnone\u00bb align=\u00bbleft\u00bb] Socios [\/mk_fancy_title][\/vc_column_inner][vc_column_inner width=\u00bb1\/3&#8243; css=\u00bb.vc_custom_1432728216129{margin-bottom: 20px !important;}\u00bb][mk_flipbox flip_direction=\u00bbhorizontal\u00bb front_background_color=\u00bb#f5f5f5&#8243; back_background_color=\u00bb#036c76&#8243; min_height=\u00bb300&#8243; icon_type=\u00bbimage\u00bb image=\u00bbhttps:\/\/aroglyph.com\/wp-content\/uploads\/2015\/05\/eldos-logo.png\u00bb icon=\u00bbmk-li-smile\u00bb icon_size=\u00bb16&#8243; front_title=\u00bbEldoS Corporation\u00bb front_title_size=\u00bb20&#8243; front_title_color=\u00bb#444444&#8243; back_title_size=\u00bb20&#8243; back_title_color=\u00bb#ffffff\u00bb font_weight=\u00bbinherit\u00bb front_desc_size=\u00bb20&#8243; back_desc_size=\u00bb20&#8243; button_text_skin=\u00bblight\u00bb back_desc_color=\u00bb#ffffff\u00bb back_title=\u00bbEldoS Corporation ha aportado la financiaci\u00f3n de inversi\u00f3n para [&hellip;]","og_url":"https:\/\/aroglyph.com\/es\/partners\/","og_site_name":"ARoglyph","article_publisher":"https:\/\/www.facebook.com\/ARoglyph","article_modified_time":"2015-08-28T07:59:36+00:00","og_image":[{"width":1000,"height":625,"url":"https:\/\/aroglyph.com\/es\/wp-content\/uploads\/sites\/3\/2015\/11\/aroglyph-sharing-es.png","type":"image\/png"}],"twitter_card":"summary_large_image","twitter_site":"@aroglyph","twitter_misc":{"Tiempo de lectura":"3 minutos"},"schema":{"@context":"https:\/\/schema.org","@graph":[{"@type":"WebPage","@id":"https:\/\/aroglyph.com\/es\/partners\/","url":"https:\/\/aroglyph.com\/es\/partners\/","name":"Socios - ARoglyph","isPartOf":{"@id":"https:\/\/aroglyph.com\/es\/#website"},"datePublished":"2015-05-26T08:00:45+00:00","dateModified":"2015-08-28T07:59:36+00:00","breadcrumb":{"@id":"https:\/\/aroglyph.com\/es\/partners\/#breadcrumb"},"inLanguage":"es","potentialAction":[{"@type":"ReadAction","target":["https:\/\/aroglyph.com\/es\/partners\/"]}]},{"@type":"BreadcrumbList","@id":"https:\/\/aroglyph.com\/es\/partners\/#breadcrumb","itemListElement":[{"@type":"ListItem","position":1,"name":"Inicio","item":"https:\/\/aroglyph.com\/es\/"},{"@type":"ListItem","position":2,"name":"Socios"}]},{"@type":"WebSite","@id":"https:\/\/aroglyph.com\/es\/#website","url":"https:\/\/aroglyph.com\/es\/","name":"ARoglyph","description":"","potentialAction":[{"@type":"SearchAction","target":{"@type":"EntryPoint","urlTemplate":"https:\/\/aroglyph.com\/es\/?s={search_term_string}"},"query-input":{"@type":"PropertyValueSpecification","valueRequired":true,"valueName":"search_term_string"}}],"inLanguage":"es"}]}},"_links":{"self":[{"href":"https:\/\/aroglyph.com\/es\/wp-json\/wp\/v2\/pages\/6316","targetHints":{"allow":["GET"]}}],"collection":[{"href":"https:\/\/aroglyph.com\/es\/wp-json\/wp\/v2\/pages"}],"about":[{"href":"https:\/\/aroglyph.com\/es\/wp-json\/wp\/v2\/types\/page"}],"author":[{"embeddable":true,"href":"https:\/\/aroglyph.com\/es\/wp-json\/wp\/v2\/users\/3"}],"replies":[{"embeddable":true,"href":"https:\/\/aroglyph.com\/es\/wp-json\/wp\/v2\/comments?post=6316"}],"version-history":[{"count":41,"href":"https:\/\/aroglyph.com\/es\/wp-json\/wp\/v2\/pages\/6316\/revisions"}],"predecessor-version":[{"id":7510,"href":"https:\/\/aroglyph.com\/es\/wp-json\/wp\/v2\/pages\/6316\/revisions\/7510"}],"wp:attachment":[{"href":"https:\/\/aroglyph.com\/es\/wp-json\/wp\/v2\/media?parent=6316"}],"curies":[{"name":"wp","href":"https:\/\/api.w.org\/{rel}","templated":true}]}}