{"id":6445,"date":"2015-05-26T12:29:36","date_gmt":"2015-05-26T12:29:36","guid":{"rendered":"http:\/\/aroglyphwp.azurewebsites.net\/?page_id=6445"},"modified":"2015-12-28T19:43:37","modified_gmt":"2015-12-28T19:43:37","slug":"mother-nature","status":"publish","type":"page","link":"https:\/\/aroglyph.com\/es\/usage-scenarios\/mother-nature\/","title":{"rendered":"La Madre Naturaleza"},"content":{"rendered":"<div class=\"wpb-content-wrapper\">[mk_page_section bg_image=\u00bbhttps:\/\/aroglyph.com\/uk\/wp-content\/uploads\/sites\/2\/2015\/05\/mother-nature1.jpg\u00bb attachment=\u00bbfixed\u00bb bg_position=\u00bbcenter top\u00bb bg_repeat=\u00bbno-repeat\u00bb bg_stretch=\u00bbtrue\u00bb enable_3d=\u00bbtrue\u00bb gr_end=\u00bb#1e73be\u00bb min_height=\u00bb0&#8243; padding_top=\u00bb550&#8243; padding_bottom=\u00bb60&#8243; sidebar=\u00bbsidebar-1&#8243;][vc_column][mk_fancy_title color=\u00bb#ffffff\u00bb size=\u00bb50&#8243; font_weight=\u00bbbold\u00bb font_style=\u00bbnormal\u00bb txt_transform=\u00bbuppercase\u00bb margin_bottom=\u00bb0&#8243; font_family=\u00bbnone\u00bb align=\u00bbcenter\u00bb]\n<p><span style=\"text-shadow: 0 3px 25px rgba(0,0,0,.9);\">La Madre Naturaleza<\/span><\/p>\n[\/mk_fancy_title][\/vc_column][\/mk_page_section][vc_row fullwidth=\u00bbtrue\u00bb][vc_column][mk_divider style=\u00bbthin_solid\u00bb border_color=\u00bb#14a082&#8243; thickness=\u00bb4&#8243; margin_top=\u00bb0&#8243; margin_bottom=\u00bb50&#8243;][\/vc_column][\/vc_row][vc_row][vc_column][vc_column_text]\n<p><em>\u00bfEs una de estas personas afortunadas que vive al lado de un gran parque y est\u00e1 a punto de invitar a sus amigos a casa? Si nunca han estado en el lugar, tendr\u00e1n problemas para encontrarlo. Tanto si organiza una fiesta como un picnic, reunir a la gente es m\u00e1s f\u00e1cil con ARoglyph. <\/em><\/p>\n[\/vc_column_text][vc_column_text disable_pattern=\u00bbfalse\u00bb]\n<p>Imagine que tiene una fiesta en un parque y que para llegar all\u00ed necesita andar una hora girando continuamente de izquierda a derecha y al rev\u00e9s, y luego otra hora subiendo y bajando. Aunque usted sepa exactamente d\u00f3nde est\u00e1 el merendero y c\u00f3mo encontrarlo, \u00bfpuede decir lo mismo de todas aquellas personas a las que ha invitado? Los planos impresos no siempre son suficientes, especialmente en parques con grandes dimensiones, mientras que los callejeros tienen utilidad limitada cuando ya no existen calles o n\u00fameros de edificios. \u00bfEmpezar\u00e1 su evento a tiempo o va a perder la pr\u00f3xima hora al tel\u00e9fono intentando orientar a todo el mundo para llegar al punto de encuentro? \u00a1Vamos a ver c\u00f3mo ARoglyph puede ayudar con su enfoque Ubique y Comparta!<\/p>\n[\/vc_column_text][mk_divider style=\u00bbthin_solid\u00bb margin_top=\u00bb10&#8243; margin_bottom=\u00bb60&#8243;][\/vc_column][\/vc_row][vc_row][vc_column][mk_fancy_title size=\u00bb20&#8243; font_weight=\u00bbbold\u00bb font_style=\u00bbnormal\u00bb txt_transform=\u00bbuppercase\u00bb letter_spacing=\u00bb1&#8243; margin_top=\u00bb10&#8243; margin_bottom=\u00bb0&#8243; font_family=\u00bbnone\u00bb]\n<p>UBICARSE<\/p>\n[\/mk_fancy_title][mk_divider style=\u00bbthin_solid\u00bb divider_width=\u00bbcustom_width\u00bb custom_width=\u00bb100&#8243; align=\u00bbleft\u00bb border_color=\u00bb#14a082&#8243; thickness=\u00bb2&#8243; margin_top=\u00bb0&#8243;][vc_column_text disable_pattern=\u00bbfalse\u00bb]\n<p><strong>El primer paso es se\u00f1alar la ubicaci\u00f3n. \u00a1Marque su localizaci\u00f3n actual sobre el mapa con un solo toque!<\/strong><\/p>\n[\/vc_column_text][vc_column_text disable_pattern=\u00bbfalse\u00bb]Est\u00e9 usted en el medio del parque o esperando en la entrada, su ubicaci\u00f3n puede ser se\u00f1alada est\u00e9 donde est\u00e9.<\/p>\n<p>Con ARoglyph, marcar su localizaci\u00f3n es tan f\u00e1cil como tocar la pantalla. No necesita nombres de calles o n\u00fameros de edificios, ni ning\u00fan mapa por el cual desplazarse o que aumentar. Las marcas en ARoglyph guardan su localizaci\u00f3n actual. No est\u00e1n vinculadas a direcciones de calle, intersecciones o puntos de inter\u00e9s tur\u00edstico cercanos en el mapa. Simplemente, pulse y ubique. As\u00ed:<br \/>\n[\/vc_column_text][vc_single_image image=\u00bb6633&#8243; img_size=\u00bbfull\u00bb alignment=\u00bbcenter\u00bb border_color=\u00bbgrey\u00bb][\/vc_column][\/vc_row][vc_row][vc_column][mk_divider style=\u00bbthin_solid\u00bb margin_top=\u00bb10&#8243; margin_bottom=\u00bb60&#8243;][\/vc_column][\/vc_row][vc_row][vc_column][mk_fancy_title size=\u00bb20&#8243; font_weight=\u00bbbold\u00bb font_style=\u00bbnormal\u00bb txt_transform=\u00bbuppercase\u00bb letter_spacing=\u00bb1&#8243; margin_top=\u00bb10&#8243; margin_bottom=\u00bb0&#8243; font_family=\u00bbnone\u00bb]\n<p>COMPARTIR<\/p>\n[\/mk_fancy_title][mk_divider style=\u00bbthin_solid\u00bb divider_width=\u00bbcustom_width\u00bb custom_width=\u00bb100&#8243; align=\u00bbleft\u00bb border_color=\u00bb#14a082&#8243; thickness=\u00bb2&#8243; margin_top=\u00bb0&#8243;][vc_column_text disable_pattern=\u00bbfalse\u00bb]\n<p><strong>Gracias a la opci\u00f3n de la herramienta de compartir con un solo toque, puede f\u00e1cilmente compartir sus marcas con todos aquellos a los que ha invitado.<\/strong><\/p>\n[\/vc_column_text][vc_column_text disable_pattern=\u00bbfalse\u00bb]Sus contactos ver\u00e1n la marca en el momento en que la comparta con ellos o cuando se est\u00e9n acercando al punto de encuentro. A partir de ahora, \u00a1est\u00e1n en camino!<\/p>\n<p>\u00bfNo est\u00e1 seguro de si ellos lo pueden encontrar sin nuevas orientaciones o hay un cambio de planes en el \u00faltimo momento? \u00a1No hay ning\u00fan problema! Puede complementar su marca con una nota de voz, un comentario de texto o tal vez una foto del lugar, \u00a1o utilizar todo ello junto!<br \/>\n[\/vc_column_text][\/vc_column][\/vc_row][vc_row][vc_column][mk_divider style=\u00bbthin_solid\u00bb margin_top=\u00bb10&#8243; margin_bottom=\u00bb50&#8243;][\/vc_column][\/vc_row][vc_row][vc_column][mk_fancy_title size=\u00bb20&#8243; font_weight=\u00bbbold\u00bb font_style=\u00bbnormal\u00bb txt_transform=\u00bbuppercase\u00bb letter_spacing=\u00bb1&#8243; margin_top=\u00bb10&#8243; margin_bottom=\u00bb0&#8243; font_family=\u00bbnone\u00bb]\n<p>AVANZAR<\/p>\n[\/mk_fancy_title][mk_divider style=\u00bbthin_solid\u00bb divider_width=\u00bbcustom_width\u00bb custom_width=\u00bb100&#8243; align=\u00bbleft\u00bb border_color=\u00bb#14a082&#8243; thickness=\u00bb2&#8243; margin_top=\u00bb0&#8243;][vc_column_text disable_pattern=\u00bbfalse\u00bb]\n<p><strong>Puede establecer el vencimiento autom\u00e1tico de su marca para cuando el evento se acabe. <\/strong><\/p>\n[\/vc_column_text][vc_column_text disable_pattern=\u00bbfalse\u00bb]Las marcas caducadas se eliminan tanto de su tel\u00e9fono como de los de todas las personas con las que las ha compartido. Con ARoglyph, puede controlar cu\u00e1ndo se caducan sus marcas.<\/p>\n<p>\u00bfQuiere a\u00f1adir una palabra a una marca de otra persona? ARoglyph hace f\u00e1cil el comentario y la puntuaci\u00f3n de las marcas. Simplemente, \u00a1pulse sobre una marca y a\u00f1ada su comentario!<br \/>\n[\/vc_column_text][\/vc_column][\/vc_row][vc_row][vc_column][mk_divider style=\u00bbthin_solid\u00bb margin_top=\u00bb10&#8243; margin_bottom=\u00bb60&#8243;][\/vc_column][\/vc_row][vc_row][vc_column][mk_fancy_title size=\u00bb20&#8243; font_weight=\u00bbbold\u00bb font_style=\u00bbnormal\u00bb txt_transform=\u00bbuppercase\u00bb letter_spacing=\u00bb1&#8243; margin_top=\u00bb10&#8243; margin_bottom=\u00bb0&#8243; font_family=\u00bbnone\u00bb]\n<p>Descargue y util\u00edcelo gratis<\/p>\n[\/mk_fancy_title][mk_divider style=\u00bbthin_solid\u00bb divider_width=\u00bbcustom_width\u00bb custom_width=\u00bb100&#8243; align=\u00bbleft\u00bb border_color=\u00bb#14a082&#8243; thickness=\u00bb2&#8243; margin_top=\u00bb0&#8243;][vc_column_text disable_pattern=\u00bbfalse\u00bb margin_bottom=\u00bb10&#8243;]\n<p><strong>ARoglyph est\u00e1 disponible en Google Play y AppStore. \u00a1Desc\u00e1rguelo y empiece a utilizarlo hoy!<\/strong><\/p>\n[\/vc_column_text][vc_row_inner visibility=\u00bbhidden-sm\u00bb css=\u00bb.vc_custom_1451333709916{margin-bottom: 0px !important;padding-top: 0px !important;padding-right: 0px !important;padding-bottom: 0px !important;padding-left: 0px !important;}\u00bb][vc_column_inner width=\u00bb1\/4&#8243;][\/vc_column_inner][vc_column_inner el_class=\u00bbcmk-center-align\u00bb width=\u00bb1\/4&#8243;][vc_single_image image=\u00bb6981&#8243; img_size=\u00bbfull\u00bb alignment=\u00bbright\u00bb onclick=\u00bbcustom_link\u00bb img_link_target=\u00bb_blank\u00bb css_animation=\u00bbappear\u00bb border_color=\u00bbgrey\u00bb link=\u00bbhttps:\/\/play.google.com\/store\/apps\/details?id=com.aroglyph.app\u00bb][\/vc_column_inner][vc_column_inner width=\u00bb1\/4&#8243;][vc_single_image image=\u00bb7001&#8243; img_size=\u00bbfull\u00bb onclick=\u00bbcustom_link\u00bb img_link_target=\u00bb_blank\u00bb css_animation=\u00bbappear\u00bb border_color=\u00bbgrey\u00bb link=\u00bbhttps:\/\/itunes.apple.com\/us\/app\/aroglyph\/id1019101559&#8243;][\/vc_column_inner][\/vc_row_inner][vc_row_inner visibility=\u00bbvisible-sm\u00bb css=\u00bb.vc_custom_1451333703321{margin-bottom: 0px !important;padding-top: 0px !important;padding-right: 0px !important;padding-bottom: 0px !important;padding-left: 0px !important;}\u00bb][vc_column_inner width=\u00bb1\/4&#8243;][\/vc_column_inner][vc_column_inner el_class=\u00bbcmk-center-align\u00bb width=\u00bb1\/4&#8243;][vc_single_image image=\u00bb6981&#8243; img_size=\u00bbfull\u00bb alignment=\u00bbcenter\u00bb onclick=\u00bbcustom_link\u00bb img_link_target=\u00bb_blank\u00bb css_animation=\u00bbappear\u00bb border_color=\u00bbgrey\u00bb link=\u00bbhttps:\/\/play.google.com\/store\/apps\/details?id=com.aroglyph.app\u00bb css=\u00bb.vc_custom_1451333721626{margin-bottom: 10px !important;}\u00bb][\/vc_column_inner][vc_column_inner width=\u00bb1\/4&#8243;][vc_single_image image=\u00bb7001&#8243; img_size=\u00bbfull\u00bb alignment=\u00bbcenter\u00bb onclick=\u00bbcustom_link\u00bb img_link_target=\u00bb_blank\u00bb css_animation=\u00bbappear\u00bb border_color=\u00bbgrey\u00bb link=\u00bbhttps:\/\/itunes.apple.com\/us\/app\/aroglyph\/id1019101559&#8243; css=\u00bb.vc_custom_1451333729867{margin-bottom: 10px !important;}\u00bb][\/vc_column_inner][\/vc_row_inner][mk_padding_divider size=\u00bb10&#8243;][mk_fancy_title size=\u00bb18&#8243; font_family=\u00bbnone\u00bb]\n<p style=\"text-align: center;\"><a href=\"\/es\/solutions\">Mas opciones<\/a><\/p>\n[\/mk_fancy_title][mk_padding_divider size=\u00bb20&#8243;][\/vc_column][\/vc_row][vc_row][vc_column][mk_divider style=\u00bbthin_solid\u00bb margin_top=\u00bb10&#8243; margin_bottom=\u00bb60&#8243;][\/vc_column][\/vc_row][vc_row][vc_column width=\u00bb1\/6&#8243;][mk_fancy_title size=\u00bb20&#8243; font_weight=\u00bbbold\u00bb font_style=\u00bbnormal\u00bb txt_transform=\u00bbuppercase\u00bb letter_spacing=\u00bb1&#8243; margin_top=\u00bb10&#8243; margin_bottom=\u00bb0&#8243; font_family=\u00bbnone\u00bb]\n<p>RESUMEN<\/p>\n[\/mk_fancy_title][mk_divider style=\u00bbthin_solid\u00bb divider_width=\u00bbcustom_width\u00bb custom_width=\u00bb100&#8243; align=\u00bbleft\u00bb border_color=\u00bb#14a082&#8243; thickness=\u00bb2&#8243; margin_top=\u00bb0&#8243; margin_bottom=\u00bb60&#8243;][\/vc_column][vc_column width=\u00bb5\/6&#8243;][vc_row_inner attached=\u00bbtrue\u00bb padding=\u00bb1&#8243;][vc_column_inner][vc_column_text disable_pattern=\u00bbfalse\u00bb]\n<p>\u00bfEst\u00e1 celebrando una fiesta u organizando un picnic en la naturaleza? \u00a1Pulse, ubique y comparta su localizaci\u00f3n para hacer m\u00e1s f\u00e1cil a todos sus invitados el encontrar del lugar del evento! Marque un punto de encuentro, a\u00f1ada una imagen o notas de voz y \u00a1comp\u00e1rtalo con todas las personas de su lista en un solo toque!<\/p>\n[\/vc_column_text][\/vc_column_inner][\/vc_row_inner][mk_padding_divider size=\u00bb70&#8243;][\/vc_column][\/vc_row][vc_row][vc_column][\/vc_column][\/vc_row]\n<\/div>","protected":false},"excerpt":{"rendered":"<p>[mk_page_section bg_image=\u00bbhttps:\/\/aroglyph.com\/uk\/wp-content\/uploads\/sites\/2\/2015\/05\/mother-nature1.jpg\u00bb attachment=\u00bbfixed\u00bb bg_position=\u00bbcenter top\u00bb bg_repeat=\u00bbno-repeat\u00bb bg_stretch=\u00bbtrue\u00bb enable_3d=\u00bbtrue\u00bb gr_end=\u00bb#1e73be\u00bb min_height=\u00bb0&#8243; padding_top=\u00bb550&#8243; padding_bottom=\u00bb60&#8243; sidebar=\u00bbsidebar-1&#8243;][vc_column][mk_fancy_title color=\u00bb#ffffff\u00bb size=\u00bb50&#8243; font_weight=\u00bbbold\u00bb font_style=\u00bbnormal\u00bb txt_transform=\u00bbuppercase\u00bb margin_bottom=\u00bb0&#8243; font_family=\u00bbnone\u00bb align=\u00bbcenter\u00bb] La Madre Naturaleza [\/mk_fancy_title][\/vc_column][\/mk_page_section][vc_row fullwidth=\u00bbtrue\u00bb][vc_column][mk_divider style=\u00bbthin_solid\u00bb border_color=\u00bb#14a082&#8243; thickness=\u00bb4&#8243; margin_top=\u00bb0&#8243; margin_bottom=\u00bb50&#8243;][\/vc_column][\/vc_row][vc_row][vc_column][vc_column_text] \u00bfEs una de estas personas afortunadas que vive al lado de un gran parque y est\u00e1 a punto de invitar a sus amigos a [&hellip;]<\/p>\n","protected":false},"author":3,"featured_media":7357,"parent":6170,"menu_order":0,"comment_status":"open","ping_status":"open","template":"","meta":{"footnotes":""},"class_list":["post-6445","page","type-page","status-publish","has-post-thumbnail","hentry"],"yoast_head":"<!-- This site is optimized with the Yoast SEO plugin v27.3 - https:\/\/yoast.com\/product\/yoast-seo-wordpress\/ -->\n<title>La Madre Naturaleza - ARoglyph<\/title>\n<meta name=\"robots\" content=\"index, follow, max-snippet:-1, max-image-preview:large, max-video-preview:-1\" \/>\n<link rel=\"canonical\" href=\"https:\/\/aroglyph.com\/es\/usage-scenarios\/mother-nature\/\" \/>\n<meta property=\"og:locale\" content=\"es_ES\" \/>\n<meta property=\"og:type\" content=\"article\" \/>\n<meta property=\"og:title\" content=\"La Madre Naturaleza - ARoglyph\" \/>\n<meta property=\"og:description\" content=\"[mk_page_section bg_image=\u00bbhttps:\/\/aroglyph.com\/uk\/wp-content\/uploads\/sites\/2\/2015\/05\/mother-nature1.jpg\u00bb attachment=\u00bbfixed\u00bb bg_position=\u00bbcenter top\u00bb bg_repeat=\u00bbno-repeat\u00bb bg_stretch=\u00bbtrue\u00bb enable_3d=\u00bbtrue\u00bb gr_end=\u00bb#1e73be\u00bb min_height=\u00bb0&#8243; padding_top=\u00bb550&#8243; padding_bottom=\u00bb60&#8243; sidebar=\u00bbsidebar-1&#8243;][vc_column][mk_fancy_title color=\u00bb#ffffff\u00bb size=\u00bb50&#8243; font_weight=\u00bbbold\u00bb font_style=\u00bbnormal\u00bb txt_transform=\u00bbuppercase\u00bb margin_bottom=\u00bb0&#8243; font_family=\u00bbnone\u00bb align=\u00bbcenter\u00bb] La Madre Naturaleza [\/mk_fancy_title][\/vc_column][\/mk_page_section][vc_row fullwidth=\u00bbtrue\u00bb][vc_column][mk_divider style=\u00bbthin_solid\u00bb border_color=\u00bb#14a082&#8243; thickness=\u00bb4&#8243; margin_top=\u00bb0&#8243; margin_bottom=\u00bb50&#8243;][\/vc_column][\/vc_row][vc_row][vc_column][vc_column_text] \u00bfEs una de estas personas afortunadas que vive al lado de un gran parque y est\u00e1 a punto de invitar a sus amigos a [&hellip;]\" \/>\n<meta property=\"og:url\" content=\"https:\/\/aroglyph.com\/es\/usage-scenarios\/mother-nature\/\" \/>\n<meta property=\"og:site_name\" content=\"ARoglyph\" \/>\n<meta property=\"article:publisher\" content=\"https:\/\/www.facebook.com\/ARoglyph\" \/>\n<meta property=\"article:modified_time\" content=\"2015-12-28T19:43:37+00:00\" \/>\n<meta property=\"og:image\" content=\"https:\/\/aroglyph.com\/es\/wp-content\/uploads\/sites\/3\/2015\/05\/mother-nature1.jpg\" \/>\n\t<meta property=\"og:image:width\" content=\"1920\" \/>\n\t<meta property=\"og:image:height\" content=\"1200\" \/>\n\t<meta property=\"og:image:type\" content=\"image\/jpeg\" \/>\n<meta name=\"twitter:card\" content=\"summary_large_image\" \/>\n<meta name=\"twitter:site\" content=\"@aroglyph\" \/>\n<meta name=\"twitter:label1\" content=\"Tiempo de lectura\" \/>\n\t<meta name=\"twitter:data1\" content=\"7 minutos\" \/>\n<script type=\"application\/ld+json\" class=\"yoast-schema-graph\">{\"@context\":\"https:\\\/\\\/schema.org\",\"@graph\":[{\"@type\":\"WebPage\",\"@id\":\"https:\\\/\\\/aroglyph.com\\\/es\\\/usage-scenarios\\\/mother-nature\\\/\",\"url\":\"https:\\\/\\\/aroglyph.com\\\/es\\\/usage-scenarios\\\/mother-nature\\\/\",\"name\":\"La Madre Naturaleza - ARoglyph\",\"isPartOf\":{\"@id\":\"https:\\\/\\\/aroglyph.com\\\/es\\\/#website\"},\"primaryImageOfPage\":{\"@id\":\"https:\\\/\\\/aroglyph.com\\\/es\\\/usage-scenarios\\\/mother-nature\\\/#primaryimage\"},\"image\":{\"@id\":\"https:\\\/\\\/aroglyph.com\\\/es\\\/usage-scenarios\\\/mother-nature\\\/#primaryimage\"},\"thumbnailUrl\":\"https:\\\/\\\/aroglyph.com\\\/es\\\/wp-content\\\/uploads\\\/sites\\\/3\\\/2015\\\/05\\\/mother-nature1.jpg\",\"datePublished\":\"2015-05-26T12:29:36+00:00\",\"dateModified\":\"2015-12-28T19:43:37+00:00\",\"breadcrumb\":{\"@id\":\"https:\\\/\\\/aroglyph.com\\\/es\\\/usage-scenarios\\\/mother-nature\\\/#breadcrumb\"},\"inLanguage\":\"es\",\"potentialAction\":[{\"@type\":\"ReadAction\",\"target\":[\"https:\\\/\\\/aroglyph.com\\\/es\\\/usage-scenarios\\\/mother-nature\\\/\"]}]},{\"@type\":\"ImageObject\",\"inLanguage\":\"es\",\"@id\":\"https:\\\/\\\/aroglyph.com\\\/es\\\/usage-scenarios\\\/mother-nature\\\/#primaryimage\",\"url\":\"https:\\\/\\\/aroglyph.com\\\/es\\\/wp-content\\\/uploads\\\/sites\\\/3\\\/2015\\\/05\\\/mother-nature1.jpg\",\"contentUrl\":\"https:\\\/\\\/aroglyph.com\\\/es\\\/wp-content\\\/uploads\\\/sites\\\/3\\\/2015\\\/05\\\/mother-nature1.jpg\",\"width\":1920,\"height\":1200},{\"@type\":\"BreadcrumbList\",\"@id\":\"https:\\\/\\\/aroglyph.com\\\/es\\\/usage-scenarios\\\/mother-nature\\\/#breadcrumb\",\"itemListElement\":[{\"@type\":\"ListItem\",\"position\":1,\"name\":\"Inicio\",\"item\":\"https:\\\/\\\/aroglyph.com\\\/es\\\/\"},{\"@type\":\"ListItem\",\"position\":2,\"name\":\"Escenarios de uso\",\"item\":\"https:\\\/\\\/aroglyph.com\\\/es\\\/usage-scenarios\\\/\"},{\"@type\":\"ListItem\",\"position\":3,\"name\":\"La Madre Naturaleza\"}]},{\"@type\":\"WebSite\",\"@id\":\"https:\\\/\\\/aroglyph.com\\\/es\\\/#website\",\"url\":\"https:\\\/\\\/aroglyph.com\\\/es\\\/\",\"name\":\"ARoglyph\",\"description\":\"\",\"potentialAction\":[{\"@type\":\"SearchAction\",\"target\":{\"@type\":\"EntryPoint\",\"urlTemplate\":\"https:\\\/\\\/aroglyph.com\\\/es\\\/?s={search_term_string}\"},\"query-input\":{\"@type\":\"PropertyValueSpecification\",\"valueRequired\":true,\"valueName\":\"search_term_string\"}}],\"inLanguage\":\"es\"}]}<\/script>\n<!-- \/ Yoast SEO plugin. -->","yoast_head_json":{"title":"La Madre Naturaleza - ARoglyph","robots":{"index":"index","follow":"follow","max-snippet":"max-snippet:-1","max-image-preview":"max-image-preview:large","max-video-preview":"max-video-preview:-1"},"canonical":"https:\/\/aroglyph.com\/es\/usage-scenarios\/mother-nature\/","og_locale":"es_ES","og_type":"article","og_title":"La Madre Naturaleza - ARoglyph","og_description":"[mk_page_section bg_image=\u00bbhttps:\/\/aroglyph.com\/uk\/wp-content\/uploads\/sites\/2\/2015\/05\/mother-nature1.jpg\u00bb attachment=\u00bbfixed\u00bb bg_position=\u00bbcenter top\u00bb bg_repeat=\u00bbno-repeat\u00bb bg_stretch=\u00bbtrue\u00bb enable_3d=\u00bbtrue\u00bb gr_end=\u00bb#1e73be\u00bb min_height=\u00bb0&#8243; padding_top=\u00bb550&#8243; padding_bottom=\u00bb60&#8243; sidebar=\u00bbsidebar-1&#8243;][vc_column][mk_fancy_title color=\u00bb#ffffff\u00bb size=\u00bb50&#8243; font_weight=\u00bbbold\u00bb font_style=\u00bbnormal\u00bb txt_transform=\u00bbuppercase\u00bb margin_bottom=\u00bb0&#8243; font_family=\u00bbnone\u00bb align=\u00bbcenter\u00bb] La Madre Naturaleza [\/mk_fancy_title][\/vc_column][\/mk_page_section][vc_row fullwidth=\u00bbtrue\u00bb][vc_column][mk_divider style=\u00bbthin_solid\u00bb border_color=\u00bb#14a082&#8243; thickness=\u00bb4&#8243; margin_top=\u00bb0&#8243; margin_bottom=\u00bb50&#8243;][\/vc_column][\/vc_row][vc_row][vc_column][vc_column_text] \u00bfEs una de estas personas afortunadas que vive al lado de un gran parque y est\u00e1 a punto de invitar a sus amigos a [&hellip;]","og_url":"https:\/\/aroglyph.com\/es\/usage-scenarios\/mother-nature\/","og_site_name":"ARoglyph","article_publisher":"https:\/\/www.facebook.com\/ARoglyph","article_modified_time":"2015-12-28T19:43:37+00:00","og_image":[{"width":1920,"height":1200,"url":"https:\/\/aroglyph.com\/es\/wp-content\/uploads\/sites\/3\/2015\/05\/mother-nature1.jpg","type":"image\/jpeg"}],"twitter_card":"summary_large_image","twitter_site":"@aroglyph","twitter_misc":{"Tiempo de lectura":"7 minutos"},"schema":{"@context":"https:\/\/schema.org","@graph":[{"@type":"WebPage","@id":"https:\/\/aroglyph.com\/es\/usage-scenarios\/mother-nature\/","url":"https:\/\/aroglyph.com\/es\/usage-scenarios\/mother-nature\/","name":"La Madre Naturaleza - ARoglyph","isPartOf":{"@id":"https:\/\/aroglyph.com\/es\/#website"},"primaryImageOfPage":{"@id":"https:\/\/aroglyph.com\/es\/usage-scenarios\/mother-nature\/#primaryimage"},"image":{"@id":"https:\/\/aroglyph.com\/es\/usage-scenarios\/mother-nature\/#primaryimage"},"thumbnailUrl":"https:\/\/aroglyph.com\/es\/wp-content\/uploads\/sites\/3\/2015\/05\/mother-nature1.jpg","datePublished":"2015-05-26T12:29:36+00:00","dateModified":"2015-12-28T19:43:37+00:00","breadcrumb":{"@id":"https:\/\/aroglyph.com\/es\/usage-scenarios\/mother-nature\/#breadcrumb"},"inLanguage":"es","potentialAction":[{"@type":"ReadAction","target":["https:\/\/aroglyph.com\/es\/usage-scenarios\/mother-nature\/"]}]},{"@type":"ImageObject","inLanguage":"es","@id":"https:\/\/aroglyph.com\/es\/usage-scenarios\/mother-nature\/#primaryimage","url":"https:\/\/aroglyph.com\/es\/wp-content\/uploads\/sites\/3\/2015\/05\/mother-nature1.jpg","contentUrl":"https:\/\/aroglyph.com\/es\/wp-content\/uploads\/sites\/3\/2015\/05\/mother-nature1.jpg","width":1920,"height":1200},{"@type":"BreadcrumbList","@id":"https:\/\/aroglyph.com\/es\/usage-scenarios\/mother-nature\/#breadcrumb","itemListElement":[{"@type":"ListItem","position":1,"name":"Inicio","item":"https:\/\/aroglyph.com\/es\/"},{"@type":"ListItem","position":2,"name":"Escenarios de uso","item":"https:\/\/aroglyph.com\/es\/usage-scenarios\/"},{"@type":"ListItem","position":3,"name":"La Madre Naturaleza"}]},{"@type":"WebSite","@id":"https:\/\/aroglyph.com\/es\/#website","url":"https:\/\/aroglyph.com\/es\/","name":"ARoglyph","description":"","potentialAction":[{"@type":"SearchAction","target":{"@type":"EntryPoint","urlTemplate":"https:\/\/aroglyph.com\/es\/?s={search_term_string}"},"query-input":{"@type":"PropertyValueSpecification","valueRequired":true,"valueName":"search_term_string"}}],"inLanguage":"es"}]}},"_links":{"self":[{"href":"https:\/\/aroglyph.com\/es\/wp-json\/wp\/v2\/pages\/6445","targetHints":{"allow":["GET"]}}],"collection":[{"href":"https:\/\/aroglyph.com\/es\/wp-json\/wp\/v2\/pages"}],"about":[{"href":"https:\/\/aroglyph.com\/es\/wp-json\/wp\/v2\/types\/page"}],"author":[{"embeddable":true,"href":"https:\/\/aroglyph.com\/es\/wp-json\/wp\/v2\/users\/3"}],"replies":[{"embeddable":true,"href":"https:\/\/aroglyph.com\/es\/wp-json\/wp\/v2\/comments?post=6445"}],"version-history":[{"count":13,"href":"https:\/\/aroglyph.com\/es\/wp-json\/wp\/v2\/pages\/6445\/revisions"}],"predecessor-version":[{"id":7683,"href":"https:\/\/aroglyph.com\/es\/wp-json\/wp\/v2\/pages\/6445\/revisions\/7683"}],"up":[{"embeddable":true,"href":"https:\/\/aroglyph.com\/es\/wp-json\/wp\/v2\/pages\/6170"}],"wp:featuredmedia":[{"embeddable":true,"href":"https:\/\/aroglyph.com\/es\/wp-json\/wp\/v2\/media\/7357"}],"wp:attachment":[{"href":"https:\/\/aroglyph.com\/es\/wp-json\/wp\/v2\/media?parent=6445"}],"curies":[{"name":"wp","href":"https:\/\/api.w.org\/{rel}","templated":true}]}}