{"id":6474,"date":"2015-05-26T13:09:29","date_gmt":"2015-05-26T13:09:29","guid":{"rendered":"http:\/\/aroglyphwp.azurewebsites.net\/?page_id=6474"},"modified":"2015-12-28T19:46:07","modified_gmt":"2015-12-28T19:46:07","slug":"your-virtual-gathering-place","status":"publish","type":"page","link":"https:\/\/aroglyph.com\/es\/usage-scenarios\/your-virtual-gathering-place\/","title":{"rendered":"Su punto de encuentro virtual"},"content":{"rendered":"<div class=\"wpb-content-wrapper\">[mk_page_section bg_image=\u00bbhttps:\/\/aroglyph.com\/uk\/wp-content\/uploads\/sites\/2\/2015\/05\/your-virtual-gathering-place.jpg\u00bb attachment=\u00bbfixed\u00bb bg_position=\u00bbcenter top\u00bb bg_repeat=\u00bbno-repeat\u00bb bg_stretch=\u00bbtrue\u00bb enable_3d=\u00bbtrue\u00bb gr_end=\u00bb#1e73be\u00bb min_height=\u00bb0&#8243; padding_top=\u00bb550&#8243; padding_bottom=\u00bb60&#8243; sidebar=\u00bbsidebar-1&#8243;][vc_column][mk_fancy_title color=\u00bb#ffffff\u00bb size=\u00bb50&#8243; font_weight=\u00bbbold\u00bb font_style=\u00bbnormal\u00bb txt_transform=\u00bbuppercase\u00bb margin_bottom=\u00bb0&#8243; font_family=\u00bbnone\u00bb align=\u00bbcenter\u00bb]\n<p><span style=\"text-shadow: 0 3px 25px rgba(0,0,0,.9);\">Su punto de encuentro virtual<\/span><\/p>\n[\/mk_fancy_title][\/vc_column][\/mk_page_section][vc_row fullwidth=\u00bbtrue\u00bb][vc_column][mk_divider style=\u00bbthin_solid\u00bb border_color=\u00bb#14a082&#8243; thickness=\u00bb4&#8243; margin_top=\u00bb0&#8243; margin_bottom=\u00bb50&#8243;][\/vc_column][\/vc_row][vc_row][vc_column][vc_column_text]\n<p><em>Imag\u00ednese que tiene una reuni\u00f3n con una persona en un lugar en el que ni usted ni ella ha estado antes, como es el caso de encontrarse para un evento organizado en l\u00ednea o juntarse con compa\u00f1eros del club para hacer una actividad. Si aquel lugar carece de direcci\u00f3n de calle y no hay ning\u00fan punto de referencia identificable al lado, \u00bfc\u00f3mo sabe d\u00f3nde esperar?<\/em> <em>\u00a1ARoglyph es una respuesta perfecta! P\u00f3ngase de acuerdo en que el primero en llegar colocar\u00e1 una marca en ARoglyph y todos los participantes podr\u00e1n verla inmediatamente en sus pantallas. La marca de ARoglyph se convierte en su punto de encuentro virtual. <\/em><em>\u00bfC\u00f3mo funciona exactamente? Vamos a verlo. <\/em><\/p>\n[\/vc_column_text][mk_divider style=\u00bbthin_solid\u00bb margin_top=\u00bb10&#8243; margin_bottom=\u00bb60&#8243;][\/vc_column][\/vc_row][vc_row][vc_column][mk_fancy_title size=\u00bb20&#8243; font_weight=\u00bbbold\u00bb font_style=\u00bbnormal\u00bb txt_transform=\u00bbuppercase\u00bb letter_spacing=\u00bb1&#8243; margin_top=\u00bb10&#8243; margin_bottom=\u00bb0&#8243; font_family=\u00bbnone\u00bb]\n<p>UBICACI\u00d3N<\/p>\n[\/mk_fancy_title][mk_divider style=\u00bbthin_solid\u00bb divider_width=\u00bbcustom_width\u00bb custom_width=\u00bb100&#8243; align=\u00bbleft\u00bb border_color=\u00bb#14a082&#8243; thickness=\u00bb2&#8243; margin_top=\u00bb0&#8243;][vc_column_text disable_pattern=\u00bbfalse\u00bb]\n<p><strong>\u00bfEs el primero en llegar? Basta con iniciar ARoglyph y dejar su pin.<\/strong><\/p>\n[\/vc_column_text][vc_column_text disable_pattern=\u00bbfalse\u00bb]\n<p>Con ARoglyph, marcar su localizaci\u00f3n es tan f\u00e1cil como pulsar sobre la pantalla. No necesita saber nombres de calles o n\u00fameros de edificios, ni tampoco tiene que desplazarse por el mapa o aumentarlo. En su lugar, son las marcas de ARoglyph las que guardan su localizaci\u00f3n actual. No est\u00e1n vinculadas a las direcciones de calles, intersecciones o puntos de referencias cercanos. \u00a1Solo toque la pantalla para crear un punto de encuentro virtual!<\/p>\n[\/vc_column_text][\/vc_column][\/vc_row][vc_row][vc_column][mk_divider style=\u00bbthin_solid\u00bb margin_top=\u00bb10&#8243; margin_bottom=\u00bb60&#8243;][\/vc_column][\/vc_row][vc_row][vc_column][mk_fancy_title size=\u00bb20&#8243; font_weight=\u00bbbold\u00bb font_style=\u00bbnormal\u00bb txt_transform=\u00bbuppercase\u00bb letter_spacing=\u00bb1&#8243; margin_top=\u00bb10&#8243; margin_bottom=\u00bb0&#8243; font_family=\u00bbnone\u00bb]\n<p>COMPARTIR<\/p>\n[\/mk_fancy_title][mk_divider style=\u00bbthin_solid\u00bb divider_width=\u00bbcustom_width\u00bb custom_width=\u00bb100&#8243; align=\u00bbleft\u00bb border_color=\u00bb#14a082&#8243; thickness=\u00bb2&#8243; margin_top=\u00bb0&#8243;][vc_column_text disable_pattern=\u00bbfalse\u00bb]\n<p><strong>Los asistentes ver\u00e1n su marca en el momento en que la comparta o cuando est\u00e9n cerca del punto de encuentro.<\/strong><\/p>\n[\/vc_column_text][vc_column_text disable_pattern=\u00bbfalse\u00bb]Despu\u00e9s de marcar el punto de encuentro, deje que los dem\u00e1s sepan que est\u00e1 all\u00ed compartiendo la marca con todas las personas de la lista. Los asistentes ver\u00e1n su marca cuando est\u00e9n cerca del punto de encuentro. Si ve la funci\u00f3n \u201cTambi\u00e9n compartir en redes sociales\u201d, la marca ser\u00e1 inmediatamente visible tambi\u00e9n a sus amigos.<\/p>\n<p>\u00bfNo est\u00e1 seguro de si lo pueden encontrar sin orientaci\u00f3n adicional? Mejore su marca con una nota de voz, un comentario de texto, o haga una foto del lugar de reencuentro y \u00a1comp\u00e1rtala con todas las personas que puedan ver la marca![\/vc_column_text][\/vc_column][\/vc_row][vc_row][vc_column][mk_divider style=\u00bbthin_solid\u00bb margin_top=\u00bb10&#8243; margin_bottom=\u00bb50&#8243;][\/vc_column][\/vc_row][vc_row][vc_column][mk_fancy_title size=\u00bb20&#8243; font_weight=\u00bbbold\u00bb font_style=\u00bbnormal\u00bb txt_transform=\u00bbuppercase\u00bb letter_spacing=\u00bb1&#8243; margin_top=\u00bb10&#8243; margin_bottom=\u00bb0&#8243; font_family=\u00bbnone\u00bb]\n<p>AVANZAR<\/p>\n[\/mk_fancy_title][mk_divider style=\u00bbthin_solid\u00bb divider_width=\u00bbcustom_width\u00bb custom_width=\u00bb100&#8243; align=\u00bbleft\u00bb border_color=\u00bb#14a082&#8243; thickness=\u00bb2&#8243; margin_top=\u00bb0&#8243;][vc_column_text disable_pattern=\u00bbfalse\u00bb]\n<p><strong>Las marcas de ARoglyph pueden durar mucho tiempo o pueden configurarse para caducar pronto. <\/strong><\/p>\n[\/vc_column_text][vc_column_text disable_pattern=\u00bbfalse\u00bb]\n<p>Por defecto, las marcas de ARoglyph se mantienen activas durante semanas y usted puede limitar su vida \u00fatil a tan solo unas horas. Solo establezca que su punto de encuentro virtual se caduque en una o dos horas y la marca se eliminar\u00e1 autom\u00e1ticamente tanto de su tel\u00e9fono como de los tel\u00e9fonos de los dem\u00e1s.<\/p>\n[\/vc_column_text][\/vc_column][\/vc_row][vc_row][vc_column][mk_divider style=\u00bbthin_solid\u00bb margin_top=\u00bb10&#8243; margin_bottom=\u00bb60&#8243;][\/vc_column][\/vc_row][vc_row][vc_column][mk_fancy_title size=\u00bb20&#8243; font_weight=\u00bbbold\u00bb font_style=\u00bbnormal\u00bb txt_transform=\u00bbuppercase\u00bb letter_spacing=\u00bb1&#8243; margin_top=\u00bb10&#8243; margin_bottom=\u00bb0&#8243; font_family=\u00bbnone\u00bb]\n<p>Descargue y util\u00edcelo gratis<\/p>\n[\/mk_fancy_title][mk_divider style=\u00bbthin_solid\u00bb divider_width=\u00bbcustom_width\u00bb custom_width=\u00bb100&#8243; align=\u00bbleft\u00bb border_color=\u00bb#14a082&#8243; thickness=\u00bb2&#8243; margin_top=\u00bb0&#8243;][vc_column_text disable_pattern=\u00bbfalse\u00bb margin_bottom=\u00bb10&#8243;]\n<p><strong>ARoglyph est\u00e1 disponible en Google Play y AppStore. \u00a1Desc\u00e1rguelo y empiece a utilizarlo hoy!<\/strong><\/p>\n[\/vc_column_text][vc_row_inner visibility=\u00bbhidden-sm\u00bb css=\u00bb.vc_custom_1451333709916{margin-bottom: 0px !important;padding-top: 0px !important;padding-right: 0px !important;padding-bottom: 0px !important;padding-left: 0px !important;}\u00bb][vc_column_inner width=\u00bb1\/4&#8243;][\/vc_column_inner][vc_column_inner el_class=\u00bbcmk-center-align\u00bb width=\u00bb1\/4&#8243;][vc_single_image image=\u00bb6981&#8243; img_size=\u00bbfull\u00bb alignment=\u00bbright\u00bb onclick=\u00bbcustom_link\u00bb img_link_target=\u00bb_blank\u00bb css_animation=\u00bbappear\u00bb border_color=\u00bbgrey\u00bb link=\u00bbhttps:\/\/play.google.com\/store\/apps\/details?id=com.aroglyph.app\u00bb][\/vc_column_inner][vc_column_inner width=\u00bb1\/4&#8243;][vc_single_image image=\u00bb7001&#8243; img_size=\u00bbfull\u00bb onclick=\u00bbcustom_link\u00bb img_link_target=\u00bb_blank\u00bb css_animation=\u00bbappear\u00bb border_color=\u00bbgrey\u00bb link=\u00bbhttps:\/\/itunes.apple.com\/us\/app\/aroglyph\/id1019101559&#8243;][\/vc_column_inner][\/vc_row_inner][vc_row_inner visibility=\u00bbvisible-sm\u00bb css=\u00bb.vc_custom_1451333703321{margin-bottom: 0px !important;padding-top: 0px !important;padding-right: 0px !important;padding-bottom: 0px !important;padding-left: 0px !important;}\u00bb][vc_column_inner width=\u00bb1\/4&#8243;][\/vc_column_inner][vc_column_inner el_class=\u00bbcmk-center-align\u00bb width=\u00bb1\/4&#8243;][vc_single_image image=\u00bb6981&#8243; img_size=\u00bbfull\u00bb alignment=\u00bbcenter\u00bb onclick=\u00bbcustom_link\u00bb img_link_target=\u00bb_blank\u00bb css_animation=\u00bbappear\u00bb border_color=\u00bbgrey\u00bb link=\u00bbhttps:\/\/play.google.com\/store\/apps\/details?id=com.aroglyph.app\u00bb css=\u00bb.vc_custom_1451333721626{margin-bottom: 10px !important;}\u00bb][\/vc_column_inner][vc_column_inner width=\u00bb1\/4&#8243;][vc_single_image image=\u00bb7001&#8243; img_size=\u00bbfull\u00bb alignment=\u00bbcenter\u00bb onclick=\u00bbcustom_link\u00bb img_link_target=\u00bb_blank\u00bb css_animation=\u00bbappear\u00bb border_color=\u00bbgrey\u00bb link=\u00bbhttps:\/\/itunes.apple.com\/us\/app\/aroglyph\/id1019101559&#8243; css=\u00bb.vc_custom_1451333729867{margin-bottom: 10px !important;}\u00bb][\/vc_column_inner][\/vc_row_inner][mk_padding_divider size=\u00bb10&#8243;][mk_fancy_title size=\u00bb18&#8243; font_family=\u00bbnone\u00bb]\n<p style=\"text-align: center;\"><a href=\"\/es\/solutions\">Mas opciones<\/a><\/p>\n[\/mk_fancy_title][mk_padding_divider size=\u00bb20&#8243;][\/vc_column][\/vc_row][vc_row][vc_column][mk_divider style=\u00bbthin_solid\u00bb margin_top=\u00bb10&#8243; margin_bottom=\u00bb60&#8243;][\/vc_column][\/vc_row][vc_row][vc_column width=\u00bb1\/6&#8243;][mk_fancy_title size=\u00bb20&#8243; font_weight=\u00bbbold\u00bb font_style=\u00bbnormal\u00bb txt_transform=\u00bbuppercase\u00bb letter_spacing=\u00bb1&#8243; margin_top=\u00bb10&#8243; margin_bottom=\u00bb0&#8243; font_family=\u00bbnone\u00bb]\n<p>RESUMEN<\/p>\n[\/mk_fancy_title][mk_divider style=\u00bbthin_solid\u00bb divider_width=\u00bbcustom_width\u00bb custom_width=\u00bb100&#8243; align=\u00bbleft\u00bb border_color=\u00bb#14a082&#8243; thickness=\u00bb2&#8243; margin_top=\u00bb0&#8243; margin_bottom=\u00bb60&#8243;][\/vc_column][vc_column width=\u00bb5\/6&#8243;][vc_row_inner attached=\u00bbtrue\u00bb padding=\u00bb1&#8243;][vc_column_inner][vc_column_text disable_pattern=\u00bbfalse\u00bb]\n<p>ARoglyph es perfecto para marcar los puntos de encuentro sobre la marcha. Est\u00e1 organizando una reuni\u00f3n del club o participando en una actividad, ARoglyph le ayudar\u00e1 a reunirse en un lugar donde nunca ha estado antes. \u00a1Toque, marque y comparta! Las marcas de ARoglyph no est\u00e1n vinculadas a las direcciones de calles cercanas, permiti\u00e9ndole encontrarse con facilidad fuera de la ciudad.<\/p>\n[\/vc_column_text][\/vc_column_inner][\/vc_row_inner][mk_padding_divider size=\u00bb70&#8243;][\/vc_column][\/vc_row][vc_row][vc_column][\/vc_column][\/vc_row]\n<\/div>","protected":false},"excerpt":{"rendered":"<p>[mk_page_section bg_image=\u00bbhttps:\/\/aroglyph.com\/uk\/wp-content\/uploads\/sites\/2\/2015\/05\/your-virtual-gathering-place.jpg\u00bb attachment=\u00bbfixed\u00bb bg_position=\u00bbcenter top\u00bb bg_repeat=\u00bbno-repeat\u00bb bg_stretch=\u00bbtrue\u00bb enable_3d=\u00bbtrue\u00bb gr_end=\u00bb#1e73be\u00bb min_height=\u00bb0&#8243; padding_top=\u00bb550&#8243; padding_bottom=\u00bb60&#8243; sidebar=\u00bbsidebar-1&#8243;][vc_column][mk_fancy_title color=\u00bb#ffffff\u00bb size=\u00bb50&#8243; font_weight=\u00bbbold\u00bb font_style=\u00bbnormal\u00bb txt_transform=\u00bbuppercase\u00bb margin_bottom=\u00bb0&#8243; font_family=\u00bbnone\u00bb align=\u00bbcenter\u00bb] Su punto de encuentro virtual [\/mk_fancy_title][\/vc_column][\/mk_page_section][vc_row fullwidth=\u00bbtrue\u00bb][vc_column][mk_divider style=\u00bbthin_solid\u00bb border_color=\u00bb#14a082&#8243; thickness=\u00bb4&#8243; margin_top=\u00bb0&#8243; margin_bottom=\u00bb50&#8243;][\/vc_column][\/vc_row][vc_row][vc_column][vc_column_text] Imag\u00ednese que tiene una reuni\u00f3n con una persona en un lugar en el que ni usted ni ella ha estado antes, como [&hellip;]<\/p>\n","protected":false},"author":3,"featured_media":7365,"parent":6170,"menu_order":0,"comment_status":"open","ping_status":"open","template":"","meta":{"footnotes":""},"class_list":["post-6474","page","type-page","status-publish","has-post-thumbnail","hentry"],"yoast_head":"<!-- This site is optimized with the Yoast SEO plugin v27.4 - https:\/\/yoast.com\/product\/yoast-seo-wordpress\/ -->\n<title>Su punto de encuentro virtual - ARoglyph<\/title>\n<meta name=\"robots\" content=\"index, follow, max-snippet:-1, max-image-preview:large, max-video-preview:-1\" \/>\n<link rel=\"canonical\" href=\"https:\/\/aroglyph.com\/es\/usage-scenarios\/your-virtual-gathering-place\/\" \/>\n<meta property=\"og:locale\" content=\"es_ES\" \/>\n<meta property=\"og:type\" content=\"article\" \/>\n<meta property=\"og:title\" content=\"Su punto de encuentro virtual - ARoglyph\" \/>\n<meta property=\"og:description\" content=\"[mk_page_section bg_image=\u00bbhttps:\/\/aroglyph.com\/uk\/wp-content\/uploads\/sites\/2\/2015\/05\/your-virtual-gathering-place.jpg\u00bb attachment=\u00bbfixed\u00bb bg_position=\u00bbcenter top\u00bb bg_repeat=\u00bbno-repeat\u00bb bg_stretch=\u00bbtrue\u00bb enable_3d=\u00bbtrue\u00bb gr_end=\u00bb#1e73be\u00bb min_height=\u00bb0&#8243; padding_top=\u00bb550&#8243; padding_bottom=\u00bb60&#8243; sidebar=\u00bbsidebar-1&#8243;][vc_column][mk_fancy_title color=\u00bb#ffffff\u00bb size=\u00bb50&#8243; font_weight=\u00bbbold\u00bb font_style=\u00bbnormal\u00bb txt_transform=\u00bbuppercase\u00bb margin_bottom=\u00bb0&#8243; font_family=\u00bbnone\u00bb align=\u00bbcenter\u00bb] Su punto de encuentro virtual [\/mk_fancy_title][\/vc_column][\/mk_page_section][vc_row fullwidth=\u00bbtrue\u00bb][vc_column][mk_divider style=\u00bbthin_solid\u00bb border_color=\u00bb#14a082&#8243; thickness=\u00bb4&#8243; margin_top=\u00bb0&#8243; margin_bottom=\u00bb50&#8243;][\/vc_column][\/vc_row][vc_row][vc_column][vc_column_text] Imag\u00ednese que tiene una reuni\u00f3n con una persona en un lugar en el que ni usted ni ella ha estado antes, como [&hellip;]\" \/>\n<meta property=\"og:url\" content=\"https:\/\/aroglyph.com\/es\/usage-scenarios\/your-virtual-gathering-place\/\" \/>\n<meta property=\"og:site_name\" content=\"ARoglyph\" \/>\n<meta property=\"article:publisher\" content=\"https:\/\/www.facebook.com\/ARoglyph\" \/>\n<meta property=\"article:modified_time\" content=\"2015-12-28T19:46:07+00:00\" \/>\n<meta property=\"og:image\" content=\"https:\/\/aroglyph.com\/es\/wp-content\/uploads\/sites\/3\/2015\/05\/your-virtual-gathering-place.jpg\" \/>\n\t<meta property=\"og:image:width\" content=\"1920\" \/>\n\t<meta property=\"og:image:height\" content=\"1200\" \/>\n\t<meta property=\"og:image:type\" content=\"image\/jpeg\" \/>\n<meta name=\"twitter:card\" content=\"summary_large_image\" \/>\n<meta name=\"twitter:site\" content=\"@aroglyph\" \/>\n<meta name=\"twitter:label1\" content=\"Tiempo de lectura\" \/>\n\t<meta name=\"twitter:data1\" content=\"7 minutos\" \/>\n<script type=\"application\/ld+json\" class=\"yoast-schema-graph\">{\"@context\":\"https:\\\/\\\/schema.org\",\"@graph\":[{\"@type\":\"WebPage\",\"@id\":\"https:\\\/\\\/aroglyph.com\\\/es\\\/usage-scenarios\\\/your-virtual-gathering-place\\\/\",\"url\":\"https:\\\/\\\/aroglyph.com\\\/es\\\/usage-scenarios\\\/your-virtual-gathering-place\\\/\",\"name\":\"Su punto de encuentro virtual - ARoglyph\",\"isPartOf\":{\"@id\":\"https:\\\/\\\/aroglyph.com\\\/es\\\/#website\"},\"primaryImageOfPage\":{\"@id\":\"https:\\\/\\\/aroglyph.com\\\/es\\\/usage-scenarios\\\/your-virtual-gathering-place\\\/#primaryimage\"},\"image\":{\"@id\":\"https:\\\/\\\/aroglyph.com\\\/es\\\/usage-scenarios\\\/your-virtual-gathering-place\\\/#primaryimage\"},\"thumbnailUrl\":\"https:\\\/\\\/aroglyph.com\\\/es\\\/wp-content\\\/uploads\\\/sites\\\/3\\\/2015\\\/05\\\/your-virtual-gathering-place.jpg\",\"datePublished\":\"2015-05-26T13:09:29+00:00\",\"dateModified\":\"2015-12-28T19:46:07+00:00\",\"breadcrumb\":{\"@id\":\"https:\\\/\\\/aroglyph.com\\\/es\\\/usage-scenarios\\\/your-virtual-gathering-place\\\/#breadcrumb\"},\"inLanguage\":\"es\",\"potentialAction\":[{\"@type\":\"ReadAction\",\"target\":[\"https:\\\/\\\/aroglyph.com\\\/es\\\/usage-scenarios\\\/your-virtual-gathering-place\\\/\"]}]},{\"@type\":\"ImageObject\",\"inLanguage\":\"es\",\"@id\":\"https:\\\/\\\/aroglyph.com\\\/es\\\/usage-scenarios\\\/your-virtual-gathering-place\\\/#primaryimage\",\"url\":\"https:\\\/\\\/aroglyph.com\\\/es\\\/wp-content\\\/uploads\\\/sites\\\/3\\\/2015\\\/05\\\/your-virtual-gathering-place.jpg\",\"contentUrl\":\"https:\\\/\\\/aroglyph.com\\\/es\\\/wp-content\\\/uploads\\\/sites\\\/3\\\/2015\\\/05\\\/your-virtual-gathering-place.jpg\",\"width\":1920,\"height\":1200},{\"@type\":\"BreadcrumbList\",\"@id\":\"https:\\\/\\\/aroglyph.com\\\/es\\\/usage-scenarios\\\/your-virtual-gathering-place\\\/#breadcrumb\",\"itemListElement\":[{\"@type\":\"ListItem\",\"position\":1,\"name\":\"Inicio\",\"item\":\"https:\\\/\\\/aroglyph.com\\\/es\\\/\"},{\"@type\":\"ListItem\",\"position\":2,\"name\":\"Escenarios de uso\",\"item\":\"https:\\\/\\\/aroglyph.com\\\/es\\\/usage-scenarios\\\/\"},{\"@type\":\"ListItem\",\"position\":3,\"name\":\"Su punto de encuentro virtual\"}]},{\"@type\":\"WebSite\",\"@id\":\"https:\\\/\\\/aroglyph.com\\\/es\\\/#website\",\"url\":\"https:\\\/\\\/aroglyph.com\\\/es\\\/\",\"name\":\"ARoglyph\",\"description\":\"\",\"potentialAction\":[{\"@type\":\"SearchAction\",\"target\":{\"@type\":\"EntryPoint\",\"urlTemplate\":\"https:\\\/\\\/aroglyph.com\\\/es\\\/?s={search_term_string}\"},\"query-input\":{\"@type\":\"PropertyValueSpecification\",\"valueRequired\":true,\"valueName\":\"search_term_string\"}}],\"inLanguage\":\"es\"}]}<\/script>\n<!-- \/ Yoast SEO plugin. -->","yoast_head_json":{"title":"Su punto de encuentro virtual - ARoglyph","robots":{"index":"index","follow":"follow","max-snippet":"max-snippet:-1","max-image-preview":"max-image-preview:large","max-video-preview":"max-video-preview:-1"},"canonical":"https:\/\/aroglyph.com\/es\/usage-scenarios\/your-virtual-gathering-place\/","og_locale":"es_ES","og_type":"article","og_title":"Su punto de encuentro virtual - ARoglyph","og_description":"[mk_page_section bg_image=\u00bbhttps:\/\/aroglyph.com\/uk\/wp-content\/uploads\/sites\/2\/2015\/05\/your-virtual-gathering-place.jpg\u00bb attachment=\u00bbfixed\u00bb bg_position=\u00bbcenter top\u00bb bg_repeat=\u00bbno-repeat\u00bb bg_stretch=\u00bbtrue\u00bb enable_3d=\u00bbtrue\u00bb gr_end=\u00bb#1e73be\u00bb min_height=\u00bb0&#8243; padding_top=\u00bb550&#8243; padding_bottom=\u00bb60&#8243; sidebar=\u00bbsidebar-1&#8243;][vc_column][mk_fancy_title color=\u00bb#ffffff\u00bb size=\u00bb50&#8243; font_weight=\u00bbbold\u00bb font_style=\u00bbnormal\u00bb txt_transform=\u00bbuppercase\u00bb margin_bottom=\u00bb0&#8243; font_family=\u00bbnone\u00bb align=\u00bbcenter\u00bb] Su punto de encuentro virtual [\/mk_fancy_title][\/vc_column][\/mk_page_section][vc_row fullwidth=\u00bbtrue\u00bb][vc_column][mk_divider style=\u00bbthin_solid\u00bb border_color=\u00bb#14a082&#8243; thickness=\u00bb4&#8243; margin_top=\u00bb0&#8243; margin_bottom=\u00bb50&#8243;][\/vc_column][\/vc_row][vc_row][vc_column][vc_column_text] Imag\u00ednese que tiene una reuni\u00f3n con una persona en un lugar en el que ni usted ni ella ha estado antes, como [&hellip;]","og_url":"https:\/\/aroglyph.com\/es\/usage-scenarios\/your-virtual-gathering-place\/","og_site_name":"ARoglyph","article_publisher":"https:\/\/www.facebook.com\/ARoglyph","article_modified_time":"2015-12-28T19:46:07+00:00","og_image":[{"width":1920,"height":1200,"url":"https:\/\/aroglyph.com\/es\/wp-content\/uploads\/sites\/3\/2015\/05\/your-virtual-gathering-place.jpg","type":"image\/jpeg"}],"twitter_card":"summary_large_image","twitter_site":"@aroglyph","twitter_misc":{"Tiempo de lectura":"7 minutos"},"schema":{"@context":"https:\/\/schema.org","@graph":[{"@type":"WebPage","@id":"https:\/\/aroglyph.com\/es\/usage-scenarios\/your-virtual-gathering-place\/","url":"https:\/\/aroglyph.com\/es\/usage-scenarios\/your-virtual-gathering-place\/","name":"Su punto de encuentro virtual - ARoglyph","isPartOf":{"@id":"https:\/\/aroglyph.com\/es\/#website"},"primaryImageOfPage":{"@id":"https:\/\/aroglyph.com\/es\/usage-scenarios\/your-virtual-gathering-place\/#primaryimage"},"image":{"@id":"https:\/\/aroglyph.com\/es\/usage-scenarios\/your-virtual-gathering-place\/#primaryimage"},"thumbnailUrl":"https:\/\/aroglyph.com\/es\/wp-content\/uploads\/sites\/3\/2015\/05\/your-virtual-gathering-place.jpg","datePublished":"2015-05-26T13:09:29+00:00","dateModified":"2015-12-28T19:46:07+00:00","breadcrumb":{"@id":"https:\/\/aroglyph.com\/es\/usage-scenarios\/your-virtual-gathering-place\/#breadcrumb"},"inLanguage":"es","potentialAction":[{"@type":"ReadAction","target":["https:\/\/aroglyph.com\/es\/usage-scenarios\/your-virtual-gathering-place\/"]}]},{"@type":"ImageObject","inLanguage":"es","@id":"https:\/\/aroglyph.com\/es\/usage-scenarios\/your-virtual-gathering-place\/#primaryimage","url":"https:\/\/aroglyph.com\/es\/wp-content\/uploads\/sites\/3\/2015\/05\/your-virtual-gathering-place.jpg","contentUrl":"https:\/\/aroglyph.com\/es\/wp-content\/uploads\/sites\/3\/2015\/05\/your-virtual-gathering-place.jpg","width":1920,"height":1200},{"@type":"BreadcrumbList","@id":"https:\/\/aroglyph.com\/es\/usage-scenarios\/your-virtual-gathering-place\/#breadcrumb","itemListElement":[{"@type":"ListItem","position":1,"name":"Inicio","item":"https:\/\/aroglyph.com\/es\/"},{"@type":"ListItem","position":2,"name":"Escenarios de uso","item":"https:\/\/aroglyph.com\/es\/usage-scenarios\/"},{"@type":"ListItem","position":3,"name":"Su punto de encuentro virtual"}]},{"@type":"WebSite","@id":"https:\/\/aroglyph.com\/es\/#website","url":"https:\/\/aroglyph.com\/es\/","name":"ARoglyph","description":"","potentialAction":[{"@type":"SearchAction","target":{"@type":"EntryPoint","urlTemplate":"https:\/\/aroglyph.com\/es\/?s={search_term_string}"},"query-input":{"@type":"PropertyValueSpecification","valueRequired":true,"valueName":"search_term_string"}}],"inLanguage":"es"}]}},"_links":{"self":[{"href":"https:\/\/aroglyph.com\/es\/wp-json\/wp\/v2\/pages\/6474","targetHints":{"allow":["GET"]}}],"collection":[{"href":"https:\/\/aroglyph.com\/es\/wp-json\/wp\/v2\/pages"}],"about":[{"href":"https:\/\/aroglyph.com\/es\/wp-json\/wp\/v2\/types\/page"}],"author":[{"embeddable":true,"href":"https:\/\/aroglyph.com\/es\/wp-json\/wp\/v2\/users\/3"}],"replies":[{"embeddable":true,"href":"https:\/\/aroglyph.com\/es\/wp-json\/wp\/v2\/comments?post=6474"}],"version-history":[{"count":11,"href":"https:\/\/aroglyph.com\/es\/wp-json\/wp\/v2\/pages\/6474\/revisions"}],"predecessor-version":[{"id":7687,"href":"https:\/\/aroglyph.com\/es\/wp-json\/wp\/v2\/pages\/6474\/revisions\/7687"}],"up":[{"embeddable":true,"href":"https:\/\/aroglyph.com\/es\/wp-json\/wp\/v2\/pages\/6170"}],"wp:featuredmedia":[{"embeddable":true,"href":"https:\/\/aroglyph.com\/es\/wp-json\/wp\/v2\/media\/7365"}],"wp:attachment":[{"href":"https:\/\/aroglyph.com\/es\/wp-json\/wp\/v2\/media?parent=6474"}],"curies":[{"name":"wp","href":"https:\/\/api.w.org\/{rel}","templated":true}]}}