{"id":6568,"date":"2015-05-27T10:10:51","date_gmt":"2015-05-27T10:10:51","guid":{"rendered":"http:\/\/aroglyphwp.azurewebsites.net\/?page_id=6568"},"modified":"2015-08-28T11:04:27","modified_gmt":"2015-08-28T11:04:27","slug":"corporate-style-guide","status":"publish","type":"page","link":"https:\/\/aroglyph.com\/es\/corporate-style-guide\/","title":{"rendered":"Gu\u00eda de estilo corporativo"},"content":{"rendered":"<div class=\"wpb-content-wrapper\">[vc_row][vc_column width=\u00bb1\/1&#8243; css=\u00bb.vc_custom_1432540474693{padding-top: 0px !important;padding-bottom: 120px !important;}\u00bb][vc_row_inner attached=\u00bbfalse\u00bb padding=\u00bb1&#8243;][vc_column_inner width=\u00bb1\/1&#8243;][mk_fancy_title tag_name=\u00bbh2&#8243; style=\u00bbfalse\u00bb color=\u00bb#393836&#8243; size=\u00bb20&#8243; font_weight=\u00bbbold\u00bb font_style=\u00bbnormal\u00bb txt_transform=\u00bbuppercase\u00bb letter_spacing=\u00bb1&#8243; margin_top=\u00bb10&#8243; margin_bottom=\u00bb0&#8243; font_family=\u00bbnone\u00bb align=\u00bbleft\u00bb]\n<p>Introducci\u00f3n<\/p>\n[\/mk_fancy_title][mk_divider style=\u00bbthin_solid\u00bb divider_width=\u00bbcustom_width\u00bb custom_width=\u00bb100&#8243; align=\u00bbleft\u00bb border_color=\u00bb#14a082&#8243; thickness=\u00bb2&#8243; margin_top=\u00bb0&#8243; margin_bottom=\u00bb20&#8243;][\/vc_column_inner][vc_column_inner width=\u00bb1\/1&#8243;][vc_column_text disable_pattern=\u00bbtrue\u00bb align=\u00bbleft\u00bb margin_bottom=\u00bb0&#8243;]Esta gu\u00eda provee informaci\u00f3n para que la experiencia del usuario sea fluida y elegante al utilizar los elementos de estilo de ARoglyph\u00ae.<\/p>\n<p>Para mantener la experiencia en el nivel m\u00e1s alto, esta gu\u00eda debe ser aplicada al uso de todo el material independientemente de d\u00f3nde se publica, en l\u00ednea o fuera de l\u00ednea. Las marcas indicadas en esta gu\u00eda son propiedad de ARoglyph Inc. Cualquier uso inapropiado de dichas marcas est\u00e1 prohibido.[\/vc_column_text][\/vc_column_inner][vc_column_inner width=\u00bb1\/1&#8243; css=\u00bb.vc_custom_1432537951134{padding-bottom: 20px !important;}\u00bb][vc_empty_space height=\u00bb20&#8243;][vc_separator color=\u00bbgrey\u00bb align=\u00bbalign_center\u00bb][\/vc_column_inner][\/vc_row_inner][mk_fancy_title tag_name=\u00bbh2&#8243; style=\u00bbfalse\u00bb color=\u00bb#393836&#8243; size=\u00bb20&#8243; font_weight=\u00bbbold\u00bb font_style=\u00bbnormal\u00bb txt_transform=\u00bbuppercase\u00bb letter_spacing=\u00bb1&#8243; margin_top=\u00bb10&#8243; margin_bottom=\u00bb0&#8243; font_family=\u00bbnone\u00bb align=\u00bbleft\u00bb]\n<p>Marca<\/p>\n[\/mk_fancy_title][mk_divider style=\u00bbthin_solid\u00bb divider_width=\u00bbcustom_width\u00bb custom_width=\u00bb100&#8243; align=\u00bbleft\u00bb border_color=\u00bb#14a082&#8243; thickness=\u00bb2&#8243; margin_top=\u00bb0&#8243; margin_bottom=\u00bb20&#8243; el_class=\u00bb\u00bb][vc_column_text disable_pattern=\u00bbtrue\u00bb align=\u00bbleft\u00bb margin_bottom=\u00bb0&#8243;]El nombre oficial de la empresa es ARoglyph Inc. El nombre oficial del producto es ARoglyph\u00ae. Cuando el nombre del producto es utilizado en un texto, es necesario poner en may\u00fascula las dos letras al principio del nombre o bien todas las letras del nombre: ARoglyph o AROGLYPH. El s\u00edmbolo de una marca registrada (R) debe utilizarse en el primer uso del nombre del producto.<\/p>\n<p>Siempre y cuando sea posible utilizar una imagen de la marca, por favor, utilice una de las im\u00e1genes disponibles para la descarga en las secciones que aparecen abajo.[\/vc_column_text][mk_fancy_title tag_name=\u00bbh2&#8243; style=\u00bbfalse\u00bb color=\u00bb#393836&#8243; size=\u00bb20&#8243; font_weight=\u00bbbold\u00bb font_style=\u00bbnormal\u00bb txt_transform=\u00bbuppercase\u00bb letter_spacing=\u00bb1&#8243; margin_top=\u00bb10&#8243; margin_bottom=\u00bb0&#8243; font_family=\u00bbnone\u00bb align=\u00bbleft\u00bb]\n<p>Logotipo<\/p>\n[\/mk_fancy_title][mk_divider style=\u00bbthin_solid\u00bb divider_width=\u00bbcustom_width\u00bb custom_width=\u00bb100&#8243; align=\u00bbleft\u00bb border_color=\u00bb#14a082&#8243; thickness=\u00bb2&#8243; margin_top=\u00bb0&#8243; margin_bottom=\u00bb20&#8243; el_class=\u00bb\u00bb][vc_column_text disable_pattern=\u00bbtrue\u00bb align=\u00bbleft\u00bb margin_bottom=\u00bb0&#8243;]\n<p>El logotipo representa un jerogl\u00edfico que aparece en la vista lateral de la cabeza de toro, tal y como fue dibujado por el pueblo antiguo.<\/p>\n[\/vc_column_text][vc_single_image image=\u00bb6573&#8243; alignment=\u00bbcenter\u00bb border_color=\u00bbgrey\u00bb img_link_large=\u00bb\u00bb img_link_target=\u00bb_self\u00bb img_size=\u00bbfull\u00bb css=\u00bb.vc_custom_1432722324020{margin-bottom: -30px !important;}\u00bb][vc_column_text disable_pattern=\u00bbtrue\u00bb align=\u00bbcenter\u00bb margin_bottom=\u00bb0&#8243;]\n<p style=\"font-size: 13px;\">Descargar logotipo en <a href=\"\/wp-content\/uploads\/files\/ARoglyph-logo.eps\">EPS<\/a> &#8211; <a href=\"\/wp-content\/uploads\/files\/ARoglyph-logo.png\">PNG<\/a><\/p>\n[\/vc_column_text][vc_column_text disable_pattern=\u00bbtrue\u00bb align=\u00bbleft\u00bb margin_bottom=\u00bb0&#8243;]El logotipo debe ser utilizado tal y como lo provee ARoglyph Inc., sin ning\u00fan cambio, incluyendo los colores y proporciones.<\/p>\n<p>El logotipo no debe ser utilizado en sustituci\u00f3n del nombre de ARoglyph Inc. como nombre de empresa o de sus productos y servicios en los materiales de texto.[\/vc_column_text][vc_empty_space height=\u00bb20&#8243;][vc_separator color=\u00bbgrey\u00bb align=\u00bbalign_center\u00bb style=\u00bb\u00bb border_width=\u00bb\u00bb el_width=\u00bb\u00bb][mk_fancy_title tag_name=\u00bbh2&#8243; style=\u00bbfalse\u00bb color=\u00bb#393836&#8243; size=\u00bb20&#8243; font_weight=\u00bbbold\u00bb font_style=\u00bbnormal\u00bb txt_transform=\u00bbuppercase\u00bb letter_spacing=\u00bb1&#8243; margin_top=\u00bb10&#8243; margin_bottom=\u00bb0&#8243; font_family=\u00bbnone\u00bb align=\u00bbleft\u00bb]\n<p>Formatos<\/p>\n[\/mk_fancy_title][mk_divider style=\u00bbthin_solid\u00bb divider_width=\u00bbcustom_width\u00bb custom_width=\u00bb100&#8243; align=\u00bbleft\u00bb border_color=\u00bb#14a082&#8243; thickness=\u00bb2&#8243; margin_top=\u00bb0&#8243; margin_bottom=\u00bb20&#8243; el_class=\u00bb\u00bb][vc_column_text disable_pattern=\u00bbtrue\u00bb align=\u00bbleft\u00bb margin_bottom=\u00bb0&#8243;]\n<p>Los colores del logotipo son el verdemar, el negro o el blanco.<\/p>\n[\/vc_column_text][vc_single_image image=\u00bb6582&#8243; alignment=\u00bbcenter\u00bb style=\u00bb\u00bb border_color=\u00bbgrey\u00bb img_link_large=\u00bb\u00bb img_link_target=\u00bb_self\u00bb css_animation=\u00bb\u00bb img_size=\u00bbfull\u00bb css=\u00bb.vc_custom_1432722738640{margin-bottom: -15px !important;}\u00bb][vc_column_text disable_pattern=\u00bbtrue\u00bb align=\u00bbcenter\u00bb margin_bottom=\u00bb0&#8243;]\n<p style=\"font-size: 13px;\">Descargar las versiones del logotipo\u00a0 <a href=\"\/wp-content\/uploads\/files\/ARoglyph-logo-green-sea.eps\">EPS<\/a> &#8211; <a href=\"\/wp-content\/uploads\/files\/ARoglyph-logo-green-sea.png\">PNG<\/a> | <a href=\"\/wp-content\/uploads\/files\/ARoglyph-logo.eps\">EPS<\/a> &#8211; <a href=\"\/wp-content\/uploads\/files\/ARoglyph-logo.png\">PNG<\/a> | <a href=\"\/wp-content\/uploads\/files\/ARoglyph-logo-white-on-green-sea.eps\">EPS<\/a> &#8211; <a href=\"\/wp-content\/uploads\/files\/ARoglyph-logo-white-on-green-sea.png\">PNG<\/a> | <a href=\"\/wp-content\/uploads\/files\/ARoglyph-logo-white-on-dark-grey.eps\">EPS<\/a> &#8211; <a href=\"\/wp-content\/uploads\/files\/ARoglyph-logo-white-on-dark-grey.png\">PNG<\/a><\/p>\n[\/vc_column_text][vc_empty_space height=\u00bb20&#8243;][vc_separator color=\u00bbgrey\u00bb align=\u00bbalign_center\u00bb style=\u00bb\u00bb border_width=\u00bb\u00bb el_width=\u00bb\u00bb][mk_fancy_title tag_name=\u00bbh2&#8243; style=\u00bbfalse\u00bb color=\u00bb#393836&#8243; size=\u00bb20&#8243; font_weight=\u00bbbold\u00bb font_style=\u00bbnormal\u00bb txt_transform=\u00bbuppercase\u00bb letter_spacing=\u00bb1&#8243; margin_top=\u00bb10&#8243; margin_bottom=\u00bb0&#8243; font_family=\u00bbnone\u00bb align=\u00bbleft\u00bb]\n<p>Colores<\/p>\n[\/mk_fancy_title][mk_divider style=\u00bbthin_solid\u00bb divider_width=\u00bbcustom_width\u00bb custom_width=\u00bb100&#8243; align=\u00bbleft\u00bb border_color=\u00bb#14a082&#8243; thickness=\u00bb2&#8243; margin_top=\u00bb0&#8243; margin_bottom=\u00bb20&#8243; el_class=\u00bb\u00bb][vc_column_text disable_pattern=\u00bbtrue\u00bb align=\u00bbleft\u00bb margin_bottom=\u00bb0&#8243;]\n<p>Paleta de colores. El negro (#000000) y el blanco (#ffffff) tambi\u00e9n est\u00e1n incluidos.<\/p>\n[\/vc_column_text][vc_single_image image=\u00bb6587&#8243; alignment=\u00bbcenter\u00bb border_color=\u00bbgrey\u00bb img_link_large=\u00bb\u00bb img_link_target=\u00bb_self\u00bb img_size=\u00bbfull\u00bb css=\u00bb.vc_custom_1432722813512{margin-bottom: -15px !important;}\u00bb][vc_empty_space height=\u00bb20&#8243;][vc_separator color=\u00bbgrey\u00bb align=\u00bbalign_center\u00bb style=\u00bb\u00bb border_width=\u00bb\u00bb el_width=\u00bb\u00bb][mk_fancy_title tag_name=\u00bbh2&#8243; style=\u00bbfalse\u00bb color=\u00bb#393836&#8243; size=\u00bb20&#8243; font_weight=\u00bbbold\u00bb font_style=\u00bbnormal\u00bb txt_transform=\u00bbuppercase\u00bb letter_spacing=\u00bb1&#8243; margin_top=\u00bb10&#8243; margin_bottom=\u00bb0&#8243; font_family=\u00bbnone\u00bb align=\u00bbleft\u00bb]\n<p>Tipograf\u00eda<\/p>\n[\/mk_fancy_title][mk_divider style=\u00bbthin_solid\u00bb divider_width=\u00bbcustom_width\u00bb custom_width=\u00bb100&#8243; align=\u00bbleft\u00bb border_color=\u00bb#14a082&#8243; thickness=\u00bb2&#8243; margin_top=\u00bb0&#8243; margin_bottom=\u00bb20&#8243; el_class=\u00bb\u00bb][vc_single_image image=\u00bb6589&#8243; alignment=\u00bbcenter\u00bb border_color=\u00bbgrey\u00bb img_link_large=\u00bb\u00bb img_link_target=\u00bb_self\u00bb img_size=\u00bbfull\u00bb css=\u00bb.vc_custom_1432722926191{margin-bottom: -15px !important;}\u00bb][vc_empty_space height=\u00bb20&#8243;][vc_separator color=\u00bbgrey\u00bb align=\u00bbalign_center\u00bb style=\u00bb\u00bb border_width=\u00bb\u00bb el_width=\u00bb\u00bb][mk_fancy_title tag_name=\u00bbh2&#8243; style=\u00bbfalse\u00bb color=\u00bb#393836&#8243; size=\u00bb20&#8243; font_weight=\u00bbbold\u00bb font_style=\u00bbnormal\u00bb txt_transform=\u00bbuppercase\u00bb letter_spacing=\u00bb1&#8243; margin_top=\u00bb10&#8243; font_family=\u00bbnone\u00bb align=\u00bbleft\u00bb margin_bottom=\u00bb18&#8243;]\n<p>Eslogan<\/p>\n[\/mk_fancy_title][mk_divider style=\u00bbthin_solid\u00bb divider_width=\u00bbcustom_width\u00bb custom_width=\u00bb100&#8243; align=\u00bbleft\u00bb border_color=\u00bb#14a082&#8243; thickness=\u00bb2&#8243; margin_top=\u00bb0&#8243; margin_bottom=\u00bb20&#8243; el_class=\u00bb\u00bb][vc_column_text disable_pattern=\u00bbtrue\u00bb align=\u00bbleft\u00bb margin_bottom=\u00bb0&#8243;]\n<p>El eslogan es <strong>Re-mark-able<\/strong>. El eslogan no debe ser cambiado, ni acortado, ni extendido de ninguna manera.<\/p>\n[\/vc_column_text][vc_empty_space height=\u00bb20&#8243;][vc_separator color=\u00bbgrey\u00bb align=\u00bbalign_center\u00bb style=\u00bb\u00bb border_width=\u00bb\u00bb el_width=\u00bb\u00bb][mk_fancy_title tag_name=\u00bbh2&#8243; style=\u00bbfalse\u00bb color=\u00bb#393836&#8243; size=\u00bb20&#8243; font_weight=\u00bbbold\u00bb font_style=\u00bbnormal\u00bb txt_transform=\u00bbuppercase\u00bb letter_spacing=\u00bb1&#8243; margin_top=\u00bb10&#8243; margin_bottom=\u00bb18&#8243; font_family=\u00bbnone\u00bb align=\u00bbleft\u00bb]\n<p>Observaciones<\/p>\n[\/mk_fancy_title][mk_divider style=\u00bbthin_solid\u00bb divider_width=\u00bbcustom_width\u00bb custom_width=\u00bb100&#8243; align=\u00bbleft\u00bb border_color=\u00bb#14a082&#8243; thickness=\u00bb2&#8243; margin_top=\u00bb0&#8243; margin_bottom=\u00bb20&#8243; el_class=\u00bb\u00bb][vc_column_text disable_pattern=\u00bbtrue\u00bb align=\u00bbleft\u00bb margin_bottom=\u00bb0&#8243;]\n<p>ARoglyph Inc. se reserva el derecho de introducir en las normas citadas cambios que considere necesarios o apropiados. Para obtener informaci\u00f3n adicional sobre las marcas, por favor, consulte las Normas sobre las <a href=\"\/legal#tabtrademarkguidelines\">Marcas Registradas<\/a>.<\/p>\n[\/vc_column_text][\/vc_column][\/vc_row]\n<\/div>","protected":false},"excerpt":{"rendered":"<p>[vc_row][vc_column width=\u00bb1\/1&#8243; css=\u00bb.vc_custom_1432540474693{padding-top: 0px !important;padding-bottom: 120px !important;}\u00bb][vc_row_inner attached=\u00bbfalse\u00bb padding=\u00bb1&#8243;][vc_column_inner width=\u00bb1\/1&#8243;][mk_fancy_title tag_name=\u00bbh2&#8243; style=\u00bbfalse\u00bb color=\u00bb#393836&#8243; size=\u00bb20&#8243; font_weight=\u00bbbold\u00bb font_style=\u00bbnormal\u00bb txt_transform=\u00bbuppercase\u00bb letter_spacing=\u00bb1&#8243; margin_top=\u00bb10&#8243; margin_bottom=\u00bb0&#8243; font_family=\u00bbnone\u00bb align=\u00bbleft\u00bb] Introducci\u00f3n [\/mk_fancy_title][mk_divider style=\u00bbthin_solid\u00bb divider_width=\u00bbcustom_width\u00bb custom_width=\u00bb100&#8243; align=\u00bbleft\u00bb border_color=\u00bb#14a082&#8243; thickness=\u00bb2&#8243; margin_top=\u00bb0&#8243; margin_bottom=\u00bb20&#8243;][\/vc_column_inner][vc_column_inner width=\u00bb1\/1&#8243;][vc_column_text disable_pattern=\u00bbtrue\u00bb align=\u00bbleft\u00bb margin_bottom=\u00bb0&#8243;]Esta gu\u00eda provee informaci\u00f3n para que la experiencia del usuario sea fluida y elegante al utilizar los elementos de estilo [&hellip;]<\/p>\n","protected":false},"author":3,"featured_media":0,"parent":0,"menu_order":0,"comment_status":"open","ping_status":"open","template":"","meta":{"footnotes":""},"class_list":["post-6568","page","type-page","status-publish","hentry"],"yoast_head":"<!-- This site is optimized with the Yoast SEO plugin v27.4 - https:\/\/yoast.com\/product\/yoast-seo-wordpress\/ -->\n<title>Gu\u00eda de estilo corporativo<\/title>\n<meta name=\"robots\" content=\"index, follow, max-snippet:-1, max-image-preview:large, max-video-preview:-1\" \/>\n<link rel=\"canonical\" href=\"https:\/\/aroglyph.com\/es\/corporate-style-guide\/\" \/>\n<meta property=\"og:locale\" content=\"es_ES\" \/>\n<meta property=\"og:type\" content=\"article\" \/>\n<meta property=\"og:title\" content=\"Gu\u00eda de estilo corporativo\" \/>\n<meta property=\"og:description\" content=\"[vc_row][vc_column width=\u00bb1\/1&#8243; css=\u00bb.vc_custom_1432540474693{padding-top: 0px !important;padding-bottom: 120px !important;}\u00bb][vc_row_inner attached=\u00bbfalse\u00bb padding=\u00bb1&#8243;][vc_column_inner width=\u00bb1\/1&#8243;][mk_fancy_title tag_name=\u00bbh2&#8243; style=\u00bbfalse\u00bb color=\u00bb#393836&#8243; size=\u00bb20&#8243; font_weight=\u00bbbold\u00bb font_style=\u00bbnormal\u00bb txt_transform=\u00bbuppercase\u00bb letter_spacing=\u00bb1&#8243; margin_top=\u00bb10&#8243; margin_bottom=\u00bb0&#8243; font_family=\u00bbnone\u00bb align=\u00bbleft\u00bb] Introducci\u00f3n [\/mk_fancy_title][mk_divider style=\u00bbthin_solid\u00bb divider_width=\u00bbcustom_width\u00bb custom_width=\u00bb100&#8243; align=\u00bbleft\u00bb border_color=\u00bb#14a082&#8243; thickness=\u00bb2&#8243; margin_top=\u00bb0&#8243; margin_bottom=\u00bb20&#8243;][\/vc_column_inner][vc_column_inner width=\u00bb1\/1&#8243;][vc_column_text disable_pattern=\u00bbtrue\u00bb align=\u00bbleft\u00bb margin_bottom=\u00bb0&#8243;]Esta gu\u00eda provee informaci\u00f3n para que la experiencia del usuario sea fluida y elegante al utilizar los elementos de estilo [&hellip;]\" \/>\n<meta property=\"og:url\" content=\"https:\/\/aroglyph.com\/es\/corporate-style-guide\/\" \/>\n<meta property=\"og:site_name\" content=\"ARoglyph\" \/>\n<meta property=\"article:publisher\" content=\"https:\/\/www.facebook.com\/ARoglyph\" \/>\n<meta property=\"article:modified_time\" content=\"2015-08-28T11:04:27+00:00\" \/>\n<meta property=\"og:image\" content=\"https:\/\/aroglyph.com\/es\/wp-content\/uploads\/sites\/3\/2015\/11\/aroglyph-sharing-es.png\" \/>\n\t<meta property=\"og:image:width\" content=\"1000\" \/>\n\t<meta property=\"og:image:height\" content=\"625\" \/>\n\t<meta property=\"og:image:type\" content=\"image\/png\" \/>\n<meta name=\"twitter:card\" content=\"summary_large_image\" \/>\n<meta name=\"twitter:site\" content=\"@aroglyph\" \/>\n<meta name=\"twitter:label1\" content=\"Tiempo de lectura\" \/>\n\t<meta name=\"twitter:data1\" content=\"6 minutos\" \/>\n<script type=\"application\/ld+json\" class=\"yoast-schema-graph\">{\"@context\":\"https:\\\/\\\/schema.org\",\"@graph\":[{\"@type\":\"WebPage\",\"@id\":\"https:\\\/\\\/aroglyph.com\\\/es\\\/corporate-style-guide\\\/\",\"url\":\"https:\\\/\\\/aroglyph.com\\\/es\\\/corporate-style-guide\\\/\",\"name\":\"Gu\u00eda de estilo corporativo\",\"isPartOf\":{\"@id\":\"https:\\\/\\\/aroglyph.com\\\/es\\\/#website\"},\"datePublished\":\"2015-05-27T10:10:51+00:00\",\"dateModified\":\"2015-08-28T11:04:27+00:00\",\"breadcrumb\":{\"@id\":\"https:\\\/\\\/aroglyph.com\\\/es\\\/corporate-style-guide\\\/#breadcrumb\"},\"inLanguage\":\"es\",\"potentialAction\":[{\"@type\":\"ReadAction\",\"target\":[\"https:\\\/\\\/aroglyph.com\\\/es\\\/corporate-style-guide\\\/\"]}]},{\"@type\":\"BreadcrumbList\",\"@id\":\"https:\\\/\\\/aroglyph.com\\\/es\\\/corporate-style-guide\\\/#breadcrumb\",\"itemListElement\":[{\"@type\":\"ListItem\",\"position\":1,\"name\":\"Inicio\",\"item\":\"https:\\\/\\\/aroglyph.com\\\/es\\\/\"},{\"@type\":\"ListItem\",\"position\":2,\"name\":\"Gu\u00eda de estilo corporativo\"}]},{\"@type\":\"WebSite\",\"@id\":\"https:\\\/\\\/aroglyph.com\\\/es\\\/#website\",\"url\":\"https:\\\/\\\/aroglyph.com\\\/es\\\/\",\"name\":\"ARoglyph\",\"description\":\"\",\"potentialAction\":[{\"@type\":\"SearchAction\",\"target\":{\"@type\":\"EntryPoint\",\"urlTemplate\":\"https:\\\/\\\/aroglyph.com\\\/es\\\/?s={search_term_string}\"},\"query-input\":{\"@type\":\"PropertyValueSpecification\",\"valueRequired\":true,\"valueName\":\"search_term_string\"}}],\"inLanguage\":\"es\"}]}<\/script>\n<!-- \/ Yoast SEO plugin. -->","yoast_head_json":{"title":"Gu\u00eda de estilo corporativo","robots":{"index":"index","follow":"follow","max-snippet":"max-snippet:-1","max-image-preview":"max-image-preview:large","max-video-preview":"max-video-preview:-1"},"canonical":"https:\/\/aroglyph.com\/es\/corporate-style-guide\/","og_locale":"es_ES","og_type":"article","og_title":"Gu\u00eda de estilo corporativo","og_description":"[vc_row][vc_column width=\u00bb1\/1&#8243; css=\u00bb.vc_custom_1432540474693{padding-top: 0px !important;padding-bottom: 120px !important;}\u00bb][vc_row_inner attached=\u00bbfalse\u00bb padding=\u00bb1&#8243;][vc_column_inner width=\u00bb1\/1&#8243;][mk_fancy_title tag_name=\u00bbh2&#8243; style=\u00bbfalse\u00bb color=\u00bb#393836&#8243; size=\u00bb20&#8243; font_weight=\u00bbbold\u00bb font_style=\u00bbnormal\u00bb txt_transform=\u00bbuppercase\u00bb letter_spacing=\u00bb1&#8243; margin_top=\u00bb10&#8243; margin_bottom=\u00bb0&#8243; font_family=\u00bbnone\u00bb align=\u00bbleft\u00bb] Introducci\u00f3n [\/mk_fancy_title][mk_divider style=\u00bbthin_solid\u00bb divider_width=\u00bbcustom_width\u00bb custom_width=\u00bb100&#8243; align=\u00bbleft\u00bb border_color=\u00bb#14a082&#8243; thickness=\u00bb2&#8243; margin_top=\u00bb0&#8243; margin_bottom=\u00bb20&#8243;][\/vc_column_inner][vc_column_inner width=\u00bb1\/1&#8243;][vc_column_text disable_pattern=\u00bbtrue\u00bb align=\u00bbleft\u00bb margin_bottom=\u00bb0&#8243;]Esta gu\u00eda provee informaci\u00f3n para que la experiencia del usuario sea fluida y elegante al utilizar los elementos de estilo [&hellip;]","og_url":"https:\/\/aroglyph.com\/es\/corporate-style-guide\/","og_site_name":"ARoglyph","article_publisher":"https:\/\/www.facebook.com\/ARoglyph","article_modified_time":"2015-08-28T11:04:27+00:00","og_image":[{"width":1000,"height":625,"url":"https:\/\/aroglyph.com\/es\/wp-content\/uploads\/sites\/3\/2015\/11\/aroglyph-sharing-es.png","type":"image\/png"}],"twitter_card":"summary_large_image","twitter_site":"@aroglyph","twitter_misc":{"Tiempo de lectura":"6 minutos"},"schema":{"@context":"https:\/\/schema.org","@graph":[{"@type":"WebPage","@id":"https:\/\/aroglyph.com\/es\/corporate-style-guide\/","url":"https:\/\/aroglyph.com\/es\/corporate-style-guide\/","name":"Gu\u00eda de estilo corporativo","isPartOf":{"@id":"https:\/\/aroglyph.com\/es\/#website"},"datePublished":"2015-05-27T10:10:51+00:00","dateModified":"2015-08-28T11:04:27+00:00","breadcrumb":{"@id":"https:\/\/aroglyph.com\/es\/corporate-style-guide\/#breadcrumb"},"inLanguage":"es","potentialAction":[{"@type":"ReadAction","target":["https:\/\/aroglyph.com\/es\/corporate-style-guide\/"]}]},{"@type":"BreadcrumbList","@id":"https:\/\/aroglyph.com\/es\/corporate-style-guide\/#breadcrumb","itemListElement":[{"@type":"ListItem","position":1,"name":"Inicio","item":"https:\/\/aroglyph.com\/es\/"},{"@type":"ListItem","position":2,"name":"Gu\u00eda de estilo corporativo"}]},{"@type":"WebSite","@id":"https:\/\/aroglyph.com\/es\/#website","url":"https:\/\/aroglyph.com\/es\/","name":"ARoglyph","description":"","potentialAction":[{"@type":"SearchAction","target":{"@type":"EntryPoint","urlTemplate":"https:\/\/aroglyph.com\/es\/?s={search_term_string}"},"query-input":{"@type":"PropertyValueSpecification","valueRequired":true,"valueName":"search_term_string"}}],"inLanguage":"es"}]}},"_links":{"self":[{"href":"https:\/\/aroglyph.com\/es\/wp-json\/wp\/v2\/pages\/6568","targetHints":{"allow":["GET"]}}],"collection":[{"href":"https:\/\/aroglyph.com\/es\/wp-json\/wp\/v2\/pages"}],"about":[{"href":"https:\/\/aroglyph.com\/es\/wp-json\/wp\/v2\/types\/page"}],"author":[{"embeddable":true,"href":"https:\/\/aroglyph.com\/es\/wp-json\/wp\/v2\/users\/3"}],"replies":[{"embeddable":true,"href":"https:\/\/aroglyph.com\/es\/wp-json\/wp\/v2\/comments?post=6568"}],"version-history":[{"count":24,"href":"https:\/\/aroglyph.com\/es\/wp-json\/wp\/v2\/pages\/6568\/revisions"}],"predecessor-version":[{"id":7500,"href":"https:\/\/aroglyph.com\/es\/wp-json\/wp\/v2\/pages\/6568\/revisions\/7500"}],"wp:attachment":[{"href":"https:\/\/aroglyph.com\/es\/wp-json\/wp\/v2\/media?parent=6568"}],"curies":[{"name":"wp","href":"https:\/\/api.w.org\/{rel}","templated":true}]}}