{"id":7420,"date":"2015-08-05T09:22:41","date_gmt":"2015-08-05T09:22:41","guid":{"rendered":"https:\/\/aroglyph.com\/uk\/?page_id=7420"},"modified":"2015-08-31T06:04:59","modified_gmt":"2015-08-31T06:04:59","slug":"for-infrastructure-companies-and-big-businesses","status":"publish","type":"page","link":"https:\/\/aroglyph.com\/es\/for-businesses\/for-infrastructure-companies-and-big-businesses\/","title":{"rendered":"Para empresas de infraestructuras y grandes negocios"},"content":{"rendered":"<div class=\"wpb-content-wrapper\">[vc_row][vc_column width=\u00bb1\/1&#8243; css=\u00bb.vc_custom_1432540474693{padding-top: 0px !important;padding-bottom: 120px !important;}\u00bb][vc_row_inner attached=\u00bbfalse\u00bb padding=\u00bb1&#8243;][vc_column_inner width=\u00bb1\/1&#8243;][mk_fancy_title tag_name=\u00bbh1&#8243; style=\u00bbfalse\u00bb color=\u00bb#393836&#8243; size=\u00bb32&#8243; font_weight=\u00bb900&#8243; font_style=\u00bbinhert\u00bb letter_spacing=\u00bb0&#8243; margin_top=\u00bb0&#8243; margin_bottom=\u00bb20&#8243; font_family=\u00bbnone\u00bb align=\u00bbleft\u00bb]\n<p>Para empresas de infraestructuras y grandes negocios<\/p>\n[\/mk_fancy_title][\/vc_column_inner][vc_column_inner width=\u00bb1\/2&#8243;][vc_column_text disable_pattern=\u00bbtrue\u00bb align=\u00bbleft\u00bb margin_bottom=\u00bb0&#8243;]\n<p>Si sus marcas no son de inter\u00e9s para la gente com\u00fan pero aun as\u00ed necesita marcar sus objetos de infraestructura, tambi\u00e9n puede beneficiarse de la plataforma ARoglyph. A petici\u00f3n, podemos ofrecer un Sistema de software personalizado (m\u00f3dulos del lado del servidor, apps de clientes para Android y iOS) para su negocio. Podemos crear tal sistema desde la plataforma ARoglyph y, a t\u00edtulo facultativo, ejecutar y mantener una soluci\u00f3n personalizada para usted. <a href=\"\/es\/contacts\/\">Solicitar informaci\u00f3n<\/a><\/p>\n[\/vc_column_text][\/vc_column_inner][vc_column_inner width=\u00bb1\/2&#8243;][vc_single_image image=\u00bb7473&#8243; border_color=\u00bbgrey\u00bb img_link_large=\u00bb\u00bb img_link_target=\u00bb_self\u00bb alignment=\u00bbcenter\u00bb img_size=\u00bblarge\u00bb][\/vc_column_inner][\/vc_row_inner][\/vc_column][\/vc_row]\n<\/div>","protected":false},"excerpt":{"rendered":"<p>[vc_row][vc_column width=\u00bb1\/1&#8243; css=\u00bb.vc_custom_1432540474693{padding-top: 0px !important;padding-bottom: 120px !important;}\u00bb][vc_row_inner attached=\u00bbfalse\u00bb padding=\u00bb1&#8243;][vc_column_inner width=\u00bb1\/1&#8243;][mk_fancy_title tag_name=\u00bbh1&#8243; style=\u00bbfalse\u00bb color=\u00bb#393836&#8243; size=\u00bb32&#8243; font_weight=\u00bb900&#8243; font_style=\u00bbinhert\u00bb letter_spacing=\u00bb0&#8243; margin_top=\u00bb0&#8243; margin_bottom=\u00bb20&#8243; font_family=\u00bbnone\u00bb align=\u00bbleft\u00bb] Para empresas de infraestructuras y grandes negocios [\/mk_fancy_title][\/vc_column_inner][vc_column_inner width=\u00bb1\/2&#8243;][vc_column_text disable_pattern=\u00bbtrue\u00bb align=\u00bbleft\u00bb margin_bottom=\u00bb0&#8243;] Si sus marcas no son de inter\u00e9s para la gente com\u00fan pero aun as\u00ed necesita marcar sus objetos de infraestructura, tambi\u00e9n puede [&hellip;]<\/p>\n","protected":false},"author":1,"featured_media":7473,"parent":7412,"menu_order":0,"comment_status":"open","ping_status":"open","template":"","meta":{"footnotes":""},"class_list":["post-7420","page","type-page","status-publish","has-post-thumbnail","hentry"],"yoast_head":"<!-- This site is optimized with the Yoast SEO plugin v27.3 - https:\/\/yoast.com\/product\/yoast-seo-wordpress\/ -->\n<title>Para empresas de infraestructuras y grandes negocios - ARoglyph<\/title>\n<meta name=\"robots\" content=\"index, follow, max-snippet:-1, max-image-preview:large, max-video-preview:-1\" \/>\n<link rel=\"canonical\" href=\"https:\/\/aroglyph.com\/es\/for-businesses\/for-infrastructure-companies-and-big-businesses\/\" \/>\n<meta property=\"og:locale\" content=\"es_ES\" \/>\n<meta property=\"og:type\" content=\"article\" \/>\n<meta property=\"og:title\" content=\"Para empresas de infraestructuras y grandes negocios - ARoglyph\" \/>\n<meta property=\"og:description\" content=\"[vc_row][vc_column width=\u00bb1\/1&#8243; css=\u00bb.vc_custom_1432540474693{padding-top: 0px !important;padding-bottom: 120px !important;}\u00bb][vc_row_inner attached=\u00bbfalse\u00bb padding=\u00bb1&#8243;][vc_column_inner width=\u00bb1\/1&#8243;][mk_fancy_title tag_name=\u00bbh1&#8243; style=\u00bbfalse\u00bb color=\u00bb#393836&#8243; size=\u00bb32&#8243; font_weight=\u00bb900&#8243; font_style=\u00bbinhert\u00bb letter_spacing=\u00bb0&#8243; margin_top=\u00bb0&#8243; margin_bottom=\u00bb20&#8243; font_family=\u00bbnone\u00bb align=\u00bbleft\u00bb] Para empresas de infraestructuras y grandes negocios [\/mk_fancy_title][\/vc_column_inner][vc_column_inner width=\u00bb1\/2&#8243;][vc_column_text disable_pattern=\u00bbtrue\u00bb align=\u00bbleft\u00bb margin_bottom=\u00bb0&#8243;] Si sus marcas no son de inter\u00e9s para la gente com\u00fan pero aun as\u00ed necesita marcar sus objetos de infraestructura, tambi\u00e9n puede [&hellip;]\" \/>\n<meta property=\"og:url\" content=\"https:\/\/aroglyph.com\/es\/for-businesses\/for-infrastructure-companies-and-big-businesses\/\" \/>\n<meta property=\"og:site_name\" content=\"ARoglyph\" \/>\n<meta property=\"article:publisher\" content=\"https:\/\/www.facebook.com\/ARoglyph\" \/>\n<meta property=\"article:modified_time\" content=\"2015-08-31T06:04:59+00:00\" \/>\n<meta property=\"og:image\" content=\"https:\/\/aroglyph.com\/es\/wp-content\/uploads\/sites\/3\/2015\/08\/for-infrastructure-companies-.jpg\" \/>\n\t<meta property=\"og:image:width\" content=\"1800\" \/>\n\t<meta property=\"og:image:height\" content=\"1200\" \/>\n\t<meta property=\"og:image:type\" content=\"image\/jpeg\" \/>\n<meta name=\"twitter:card\" content=\"summary_large_image\" \/>\n<meta name=\"twitter:site\" content=\"@aroglyph\" \/>\n<meta name=\"twitter:label1\" content=\"Tiempo de lectura\" \/>\n\t<meta name=\"twitter:data1\" content=\"1 minuto\" \/>\n<script type=\"application\/ld+json\" class=\"yoast-schema-graph\">{\"@context\":\"https:\\\/\\\/schema.org\",\"@graph\":[{\"@type\":\"WebPage\",\"@id\":\"https:\\\/\\\/aroglyph.com\\\/es\\\/for-businesses\\\/for-infrastructure-companies-and-big-businesses\\\/\",\"url\":\"https:\\\/\\\/aroglyph.com\\\/es\\\/for-businesses\\\/for-infrastructure-companies-and-big-businesses\\\/\",\"name\":\"Para empresas de infraestructuras y grandes negocios - ARoglyph\",\"isPartOf\":{\"@id\":\"https:\\\/\\\/aroglyph.com\\\/es\\\/#website\"},\"primaryImageOfPage\":{\"@id\":\"https:\\\/\\\/aroglyph.com\\\/es\\\/for-businesses\\\/for-infrastructure-companies-and-big-businesses\\\/#primaryimage\"},\"image\":{\"@id\":\"https:\\\/\\\/aroglyph.com\\\/es\\\/for-businesses\\\/for-infrastructure-companies-and-big-businesses\\\/#primaryimage\"},\"thumbnailUrl\":\"https:\\\/\\\/aroglyph.com\\\/es\\\/wp-content\\\/uploads\\\/sites\\\/3\\\/2015\\\/08\\\/for-infrastructure-companies-.jpg\",\"datePublished\":\"2015-08-05T09:22:41+00:00\",\"dateModified\":\"2015-08-31T06:04:59+00:00\",\"breadcrumb\":{\"@id\":\"https:\\\/\\\/aroglyph.com\\\/es\\\/for-businesses\\\/for-infrastructure-companies-and-big-businesses\\\/#breadcrumb\"},\"inLanguage\":\"es\",\"potentialAction\":[{\"@type\":\"ReadAction\",\"target\":[\"https:\\\/\\\/aroglyph.com\\\/es\\\/for-businesses\\\/for-infrastructure-companies-and-big-businesses\\\/\"]}]},{\"@type\":\"ImageObject\",\"inLanguage\":\"es\",\"@id\":\"https:\\\/\\\/aroglyph.com\\\/es\\\/for-businesses\\\/for-infrastructure-companies-and-big-businesses\\\/#primaryimage\",\"url\":\"https:\\\/\\\/aroglyph.com\\\/es\\\/wp-content\\\/uploads\\\/sites\\\/3\\\/2015\\\/08\\\/for-infrastructure-companies-.jpg\",\"contentUrl\":\"https:\\\/\\\/aroglyph.com\\\/es\\\/wp-content\\\/uploads\\\/sites\\\/3\\\/2015\\\/08\\\/for-infrastructure-companies-.jpg\",\"width\":1800,\"height\":1200},{\"@type\":\"BreadcrumbList\",\"@id\":\"https:\\\/\\\/aroglyph.com\\\/es\\\/for-businesses\\\/for-infrastructure-companies-and-big-businesses\\\/#breadcrumb\",\"itemListElement\":[{\"@type\":\"ListItem\",\"position\":1,\"name\":\"Inicio\",\"item\":\"https:\\\/\\\/aroglyph.com\\\/es\\\/\"},{\"@type\":\"ListItem\",\"position\":2,\"name\":\"PARA NEGOCIOS\",\"item\":\"https:\\\/\\\/aroglyph.com\\\/es\\\/for-businesses\\\/\"},{\"@type\":\"ListItem\",\"position\":3,\"name\":\"Para empresas de infraestructuras y grandes negocios\"}]},{\"@type\":\"WebSite\",\"@id\":\"https:\\\/\\\/aroglyph.com\\\/es\\\/#website\",\"url\":\"https:\\\/\\\/aroglyph.com\\\/es\\\/\",\"name\":\"ARoglyph\",\"description\":\"\",\"potentialAction\":[{\"@type\":\"SearchAction\",\"target\":{\"@type\":\"EntryPoint\",\"urlTemplate\":\"https:\\\/\\\/aroglyph.com\\\/es\\\/?s={search_term_string}\"},\"query-input\":{\"@type\":\"PropertyValueSpecification\",\"valueRequired\":true,\"valueName\":\"search_term_string\"}}],\"inLanguage\":\"es\"}]}<\/script>\n<!-- \/ Yoast SEO plugin. -->","yoast_head_json":{"title":"Para empresas de infraestructuras y grandes negocios - ARoglyph","robots":{"index":"index","follow":"follow","max-snippet":"max-snippet:-1","max-image-preview":"max-image-preview:large","max-video-preview":"max-video-preview:-1"},"canonical":"https:\/\/aroglyph.com\/es\/for-businesses\/for-infrastructure-companies-and-big-businesses\/","og_locale":"es_ES","og_type":"article","og_title":"Para empresas de infraestructuras y grandes negocios - ARoglyph","og_description":"[vc_row][vc_column width=\u00bb1\/1&#8243; css=\u00bb.vc_custom_1432540474693{padding-top: 0px !important;padding-bottom: 120px !important;}\u00bb][vc_row_inner attached=\u00bbfalse\u00bb padding=\u00bb1&#8243;][vc_column_inner width=\u00bb1\/1&#8243;][mk_fancy_title tag_name=\u00bbh1&#8243; style=\u00bbfalse\u00bb color=\u00bb#393836&#8243; size=\u00bb32&#8243; font_weight=\u00bb900&#8243; font_style=\u00bbinhert\u00bb letter_spacing=\u00bb0&#8243; margin_top=\u00bb0&#8243; margin_bottom=\u00bb20&#8243; font_family=\u00bbnone\u00bb align=\u00bbleft\u00bb] Para empresas de infraestructuras y grandes negocios [\/mk_fancy_title][\/vc_column_inner][vc_column_inner width=\u00bb1\/2&#8243;][vc_column_text disable_pattern=\u00bbtrue\u00bb align=\u00bbleft\u00bb margin_bottom=\u00bb0&#8243;] Si sus marcas no son de inter\u00e9s para la gente com\u00fan pero aun as\u00ed necesita marcar sus objetos de infraestructura, tambi\u00e9n puede [&hellip;]","og_url":"https:\/\/aroglyph.com\/es\/for-businesses\/for-infrastructure-companies-and-big-businesses\/","og_site_name":"ARoglyph","article_publisher":"https:\/\/www.facebook.com\/ARoglyph","article_modified_time":"2015-08-31T06:04:59+00:00","og_image":[{"width":1800,"height":1200,"url":"https:\/\/aroglyph.com\/es\/wp-content\/uploads\/sites\/3\/2015\/08\/for-infrastructure-companies-.jpg","type":"image\/jpeg"}],"twitter_card":"summary_large_image","twitter_site":"@aroglyph","twitter_misc":{"Tiempo de lectura":"1 minuto"},"schema":{"@context":"https:\/\/schema.org","@graph":[{"@type":"WebPage","@id":"https:\/\/aroglyph.com\/es\/for-businesses\/for-infrastructure-companies-and-big-businesses\/","url":"https:\/\/aroglyph.com\/es\/for-businesses\/for-infrastructure-companies-and-big-businesses\/","name":"Para empresas de infraestructuras y grandes negocios - ARoglyph","isPartOf":{"@id":"https:\/\/aroglyph.com\/es\/#website"},"primaryImageOfPage":{"@id":"https:\/\/aroglyph.com\/es\/for-businesses\/for-infrastructure-companies-and-big-businesses\/#primaryimage"},"image":{"@id":"https:\/\/aroglyph.com\/es\/for-businesses\/for-infrastructure-companies-and-big-businesses\/#primaryimage"},"thumbnailUrl":"https:\/\/aroglyph.com\/es\/wp-content\/uploads\/sites\/3\/2015\/08\/for-infrastructure-companies-.jpg","datePublished":"2015-08-05T09:22:41+00:00","dateModified":"2015-08-31T06:04:59+00:00","breadcrumb":{"@id":"https:\/\/aroglyph.com\/es\/for-businesses\/for-infrastructure-companies-and-big-businesses\/#breadcrumb"},"inLanguage":"es","potentialAction":[{"@type":"ReadAction","target":["https:\/\/aroglyph.com\/es\/for-businesses\/for-infrastructure-companies-and-big-businesses\/"]}]},{"@type":"ImageObject","inLanguage":"es","@id":"https:\/\/aroglyph.com\/es\/for-businesses\/for-infrastructure-companies-and-big-businesses\/#primaryimage","url":"https:\/\/aroglyph.com\/es\/wp-content\/uploads\/sites\/3\/2015\/08\/for-infrastructure-companies-.jpg","contentUrl":"https:\/\/aroglyph.com\/es\/wp-content\/uploads\/sites\/3\/2015\/08\/for-infrastructure-companies-.jpg","width":1800,"height":1200},{"@type":"BreadcrumbList","@id":"https:\/\/aroglyph.com\/es\/for-businesses\/for-infrastructure-companies-and-big-businesses\/#breadcrumb","itemListElement":[{"@type":"ListItem","position":1,"name":"Inicio","item":"https:\/\/aroglyph.com\/es\/"},{"@type":"ListItem","position":2,"name":"PARA NEGOCIOS","item":"https:\/\/aroglyph.com\/es\/for-businesses\/"},{"@type":"ListItem","position":3,"name":"Para empresas de infraestructuras y grandes negocios"}]},{"@type":"WebSite","@id":"https:\/\/aroglyph.com\/es\/#website","url":"https:\/\/aroglyph.com\/es\/","name":"ARoglyph","description":"","potentialAction":[{"@type":"SearchAction","target":{"@type":"EntryPoint","urlTemplate":"https:\/\/aroglyph.com\/es\/?s={search_term_string}"},"query-input":{"@type":"PropertyValueSpecification","valueRequired":true,"valueName":"search_term_string"}}],"inLanguage":"es"}]}},"_links":{"self":[{"href":"https:\/\/aroglyph.com\/es\/wp-json\/wp\/v2\/pages\/7420","targetHints":{"allow":["GET"]}}],"collection":[{"href":"https:\/\/aroglyph.com\/es\/wp-json\/wp\/v2\/pages"}],"about":[{"href":"https:\/\/aroglyph.com\/es\/wp-json\/wp\/v2\/types\/page"}],"author":[{"embeddable":true,"href":"https:\/\/aroglyph.com\/es\/wp-json\/wp\/v2\/users\/1"}],"replies":[{"embeddable":true,"href":"https:\/\/aroglyph.com\/es\/wp-json\/wp\/v2\/comments?post=7420"}],"version-history":[{"count":8,"href":"https:\/\/aroglyph.com\/es\/wp-json\/wp\/v2\/pages\/7420\/revisions"}],"predecessor-version":[{"id":7572,"href":"https:\/\/aroglyph.com\/es\/wp-json\/wp\/v2\/pages\/7420\/revisions\/7572"}],"up":[{"embeddable":true,"href":"https:\/\/aroglyph.com\/es\/wp-json\/wp\/v2\/pages\/7412"}],"wp:featuredmedia":[{"embeddable":true,"href":"https:\/\/aroglyph.com\/es\/wp-json\/wp\/v2\/media\/7473"}],"wp:attachment":[{"href":"https:\/\/aroglyph.com\/es\/wp-json\/wp\/v2\/media?parent=7420"}],"curies":[{"name":"wp","href":"https:\/\/api.w.org\/{rel}","templated":true}]}}