{"id":7549,"date":"2015-08-28T13:50:03","date_gmt":"2015-08-28T13:50:03","guid":{"rendered":"https:\/\/aroglyph.com\/es\/?page_id=7549"},"modified":"2015-12-28T19:52:57","modified_gmt":"2015-12-28T19:52:57","slug":"lets-walk-dogs-together","status":"publish","type":"page","link":"https:\/\/aroglyph.com\/es\/usage-scenarios\/lets-walk-dogs-together\/","title":{"rendered":"Vamos a pasear a nuestros perros juntos"},"content":{"rendered":"<div class=\"wpb-content-wrapper\">[mk_page_section bg_image=\u00bbhttps:\/\/aroglyph.com\/wp-content\/uploads\/2015\/06\/lets-walk-Our-Dogs-Together.jpg\u00bb attachment=\u00bbfixed\u00bb bg_position=\u00bbcenter top\u00bb bg_repeat=\u00bbno-repeat\u00bb bg_stretch=\u00bbtrue\u00bb enable_3d=\u00bbtrue\u00bb gr_end=\u00bb#1e73be\u00bb min_height=\u00bb0&#8243; padding_top=\u00bb550&#8243; padding_bottom=\u00bb60&#8243; sidebar=\u00bbsidebar-1&#8243;][vc_column][mk_fancy_title color=\u00bb#ffffff\u00bb size=\u00bb50&#8243; font_weight=\u00bbbold\u00bb font_style=\u00bbnormal\u00bb txt_transform=\u00bbuppercase\u00bb margin_bottom=\u00bb0&#8243; font_family=\u00bbnone\u00bb align=\u00bbcenter\u00bb]\n<p><span style=\"text-shadow: 0 3px 25px rgba(0,0,0,.9);\">Vamos a pasear a nuestros perros juntos<\/span><\/p>\n[\/mk_fancy_title][\/vc_column][\/mk_page_section][vc_row fullwidth=\u00bbtrue\u00bb][vc_column][mk_divider style=\u00bbthin_solid\u00bb border_color=\u00bb#14a082&#8243; thickness=\u00bb4&#8243; margin_top=\u00bb0&#8243; margin_bottom=\u00bb50&#8243;][\/vc_column][\/vc_row][vc_row][vc_column][vc_column_text]\n<p><em>Imag\u00ednese que pasea a su perro un d\u00eda tras otro. \u00bfA veces no se siente algo aburrido? <\/em><em>\u00bfNo estar\u00eda bien conocer a otros due\u00f1os de perros y charlar con ellos mientras los perros hacen sus cosas y necesidades? Adem\u00e1s, nunca se sabe qu\u00e9 puede surgir de tales encuentros. \u00bfQuiz\u00e1 haga un nuevo buen amigo o a lo mejor empiece una relaci\u00f3n rom\u00e1ntica? Qui\u00e9n sabe. Pero, \u00bfc\u00f3mo hace a los dem\u00e1s saber que usted existe, por no decir que pasea a su perro de 7 a 8 todos los d\u00edas en aquel acogedor rinc\u00f3n del parque? Vamos a ver qu\u00e9 puede ARoglyph hacer por usted. <\/em><\/p>\n[\/vc_column_text][mk_divider style=\u00bbthin_solid\u00bb margin_top=\u00bb10&#8243; margin_bottom=\u00bb60&#8243;][\/vc_column][\/vc_row][vc_row][vc_column][mk_fancy_title size=\u00bb20&#8243; font_weight=\u00bbbold\u00bb font_style=\u00bbnormal\u00bb txt_transform=\u00bbuppercase\u00bb letter_spacing=\u00bb1&#8243; margin_top=\u00bb10&#8243; margin_bottom=\u00bb0&#8243; font_family=\u00bbnone\u00bb]\n<p>UBICACI\u00d3N<\/p>\n[\/mk_fancy_title][mk_divider style=\u00bbthin_solid\u00bb divider_width=\u00bbcustom_width\u00bb custom_width=\u00bb100&#8243; align=\u00bbleft\u00bb border_color=\u00bb#14a082&#8243; thickness=\u00bb2&#8243; margin_top=\u00bb0&#8243;][vc_column_text disable_pattern=\u00bbfalse\u00bb]\n<p>Empiece por colocar una marca en el mapa para ubicar la localizaci\u00f3n d\u00f3nde pasea a su perro. Como la localizaci\u00f3n probablemente est\u00e9 fuera de las calles, la habilidad de ARoglyph de colocar marcas en cualquier lugar del mapa es tremendamente \u00fatil. No es necesario buscar direcciones o nombres de calles cercanas, con poner una marca ser\u00e1 suficiente.<\/p>\n[\/vc_column_text][\/vc_column][\/vc_row][vc_row][vc_column][mk_divider style=\u00bbthin_solid\u00bb margin_top=\u00bb10&#8243; margin_bottom=\u00bb60&#8243;][\/vc_column][\/vc_row][vc_row][vc_column][mk_fancy_title size=\u00bb20&#8243; font_weight=\u00bbbold\u00bb font_style=\u00bbnormal\u00bb txt_transform=\u00bbuppercase\u00bb letter_spacing=\u00bb1&#8243; margin_top=\u00bb10&#8243; margin_bottom=\u00bb0&#8243; font_family=\u00bbnone\u00bb]\n<p>HORARIO<\/p>\n[\/mk_fancy_title][mk_divider style=\u00bbthin_solid\u00bb divider_width=\u00bbcustom_width\u00bb custom_width=\u00bb100&#8243; align=\u00bbleft\u00bb border_color=\u00bb#14a082&#8243; thickness=\u00bb2&#8243; margin_top=\u00bb0&#8243;][vc_column_text disable_pattern=\u00bbfalse\u00bb]\n<p>\u00bfPasea a su perro en aquel lugar todos los d\u00edas o va al mismo solo los fines de semana? \u00bfPasea a su perro por la ma\u00f1ana o por la tarde? A\u00f1ada un simple comentario de texto a su marca recientemente creada, diciendo algo as\u00ed como: \u201cPaseo a mi Labrador por aqu\u00ed todos los d\u00edas de 7 a 8 de la tarde. \u00bfLe interesa unirse?\u201d<\/p>\n[\/vc_column_text][\/vc_column][\/vc_row][vc_row][vc_column][mk_divider style=\u00bbthin_solid\u00bb margin_top=\u00bb10&#8243; margin_bottom=\u00bb50&#8243;][\/vc_column][\/vc_row][vc_row][vc_column][mk_fancy_title size=\u00bb20&#8243; font_weight=\u00bbbold\u00bb font_style=\u00bbnormal\u00bb txt_transform=\u00bbuppercase\u00bb letter_spacing=\u00bb1&#8243; margin_top=\u00bb10&#8243; margin_bottom=\u00bb0&#8243; font_family=\u00bbnone\u00bb]\n<p>COMPARTIR<\/p>\n[\/mk_fancy_title][mk_divider style=\u00bbthin_solid\u00bb divider_width=\u00bbcustom_width\u00bb custom_width=\u00bb100&#8243; align=\u00bbleft\u00bb border_color=\u00bb#14a082&#8243; thickness=\u00bb2&#8243; margin_top=\u00bb0&#8243;][vc_column_text disable_pattern=\u00bbfalse\u00bb]\n<p>Despu\u00e9s de hacer el comentario, deje que todos los dem\u00e1s due\u00f1os de perros sepan d\u00f3nde est\u00e1. ARoglyph se lo pone f\u00e1cil: solo tiene que compartir su marca con todas las personas a su alrededor. Puede permitir a todo el mundo que se encuentre en los alrededores del barrio a ver su marca o limitar la visibilidad de la misma a solo aquellas personas que est\u00e9n exactamente en el sitio. Si configura su marca para que sea vista por las personas dentro de un cierto radio, solo la podr\u00e1n ver cuando se acerquen al lugar.<\/p>\n[\/vc_column_text][\/vc_column][\/vc_row][vc_row][vc_column][mk_divider style=\u00bbthin_solid\u00bb margin_top=\u00bb10&#8243; margin_bottom=\u00bb50&#8243;][\/vc_column][\/vc_row][vc_row][vc_column][mk_fancy_title size=\u00bb20&#8243; font_weight=\u00bbbold\u00bb font_style=\u00bbnormal\u00bb txt_transform=\u00bbuppercase\u00bb letter_spacing=\u00bb1&#8243; margin_top=\u00bb10&#8243; margin_bottom=\u00bb0&#8243; font_family=\u00bbnone\u00bb]\n<p>HABLAR DE USTED Y DE SU PERRO<\/p>\n[\/mk_fancy_title][mk_divider style=\u00bbthin_solid\u00bb divider_width=\u00bbcustom_width\u00bb custom_width=\u00bb100&#8243; align=\u00bbleft\u00bb border_color=\u00bb#14a082&#8243; thickness=\u00bb2&#8243; margin_top=\u00bb0&#8243;][vc_column_text disable_pattern=\u00bbfalse\u00bb]\n<p>Pasear juntos a un labrador y a un chihuahua puede que no sea la mejor idea, entonces, \u00bfqu\u00e9 tal si mejora su marca con la foto de su perro? \u00a1Seguro que tiene millones de fotos en su Smartphone! Solo elija una foto reciente que m\u00e1s le guste y a\u00f1\u00e1dala a su marca para que la vean los due\u00f1os de otros perros. Y no se olvide de incluir su propia foto si no quiere que sus nuevos amigos no lo reconozcan como a la persona que haya puesto la marca.<\/p>\n[\/vc_column_text][\/vc_column][\/vc_row][vc_row][vc_column][mk_divider style=\u00bbthin_solid\u00bb margin_top=\u00bb10&#8243; margin_bottom=\u00bb60&#8243;][\/vc_column][\/vc_row][vc_row][vc_column][mk_fancy_title size=\u00bb20&#8243; font_weight=\u00bbbold\u00bb font_style=\u00bbnormal\u00bb txt_transform=\u00bbuppercase\u00bb letter_spacing=\u00bb1&#8243; margin_top=\u00bb10&#8243; margin_bottom=\u00bb0&#8243; font_family=\u00bbnone\u00bb]\n<p>Descargue y util\u00edcelo gratis<\/p>\n[\/mk_fancy_title][mk_divider style=\u00bbthin_solid\u00bb divider_width=\u00bbcustom_width\u00bb custom_width=\u00bb100&#8243; align=\u00bbleft\u00bb border_color=\u00bb#14a082&#8243; thickness=\u00bb2&#8243; margin_top=\u00bb0&#8243;][vc_column_text disable_pattern=\u00bbfalse\u00bb margin_bottom=\u00bb10&#8243;]\n<p><strong>ARoglyph est\u00e1 disponible en Google Play y AppStore. \u00a1Desc\u00e1rguelo y empiece a utilizarlo hoy!<\/strong><\/p>\n[\/vc_column_text][vc_row_inner visibility=\u00bbhidden-sm\u00bb css=\u00bb.vc_custom_1451333709916{margin-bottom: 0px !important;padding-top: 0px !important;padding-right: 0px !important;padding-bottom: 0px !important;padding-left: 0px !important;}\u00bb][vc_column_inner width=\u00bb1\/4&#8243;][\/vc_column_inner][vc_column_inner el_class=\u00bbcmk-center-align\u00bb width=\u00bb1\/4&#8243;][vc_single_image image=\u00bb6981&#8243; img_size=\u00bbfull\u00bb alignment=\u00bbright\u00bb onclick=\u00bbcustom_link\u00bb img_link_target=\u00bb_blank\u00bb css_animation=\u00bbappear\u00bb border_color=\u00bbgrey\u00bb link=\u00bbhttps:\/\/play.google.com\/store\/apps\/details?id=com.aroglyph.app\u00bb][\/vc_column_inner][vc_column_inner width=\u00bb1\/4&#8243;][vc_single_image image=\u00bb7001&#8243; img_size=\u00bbfull\u00bb onclick=\u00bbcustom_link\u00bb img_link_target=\u00bb_blank\u00bb css_animation=\u00bbappear\u00bb border_color=\u00bbgrey\u00bb link=\u00bbhttps:\/\/itunes.apple.com\/us\/app\/aroglyph\/id1019101559&#8243;][\/vc_column_inner][\/vc_row_inner][vc_row_inner visibility=\u00bbvisible-sm\u00bb css=\u00bb.vc_custom_1451333703321{margin-bottom: 0px !important;padding-top: 0px !important;padding-right: 0px !important;padding-bottom: 0px !important;padding-left: 0px !important;}\u00bb][vc_column_inner width=\u00bb1\/4&#8243;][\/vc_column_inner][vc_column_inner el_class=\u00bbcmk-center-align\u00bb width=\u00bb1\/4&#8243;][vc_single_image image=\u00bb6981&#8243; img_size=\u00bbfull\u00bb alignment=\u00bbcenter\u00bb onclick=\u00bbcustom_link\u00bb img_link_target=\u00bb_blank\u00bb css_animation=\u00bbappear\u00bb border_color=\u00bbgrey\u00bb link=\u00bbhttps:\/\/play.google.com\/store\/apps\/details?id=com.aroglyph.app\u00bb css=\u00bb.vc_custom_1451333721626{margin-bottom: 10px !important;}\u00bb][\/vc_column_inner][vc_column_inner width=\u00bb1\/4&#8243;][vc_single_image image=\u00bb7001&#8243; img_size=\u00bbfull\u00bb alignment=\u00bbcenter\u00bb onclick=\u00bbcustom_link\u00bb img_link_target=\u00bb_blank\u00bb css_animation=\u00bbappear\u00bb border_color=\u00bbgrey\u00bb link=\u00bbhttps:\/\/itunes.apple.com\/us\/app\/aroglyph\/id1019101559&#8243; css=\u00bb.vc_custom_1451333729867{margin-bottom: 10px !important;}\u00bb][\/vc_column_inner][\/vc_row_inner][mk_padding_divider size=\u00bb10&#8243;][mk_fancy_title size=\u00bb18&#8243; font_family=\u00bbnone\u00bb]\n<p style=\"text-align: center;\"><a href=\"\/es\/solutions\">Mas opciones<\/a><\/p>\n[\/mk_fancy_title][mk_padding_divider size=\u00bb20&#8243;][\/vc_column][\/vc_row][vc_row][vc_column][mk_divider style=\u00bbthin_solid\u00bb margin_top=\u00bb10&#8243; margin_bottom=\u00bb60&#8243;][\/vc_column][\/vc_row][vc_row][vc_column width=\u00bb1\/6&#8243;][mk_fancy_title size=\u00bb20&#8243; font_weight=\u00bbbold\u00bb font_style=\u00bbnormal\u00bb txt_transform=\u00bbuppercase\u00bb letter_spacing=\u00bb1&#8243; margin_top=\u00bb10&#8243; margin_bottom=\u00bb0&#8243; font_family=\u00bbnone\u00bb]\n<p>RESUMEN<\/p>\n[\/mk_fancy_title][mk_divider style=\u00bbthin_solid\u00bb divider_width=\u00bbcustom_width\u00bb custom_width=\u00bb100&#8243; align=\u00bbleft\u00bb border_color=\u00bb#14a082&#8243; thickness=\u00bb2&#8243; margin_top=\u00bb0&#8243; margin_bottom=\u00bb60&#8243;][\/vc_column][vc_column width=\u00bb5\/6&#8243;][vc_row_inner attached=\u00bbtrue\u00bb padding=\u00bb1&#8243;][vc_column_inner][vc_column_text disable_pattern=\u00bbfalse\u00bb]\n<p>\u00bfSe aburre paseando a su perro solo? \u00a1Conozca a otros due\u00f1os de perros mientras los perros hagan sus cosas y necesidades! Coloque una marca de ARoglyph indicando su horario, a\u00f1adiendo la foto preferida de su perro y comience a conocer a otros due\u00f1os de perros mientras lo pasea.<\/p>\n[\/vc_column_text][\/vc_column_inner][\/vc_row_inner][mk_padding_divider size=\u00bb70&#8243;][\/vc_column][\/vc_row]\n<\/div>","protected":false},"excerpt":{"rendered":"<p>[mk_page_section bg_image=\u00bbhttps:\/\/aroglyph.com\/wp-content\/uploads\/2015\/06\/lets-walk-Our-Dogs-Together.jpg\u00bb attachment=\u00bbfixed\u00bb bg_position=\u00bbcenter top\u00bb bg_repeat=\u00bbno-repeat\u00bb bg_stretch=\u00bbtrue\u00bb enable_3d=\u00bbtrue\u00bb gr_end=\u00bb#1e73be\u00bb min_height=\u00bb0&#8243; padding_top=\u00bb550&#8243; padding_bottom=\u00bb60&#8243; sidebar=\u00bbsidebar-1&#8243;][vc_column][mk_fancy_title color=\u00bb#ffffff\u00bb size=\u00bb50&#8243; font_weight=\u00bbbold\u00bb font_style=\u00bbnormal\u00bb txt_transform=\u00bbuppercase\u00bb margin_bottom=\u00bb0&#8243; font_family=\u00bbnone\u00bb align=\u00bbcenter\u00bb] Vamos a pasear a nuestros perros juntos [\/mk_fancy_title][\/vc_column][\/mk_page_section][vc_row fullwidth=\u00bbtrue\u00bb][vc_column][mk_divider style=\u00bbthin_solid\u00bb border_color=\u00bb#14a082&#8243; thickness=\u00bb4&#8243; margin_top=\u00bb0&#8243; margin_bottom=\u00bb50&#8243;][\/vc_column][\/vc_row][vc_row][vc_column][vc_column_text] Imag\u00ednese que pasea a su perro un d\u00eda tras otro. \u00bfA veces no se siente algo aburrido? \u00bfNo estar\u00eda bien [&hellip;]<\/p>\n","protected":false},"author":1,"featured_media":7550,"parent":6170,"menu_order":0,"comment_status":"open","ping_status":"open","template":"","meta":{"footnotes":""},"class_list":["post-7549","page","type-page","status-publish","has-post-thumbnail","hentry"],"yoast_head":"<!-- This site is optimized with the Yoast SEO plugin v27.4 - https:\/\/yoast.com\/product\/yoast-seo-wordpress\/ -->\n<title>Vamos a pasear a nuestros perros juntos - ARoglyph<\/title>\n<meta name=\"robots\" content=\"index, follow, max-snippet:-1, max-image-preview:large, max-video-preview:-1\" \/>\n<link rel=\"canonical\" href=\"https:\/\/aroglyph.com\/es\/usage-scenarios\/lets-walk-dogs-together\/\" \/>\n<meta property=\"og:locale\" content=\"es_ES\" \/>\n<meta property=\"og:type\" content=\"article\" \/>\n<meta property=\"og:title\" content=\"Vamos a pasear a nuestros perros juntos - ARoglyph\" \/>\n<meta property=\"og:description\" content=\"[mk_page_section bg_image=\u00bbhttps:\/\/aroglyph.com\/wp-content\/uploads\/2015\/06\/lets-walk-Our-Dogs-Together.jpg\u00bb attachment=\u00bbfixed\u00bb bg_position=\u00bbcenter top\u00bb bg_repeat=\u00bbno-repeat\u00bb bg_stretch=\u00bbtrue\u00bb enable_3d=\u00bbtrue\u00bb gr_end=\u00bb#1e73be\u00bb min_height=\u00bb0&#8243; padding_top=\u00bb550&#8243; padding_bottom=\u00bb60&#8243; sidebar=\u00bbsidebar-1&#8243;][vc_column][mk_fancy_title color=\u00bb#ffffff\u00bb size=\u00bb50&#8243; font_weight=\u00bbbold\u00bb font_style=\u00bbnormal\u00bb txt_transform=\u00bbuppercase\u00bb margin_bottom=\u00bb0&#8243; font_family=\u00bbnone\u00bb align=\u00bbcenter\u00bb] Vamos a pasear a nuestros perros juntos [\/mk_fancy_title][\/vc_column][\/mk_page_section][vc_row fullwidth=\u00bbtrue\u00bb][vc_column][mk_divider style=\u00bbthin_solid\u00bb border_color=\u00bb#14a082&#8243; thickness=\u00bb4&#8243; margin_top=\u00bb0&#8243; margin_bottom=\u00bb50&#8243;][\/vc_column][\/vc_row][vc_row][vc_column][vc_column_text] Imag\u00ednese que pasea a su perro un d\u00eda tras otro. \u00bfA veces no se siente algo aburrido? \u00bfNo estar\u00eda bien [&hellip;]\" \/>\n<meta property=\"og:url\" content=\"https:\/\/aroglyph.com\/es\/usage-scenarios\/lets-walk-dogs-together\/\" \/>\n<meta property=\"og:site_name\" content=\"ARoglyph\" \/>\n<meta property=\"article:publisher\" content=\"https:\/\/www.facebook.com\/ARoglyph\" \/>\n<meta property=\"article:modified_time\" content=\"2015-12-28T19:52:57+00:00\" \/>\n<meta property=\"og:image\" content=\"https:\/\/aroglyph.com\/es\/wp-content\/uploads\/sites\/3\/2015\/08\/lets-walk-Our-Dogs-Together.jpg\" \/>\n\t<meta property=\"og:image:width\" content=\"1920\" \/>\n\t<meta property=\"og:image:height\" content=\"1200\" \/>\n\t<meta property=\"og:image:type\" content=\"image\/jpeg\" \/>\n<meta name=\"twitter:card\" content=\"summary_large_image\" \/>\n<meta name=\"twitter:site\" content=\"@aroglyph\" \/>\n<meta name=\"twitter:label1\" content=\"Tiempo de lectura\" \/>\n\t<meta name=\"twitter:data1\" content=\"7 minutos\" \/>\n<script type=\"application\/ld+json\" class=\"yoast-schema-graph\">{\"@context\":\"https:\\\/\\\/schema.org\",\"@graph\":[{\"@type\":\"WebPage\",\"@id\":\"https:\\\/\\\/aroglyph.com\\\/es\\\/usage-scenarios\\\/lets-walk-dogs-together\\\/\",\"url\":\"https:\\\/\\\/aroglyph.com\\\/es\\\/usage-scenarios\\\/lets-walk-dogs-together\\\/\",\"name\":\"Vamos a pasear a nuestros perros juntos - ARoglyph\",\"isPartOf\":{\"@id\":\"https:\\\/\\\/aroglyph.com\\\/es\\\/#website\"},\"primaryImageOfPage\":{\"@id\":\"https:\\\/\\\/aroglyph.com\\\/es\\\/usage-scenarios\\\/lets-walk-dogs-together\\\/#primaryimage\"},\"image\":{\"@id\":\"https:\\\/\\\/aroglyph.com\\\/es\\\/usage-scenarios\\\/lets-walk-dogs-together\\\/#primaryimage\"},\"thumbnailUrl\":\"https:\\\/\\\/aroglyph.com\\\/es\\\/wp-content\\\/uploads\\\/sites\\\/3\\\/2015\\\/08\\\/lets-walk-Our-Dogs-Together.jpg\",\"datePublished\":\"2015-08-28T13:50:03+00:00\",\"dateModified\":\"2015-12-28T19:52:57+00:00\",\"breadcrumb\":{\"@id\":\"https:\\\/\\\/aroglyph.com\\\/es\\\/usage-scenarios\\\/lets-walk-dogs-together\\\/#breadcrumb\"},\"inLanguage\":\"es\",\"potentialAction\":[{\"@type\":\"ReadAction\",\"target\":[\"https:\\\/\\\/aroglyph.com\\\/es\\\/usage-scenarios\\\/lets-walk-dogs-together\\\/\"]}]},{\"@type\":\"ImageObject\",\"inLanguage\":\"es\",\"@id\":\"https:\\\/\\\/aroglyph.com\\\/es\\\/usage-scenarios\\\/lets-walk-dogs-together\\\/#primaryimage\",\"url\":\"https:\\\/\\\/aroglyph.com\\\/es\\\/wp-content\\\/uploads\\\/sites\\\/3\\\/2015\\\/08\\\/lets-walk-Our-Dogs-Together.jpg\",\"contentUrl\":\"https:\\\/\\\/aroglyph.com\\\/es\\\/wp-content\\\/uploads\\\/sites\\\/3\\\/2015\\\/08\\\/lets-walk-Our-Dogs-Together.jpg\",\"width\":1920,\"height\":1200},{\"@type\":\"BreadcrumbList\",\"@id\":\"https:\\\/\\\/aroglyph.com\\\/es\\\/usage-scenarios\\\/lets-walk-dogs-together\\\/#breadcrumb\",\"itemListElement\":[{\"@type\":\"ListItem\",\"position\":1,\"name\":\"Inicio\",\"item\":\"https:\\\/\\\/aroglyph.com\\\/es\\\/\"},{\"@type\":\"ListItem\",\"position\":2,\"name\":\"Escenarios de uso\",\"item\":\"https:\\\/\\\/aroglyph.com\\\/es\\\/usage-scenarios\\\/\"},{\"@type\":\"ListItem\",\"position\":3,\"name\":\"Vamos a pasear a nuestros perros juntos\"}]},{\"@type\":\"WebSite\",\"@id\":\"https:\\\/\\\/aroglyph.com\\\/es\\\/#website\",\"url\":\"https:\\\/\\\/aroglyph.com\\\/es\\\/\",\"name\":\"ARoglyph\",\"description\":\"\",\"potentialAction\":[{\"@type\":\"SearchAction\",\"target\":{\"@type\":\"EntryPoint\",\"urlTemplate\":\"https:\\\/\\\/aroglyph.com\\\/es\\\/?s={search_term_string}\"},\"query-input\":{\"@type\":\"PropertyValueSpecification\",\"valueRequired\":true,\"valueName\":\"search_term_string\"}}],\"inLanguage\":\"es\"}]}<\/script>\n<!-- \/ Yoast SEO plugin. -->","yoast_head_json":{"title":"Vamos a pasear a nuestros perros juntos - ARoglyph","robots":{"index":"index","follow":"follow","max-snippet":"max-snippet:-1","max-image-preview":"max-image-preview:large","max-video-preview":"max-video-preview:-1"},"canonical":"https:\/\/aroglyph.com\/es\/usage-scenarios\/lets-walk-dogs-together\/","og_locale":"es_ES","og_type":"article","og_title":"Vamos a pasear a nuestros perros juntos - ARoglyph","og_description":"[mk_page_section bg_image=\u00bbhttps:\/\/aroglyph.com\/wp-content\/uploads\/2015\/06\/lets-walk-Our-Dogs-Together.jpg\u00bb attachment=\u00bbfixed\u00bb bg_position=\u00bbcenter top\u00bb bg_repeat=\u00bbno-repeat\u00bb bg_stretch=\u00bbtrue\u00bb enable_3d=\u00bbtrue\u00bb gr_end=\u00bb#1e73be\u00bb min_height=\u00bb0&#8243; padding_top=\u00bb550&#8243; padding_bottom=\u00bb60&#8243; sidebar=\u00bbsidebar-1&#8243;][vc_column][mk_fancy_title color=\u00bb#ffffff\u00bb size=\u00bb50&#8243; font_weight=\u00bbbold\u00bb font_style=\u00bbnormal\u00bb txt_transform=\u00bbuppercase\u00bb margin_bottom=\u00bb0&#8243; font_family=\u00bbnone\u00bb align=\u00bbcenter\u00bb] Vamos a pasear a nuestros perros juntos [\/mk_fancy_title][\/vc_column][\/mk_page_section][vc_row fullwidth=\u00bbtrue\u00bb][vc_column][mk_divider style=\u00bbthin_solid\u00bb border_color=\u00bb#14a082&#8243; thickness=\u00bb4&#8243; margin_top=\u00bb0&#8243; margin_bottom=\u00bb50&#8243;][\/vc_column][\/vc_row][vc_row][vc_column][vc_column_text] Imag\u00ednese que pasea a su perro un d\u00eda tras otro. \u00bfA veces no se siente algo aburrido? \u00bfNo estar\u00eda bien [&hellip;]","og_url":"https:\/\/aroglyph.com\/es\/usage-scenarios\/lets-walk-dogs-together\/","og_site_name":"ARoglyph","article_publisher":"https:\/\/www.facebook.com\/ARoglyph","article_modified_time":"2015-12-28T19:52:57+00:00","og_image":[{"width":1920,"height":1200,"url":"https:\/\/aroglyph.com\/es\/wp-content\/uploads\/sites\/3\/2015\/08\/lets-walk-Our-Dogs-Together.jpg","type":"image\/jpeg"}],"twitter_card":"summary_large_image","twitter_site":"@aroglyph","twitter_misc":{"Tiempo de lectura":"7 minutos"},"schema":{"@context":"https:\/\/schema.org","@graph":[{"@type":"WebPage","@id":"https:\/\/aroglyph.com\/es\/usage-scenarios\/lets-walk-dogs-together\/","url":"https:\/\/aroglyph.com\/es\/usage-scenarios\/lets-walk-dogs-together\/","name":"Vamos a pasear a nuestros perros juntos - ARoglyph","isPartOf":{"@id":"https:\/\/aroglyph.com\/es\/#website"},"primaryImageOfPage":{"@id":"https:\/\/aroglyph.com\/es\/usage-scenarios\/lets-walk-dogs-together\/#primaryimage"},"image":{"@id":"https:\/\/aroglyph.com\/es\/usage-scenarios\/lets-walk-dogs-together\/#primaryimage"},"thumbnailUrl":"https:\/\/aroglyph.com\/es\/wp-content\/uploads\/sites\/3\/2015\/08\/lets-walk-Our-Dogs-Together.jpg","datePublished":"2015-08-28T13:50:03+00:00","dateModified":"2015-12-28T19:52:57+00:00","breadcrumb":{"@id":"https:\/\/aroglyph.com\/es\/usage-scenarios\/lets-walk-dogs-together\/#breadcrumb"},"inLanguage":"es","potentialAction":[{"@type":"ReadAction","target":["https:\/\/aroglyph.com\/es\/usage-scenarios\/lets-walk-dogs-together\/"]}]},{"@type":"ImageObject","inLanguage":"es","@id":"https:\/\/aroglyph.com\/es\/usage-scenarios\/lets-walk-dogs-together\/#primaryimage","url":"https:\/\/aroglyph.com\/es\/wp-content\/uploads\/sites\/3\/2015\/08\/lets-walk-Our-Dogs-Together.jpg","contentUrl":"https:\/\/aroglyph.com\/es\/wp-content\/uploads\/sites\/3\/2015\/08\/lets-walk-Our-Dogs-Together.jpg","width":1920,"height":1200},{"@type":"BreadcrumbList","@id":"https:\/\/aroglyph.com\/es\/usage-scenarios\/lets-walk-dogs-together\/#breadcrumb","itemListElement":[{"@type":"ListItem","position":1,"name":"Inicio","item":"https:\/\/aroglyph.com\/es\/"},{"@type":"ListItem","position":2,"name":"Escenarios de uso","item":"https:\/\/aroglyph.com\/es\/usage-scenarios\/"},{"@type":"ListItem","position":3,"name":"Vamos a pasear a nuestros perros juntos"}]},{"@type":"WebSite","@id":"https:\/\/aroglyph.com\/es\/#website","url":"https:\/\/aroglyph.com\/es\/","name":"ARoglyph","description":"","potentialAction":[{"@type":"SearchAction","target":{"@type":"EntryPoint","urlTemplate":"https:\/\/aroglyph.com\/es\/?s={search_term_string}"},"query-input":{"@type":"PropertyValueSpecification","valueRequired":true,"valueName":"search_term_string"}}],"inLanguage":"es"}]}},"_links":{"self":[{"href":"https:\/\/aroglyph.com\/es\/wp-json\/wp\/v2\/pages\/7549","targetHints":{"allow":["GET"]}}],"collection":[{"href":"https:\/\/aroglyph.com\/es\/wp-json\/wp\/v2\/pages"}],"about":[{"href":"https:\/\/aroglyph.com\/es\/wp-json\/wp\/v2\/types\/page"}],"author":[{"embeddable":true,"href":"https:\/\/aroglyph.com\/es\/wp-json\/wp\/v2\/users\/1"}],"replies":[{"embeddable":true,"href":"https:\/\/aroglyph.com\/es\/wp-json\/wp\/v2\/comments?post=7549"}],"version-history":[{"count":4,"href":"https:\/\/aroglyph.com\/es\/wp-json\/wp\/v2\/pages\/7549\/revisions"}],"predecessor-version":[{"id":7696,"href":"https:\/\/aroglyph.com\/es\/wp-json\/wp\/v2\/pages\/7549\/revisions\/7696"}],"up":[{"embeddable":true,"href":"https:\/\/aroglyph.com\/es\/wp-json\/wp\/v2\/pages\/6170"}],"wp:featuredmedia":[{"embeddable":true,"href":"https:\/\/aroglyph.com\/es\/wp-json\/wp\/v2\/media\/7550"}],"wp:attachment":[{"href":"https:\/\/aroglyph.com\/es\/wp-json\/wp\/v2\/media?parent=7549"}],"curies":[{"name":"wp","href":"https:\/\/api.w.org\/{rel}","templated":true}]}}