{"id":7707,"date":"2016-01-13T00:49:31","date_gmt":"2016-01-13T00:49:31","guid":{"rendered":"https:\/\/aroglyph.com\/es\/?page_id=7707"},"modified":"2016-01-13T00:51:47","modified_gmt":"2016-01-13T00:51:47","slug":"dirija-una-sublevacion","status":"publish","type":"page","link":"https:\/\/aroglyph.com\/es\/usage-scenarios\/dirija-una-sublevacion\/","title":{"rendered":"Dirija una sublevaci\u00f3n"},"content":{"rendered":"<div class=\"wpb-content-wrapper\">[mk_page_section bg_image=\u00bbhttps:\/\/aroglyph.com\/es\/wp-content\/uploads\/sites\/3\/2015\/12\/cover-lead-the-rebellion.jpg\u00bb attachment=\u00bbfixed\u00bb bg_position=\u00bbcenter top\u00bb bg_repeat=\u00bbno-repeat\u00bb bg_stretch=\u00bbtrue\u00bb enable_3d=\u00bbtrue\u00bb gr_end=\u00bb#1e73be\u00bb min_height=\u00bb0&#8243; padding_top=\u00bb550&#8243; padding_bottom=\u00bb60&#8243; sidebar=\u00bbsidebar-1&#8243;][vc_column][mk_fancy_title color=\u00bb#ffffff\u00bb size=\u00bb50&#8243; font_weight=\u00bbbold\u00bb font_style=\u00bbnormal\u00bb txt_transform=\u00bbuppercase\u00bb margin_bottom=\u00bb0&#8243; font_family=\u00bbnone\u00bb align=\u00bbcenter\u00bb]<span style=\"text-shadow: 0 3px 25px rgba(0,0,0,.9);\">Dirija una sublevaci\u00f3n<\/span>[\/mk_fancy_title][\/vc_column][\/mk_page_section][vc_row fullwidth=\u00bbtrue\u00bb][vc_column][mk_divider style=\u00bbthin_solid\u00bb border_color=\u00bb#14a082&#8243; thickness=\u00bb4&#8243; margin_top=\u00bb0&#8243; margin_bottom=\u00bb50&#8243;][\/vc_column][\/vc_row][vc_row][vc_column][vc_column_text]<em>Largos actos de desobediencia civil tuvieron lugar en m\u00e1s de 10 pa\u00edses en los \u00faltimos 15 a\u00f1os. El resultado deseado no fue conseguido en todos los casos. En parte, ello se debi\u00f3 a la falta de coordinaci\u00f3n entre los participantes, as\u00ed como a la falta de reivindicaciones y reclamos consensuados. <\/em>[\/vc_column_text][vc_column_text disable_pattern=\u00bbfalse\u00bb]Entre otros problemas de actos de este tipo destaca la ausencia de informaci\u00f3n sobre la localizaci\u00f3n de algunos objetos de infraestructura y servicios (por ejemplo, cocinas p\u00fablicas, lugares de provisi\u00f3n de combustible, servicios m\u00e9dicos, etc.) en el territorio ocupado por los participantes de los mismos.[\/vc_column_text][mk_divider style=\u00bbthin_solid\u00bb margin_top=\u00bb10&#8243; margin_bottom=\u00bb60&#8243;][\/vc_column][\/vc_row][vc_row][vc_column][mk_fancy_title size=\u00bb20&#8243; font_weight=\u00bbbold\u00bb font_style=\u00bbnormal\u00bb txt_transform=\u00bbuppercase\u00bb letter_spacing=\u00bb1&#8243; margin_top=\u00bb10&#8243; margin_bottom=\u00bb0&#8243; font_family=\u00bbnone\u00bb]As\u00ed le puede ayudar ARoglyph[\/mk_fancy_title][mk_divider style=\u00bbthin_solid\u00bb divider_width=\u00bbcustom_width\u00bb custom_width=\u00bb100&#8243; align=\u00bbleft\u00bb border_color=\u00bb#14a082&#8243; thickness=\u00bb2&#8243; margin_top=\u00bb0&#8243;][vc_column_text disable_pattern=\u00bbfalse\u00bb]<strong>Con ARoglyph, usted puede crear y f\u00e1cilmente cambiar el mapa local de objetos \u00fatiles en las \u00e1reas donde suelen tener lugar acciones pol\u00edticas. <\/strong>[\/vc_column_text][vc_column_text disable_pattern=\u00bbfalse\u00bb]Basta con que cree una marca con descripci\u00f3n textual del objeto y a\u00f1ada opcionalmente una imagen o un comentario de voz, para que otros accedan f\u00e1cilmente a ella utilizando la funci\u00f3n \u201cNavegar a\u201d de la app. Dado que ARoglyph une objetos a las localizaciones GPS y no a las direcciones, cualquiera encontrar\u00e1 el objeto marcado con gran precisi\u00f3n y no tendr\u00e1 que correr alrededor de un edificio o de un parque en su b\u00fasqueda.<\/p>\n<p>Adem\u00e1s, ARoglyph le ayuda a difundir informaci\u00f3n, por ejemplo: el momento exacto de algunos actos, la lista exacta de reivindicaciones y reclamos, o noticias sobre las negociaciones con la administraci\u00f3n. La informaci\u00f3n puede ser compartida con todas las personas a su alrededor y no solo entre amigos, como se hace en las redes sociales. Limitar la duraci\u00f3n de vigencia de la marca a varias horas asegura que la informaci\u00f3n ser\u00e1 relevante y a tiempo; pero, adem\u00e1s, minimiza los riesgos de que tal informaci\u00f3n sea descubierta y malversada, y oculta sus v\u00edas de difusi\u00f3n. Al mismo tiempo, las marcas de ARoglyph pueden ser compartidas en redes sociales para que la informaci\u00f3n sea visible a personas en todo el mundo.<\/p>\n<p>Todos aquellos que leen las marcas pueden, adem\u00e1s, dejar sus comentarios, lo que permite a los participantes coordinar sus acciones online sin que esto suponga el riesgo de que su comunicaci\u00f3n sea bloqueada por la administraci\u00f3n debido a las denuncias de los topos (como ocurre en Ucrania por culpa de la actividad de topos-net prorusos).<\/p>\n<p>Y si le preocupa su seguridad y tiene miedo de que el gobierno m\u00e1s adelante pueda dar con usted y utilizar la informaci\u00f3n que ha difundido en su contra, ARoglyph le ofrece marcas an\u00f3nimas (\u201ccomunitarias\u201d). Las marcas an\u00f3nimas no tienen ning\u00fan autor identificable, y ni siquiera el sistema de ARoglyph tiene pistas de qui\u00e9nes crearon tales marcas.[\/vc_column_text][\/vc_column][\/vc_row][vc_row][vc_column][mk_divider style=\u00bbthin_solid\u00bb margin_top=\u00bb10&#8243; margin_bottom=\u00bb60&#8243;][\/vc_column][\/vc_row][vc_row][vc_column][mk_fancy_title size=\u00bb20&#8243; font_weight=\u00bbbold\u00bb font_style=\u00bbnormal\u00bb txt_transform=\u00bbuppercase\u00bb letter_spacing=\u00bb1&#8243; margin_top=\u00bb10&#8243; margin_bottom=\u00bb0&#8243; font_family=\u00bbnone\u00bb]\n<p>Descargue y util\u00edcelo gratis<\/p>\n[\/mk_fancy_title][mk_divider style=\u00bbthin_solid\u00bb divider_width=\u00bbcustom_width\u00bb custom_width=\u00bb100&#8243; align=\u00bbleft\u00bb border_color=\u00bb#14a082&#8243; thickness=\u00bb2&#8243; margin_top=\u00bb0&#8243;][vc_column_text disable_pattern=\u00bbfalse\u00bb margin_bottom=\u00bb10&#8243;]\n<p><strong>ARoglyph est\u00e1 disponible en Google Play y AppStore. \u00a1Desc\u00e1rguelo y empiece a utilizarlo hoy!<\/strong><\/p>\n[\/vc_column_text][vc_row_inner visibility=\u00bbhidden-sm\u00bb css=\u00bb.vc_custom_1451333709916{margin-bottom: 0px !important;padding-top: 0px !important;padding-right: 0px !important;padding-bottom: 0px !important;padding-left: 0px !important;}\u00bb][vc_column_inner width=\u00bb1\/4&#8243;][\/vc_column_inner][vc_column_inner el_class=\u00bbcmk-center-align\u00bb width=\u00bb1\/4&#8243;][vc_single_image image=\u00bb6981&#8243; img_size=\u00bbfull\u00bb alignment=\u00bbright\u00bb onclick=\u00bbcustom_link\u00bb img_link_target=\u00bb_blank\u00bb css_animation=\u00bbappear\u00bb border_color=\u00bbgrey\u00bb link=\u00bbhttps:\/\/play.google.com\/store\/apps\/details?id=com.aroglyph.app\u00bb][\/vc_column_inner][vc_column_inner width=\u00bb1\/4&#8243;][vc_single_image image=\u00bb7001&#8243; img_size=\u00bbfull\u00bb onclick=\u00bbcustom_link\u00bb img_link_target=\u00bb_blank\u00bb css_animation=\u00bbappear\u00bb border_color=\u00bbgrey\u00bb link=\u00bbhttps:\/\/itunes.apple.com\/us\/app\/aroglyph\/id1019101559&#8243;][\/vc_column_inner][\/vc_row_inner][vc_row_inner visibility=\u00bbvisible-sm\u00bb css=\u00bb.vc_custom_1451333703321{margin-bottom: 0px !important;padding-top: 0px !important;padding-right: 0px !important;padding-bottom: 0px !important;padding-left: 0px !important;}\u00bb][vc_column_inner width=\u00bb1\/4&#8243;][\/vc_column_inner][vc_column_inner el_class=\u00bbcmk-center-align\u00bb width=\u00bb1\/4&#8243;][vc_single_image image=\u00bb6981&#8243; img_size=\u00bbfull\u00bb alignment=\u00bbcenter\u00bb onclick=\u00bbcustom_link\u00bb img_link_target=\u00bb_blank\u00bb css_animation=\u00bbappear\u00bb border_color=\u00bbgrey\u00bb link=\u00bbhttps:\/\/play.google.com\/store\/apps\/details?id=com.aroglyph.app\u00bb css=\u00bb.vc_custom_1451333721626{margin-bottom: 10px !important;}\u00bb][\/vc_column_inner][vc_column_inner width=\u00bb1\/4&#8243;][vc_single_image image=\u00bb7001&#8243; img_size=\u00bbfull\u00bb alignment=\u00bbcenter\u00bb onclick=\u00bbcustom_link\u00bb img_link_target=\u00bb_blank\u00bb css_animation=\u00bbappear\u00bb border_color=\u00bbgrey\u00bb link=\u00bbhttps:\/\/itunes.apple.com\/us\/app\/aroglyph\/id1019101559&#8243; css=\u00bb.vc_custom_1451333729867{margin-bottom: 10px !important;}\u00bb][\/vc_column_inner][\/vc_row_inner][mk_padding_divider size=\u00bb10&#8243;][mk_fancy_title size=\u00bb18&#8243; font_family=\u00bbnone\u00bb]\n<p style=\"text-align: center;\"><a href=\"\/es\/solutions\">Mas opciones<\/a><\/p>\n[\/mk_fancy_title][mk_padding_divider size=\u00bb20&#8243;][\/vc_column][\/vc_row][vc_row][vc_column][mk_divider style=\u00bbthin_solid\u00bb margin_top=\u00bb10&#8243; margin_bottom=\u00bb60&#8243;][\/vc_column][\/vc_row][vc_row][vc_column width=\u00bb1\/6&#8243;][mk_fancy_title size=\u00bb20&#8243; font_weight=\u00bbbold\u00bb font_style=\u00bbnormal\u00bb txt_transform=\u00bbuppercase\u00bb letter_spacing=\u00bb1&#8243; margin_top=\u00bb10&#8243; margin_bottom=\u00bb0&#8243; font_family=\u00bbnone\u00bb]\n<p>RESUMEN<\/p>\n[\/mk_fancy_title][mk_divider style=\u00bbthin_solid\u00bb divider_width=\u00bbcustom_width\u00bb custom_width=\u00bb100&#8243; align=\u00bbleft\u00bb border_color=\u00bb#14a082&#8243; thickness=\u00bb2&#8243; margin_top=\u00bb0&#8243; margin_bottom=\u00bb60&#8243;][\/vc_column][vc_column width=\u00bb5\/6&#8243;][vc_row_inner attached=\u00bbtrue\u00bb padding=\u00bb1&#8243;][vc_column_inner][vc_column_text disable_pattern=\u00bbfalse\u00bb]La actividad pol\u00edtica, como, por ejemplo, actos de resistencia civil, requieren m\u00e1s coordinaci\u00f3n y confidencialidad que cualquier otra forma de actividad social. ARoglyph ayudar\u00e1 tanto a la difusi\u00f3n de la palabra como a la mejora de la coordinaci\u00f3n entre participantes.[\/vc_column_text][\/vc_column_inner][\/vc_row_inner][mk_padding_divider size=\u00bb70&#8243;][\/vc_column][\/vc_row][vc_row][vc_column][\/vc_column][\/vc_row]\n<\/div>","protected":false},"excerpt":{"rendered":"<p>[mk_page_section bg_image=\u00bbhttps:\/\/aroglyph.com\/es\/wp-content\/uploads\/sites\/3\/2015\/12\/cover-lead-the-rebellion.jpg\u00bb attachment=\u00bbfixed\u00bb bg_position=\u00bbcenter top\u00bb bg_repeat=\u00bbno-repeat\u00bb bg_stretch=\u00bbtrue\u00bb enable_3d=\u00bbtrue\u00bb gr_end=\u00bb#1e73be\u00bb min_height=\u00bb0&#8243; padding_top=\u00bb550&#8243; padding_bottom=\u00bb60&#8243; sidebar=\u00bbsidebar-1&#8243;][vc_column][mk_fancy_title color=\u00bb#ffffff\u00bb size=\u00bb50&#8243; font_weight=\u00bbbold\u00bb font_style=\u00bbnormal\u00bb txt_transform=\u00bbuppercase\u00bb margin_bottom=\u00bb0&#8243; font_family=\u00bbnone\u00bb align=\u00bbcenter\u00bb]Dirija una sublevaci\u00f3n[\/mk_fancy_title][\/vc_column][\/mk_page_section][vc_row fullwidth=\u00bbtrue\u00bb][vc_column][mk_divider style=\u00bbthin_solid\u00bb border_color=\u00bb#14a082&#8243; thickness=\u00bb4&#8243; margin_top=\u00bb0&#8243; margin_bottom=\u00bb50&#8243;][\/vc_column][\/vc_row][vc_row][vc_column][vc_column_text]Largos actos de desobediencia civil tuvieron lugar en m\u00e1s de 10 pa\u00edses en los \u00faltimos 15 a\u00f1os. El resultado deseado no fue conseguido en todos los casos. [&hellip;]<\/p>\n","protected":false},"author":3,"featured_media":7700,"parent":6170,"menu_order":0,"comment_status":"open","ping_status":"open","template":"","meta":{"footnotes":""},"class_list":["post-7707","page","type-page","status-publish","has-post-thumbnail","hentry"],"yoast_head":"<!-- This site is optimized with the Yoast SEO plugin v27.3 - https:\/\/yoast.com\/product\/yoast-seo-wordpress\/ -->\n<title>Dirija una sublevaci\u00f3n - ARoglyph<\/title>\n<meta name=\"description\" content=\"Encuentre nuevos amigos con ARoglyph anunciando un pr\u00f3ximo concierto o evento deportivo, e invitando a los dem\u00e1s a asistir a ellos junto a usted.\" \/>\n<meta name=\"robots\" content=\"index, follow, max-snippet:-1, max-image-preview:large, max-video-preview:-1\" \/>\n<link rel=\"canonical\" href=\"https:\/\/aroglyph.com\/es\/usage-scenarios\/dirija-una-sublevacion\/\" \/>\n<meta property=\"og:locale\" content=\"es_ES\" \/>\n<meta property=\"og:type\" content=\"article\" \/>\n<meta property=\"og:title\" content=\"Dirija una sublevaci\u00f3n - ARoglyph\" \/>\n<meta property=\"og:description\" content=\"Encuentre nuevos amigos con ARoglyph anunciando un pr\u00f3ximo concierto o evento deportivo, e invitando a los dem\u00e1s a asistir a ellos junto a usted.\" \/>\n<meta property=\"og:url\" content=\"https:\/\/aroglyph.com\/es\/usage-scenarios\/dirija-una-sublevacion\/\" \/>\n<meta property=\"og:site_name\" content=\"ARoglyph\" \/>\n<meta property=\"article:publisher\" content=\"https:\/\/www.facebook.com\/ARoglyph\" \/>\n<meta property=\"article:modified_time\" content=\"2016-01-13T00:51:47+00:00\" \/>\n<meta property=\"og:image\" content=\"https:\/\/aroglyph.com\/es\/wp-content\/uploads\/sites\/3\/2015\/12\/cover-lead-the-rebellion.jpg\" \/>\n\t<meta property=\"og:image:width\" content=\"1920\" \/>\n\t<meta property=\"og:image:height\" content=\"1200\" \/>\n\t<meta property=\"og:image:type\" content=\"image\/jpeg\" \/>\n<meta name=\"twitter:card\" content=\"summary_large_image\" \/>\n<meta name=\"twitter:site\" content=\"@aroglyph\" \/>\n<meta name=\"twitter:label1\" content=\"Tiempo de lectura\" \/>\n\t<meta name=\"twitter:data1\" content=\"6 minutos\" \/>\n<script type=\"application\/ld+json\" class=\"yoast-schema-graph\">{\"@context\":\"https:\\\/\\\/schema.org\",\"@graph\":[{\"@type\":\"WebPage\",\"@id\":\"https:\\\/\\\/aroglyph.com\\\/es\\\/usage-scenarios\\\/dirija-una-sublevacion\\\/\",\"url\":\"https:\\\/\\\/aroglyph.com\\\/es\\\/usage-scenarios\\\/dirija-una-sublevacion\\\/\",\"name\":\"Dirija una sublevaci\u00f3n - ARoglyph\",\"isPartOf\":{\"@id\":\"https:\\\/\\\/aroglyph.com\\\/es\\\/#website\"},\"primaryImageOfPage\":{\"@id\":\"https:\\\/\\\/aroglyph.com\\\/es\\\/usage-scenarios\\\/dirija-una-sublevacion\\\/#primaryimage\"},\"image\":{\"@id\":\"https:\\\/\\\/aroglyph.com\\\/es\\\/usage-scenarios\\\/dirija-una-sublevacion\\\/#primaryimage\"},\"thumbnailUrl\":\"https:\\\/\\\/aroglyph.com\\\/es\\\/wp-content\\\/uploads\\\/sites\\\/3\\\/2015\\\/12\\\/cover-lead-the-rebellion.jpg\",\"datePublished\":\"2016-01-13T00:49:31+00:00\",\"dateModified\":\"2016-01-13T00:51:47+00:00\",\"description\":\"Encuentre nuevos amigos con ARoglyph anunciando un pr\u00f3ximo concierto o evento deportivo, e invitando a los dem\u00e1s a asistir a ellos junto a usted.\",\"breadcrumb\":{\"@id\":\"https:\\\/\\\/aroglyph.com\\\/es\\\/usage-scenarios\\\/dirija-una-sublevacion\\\/#breadcrumb\"},\"inLanguage\":\"es\",\"potentialAction\":[{\"@type\":\"ReadAction\",\"target\":[\"https:\\\/\\\/aroglyph.com\\\/es\\\/usage-scenarios\\\/dirija-una-sublevacion\\\/\"]}]},{\"@type\":\"ImageObject\",\"inLanguage\":\"es\",\"@id\":\"https:\\\/\\\/aroglyph.com\\\/es\\\/usage-scenarios\\\/dirija-una-sublevacion\\\/#primaryimage\",\"url\":\"https:\\\/\\\/aroglyph.com\\\/es\\\/wp-content\\\/uploads\\\/sites\\\/3\\\/2015\\\/12\\\/cover-lead-the-rebellion.jpg\",\"contentUrl\":\"https:\\\/\\\/aroglyph.com\\\/es\\\/wp-content\\\/uploads\\\/sites\\\/3\\\/2015\\\/12\\\/cover-lead-the-rebellion.jpg\",\"width\":1920,\"height\":1200},{\"@type\":\"BreadcrumbList\",\"@id\":\"https:\\\/\\\/aroglyph.com\\\/es\\\/usage-scenarios\\\/dirija-una-sublevacion\\\/#breadcrumb\",\"itemListElement\":[{\"@type\":\"ListItem\",\"position\":1,\"name\":\"Inicio\",\"item\":\"https:\\\/\\\/aroglyph.com\\\/es\\\/\"},{\"@type\":\"ListItem\",\"position\":2,\"name\":\"Escenarios de uso\",\"item\":\"https:\\\/\\\/aroglyph.com\\\/es\\\/usage-scenarios\\\/\"},{\"@type\":\"ListItem\",\"position\":3,\"name\":\"Dirija una sublevaci\u00f3n\"}]},{\"@type\":\"WebSite\",\"@id\":\"https:\\\/\\\/aroglyph.com\\\/es\\\/#website\",\"url\":\"https:\\\/\\\/aroglyph.com\\\/es\\\/\",\"name\":\"ARoglyph\",\"description\":\"\",\"potentialAction\":[{\"@type\":\"SearchAction\",\"target\":{\"@type\":\"EntryPoint\",\"urlTemplate\":\"https:\\\/\\\/aroglyph.com\\\/es\\\/?s={search_term_string}\"},\"query-input\":{\"@type\":\"PropertyValueSpecification\",\"valueRequired\":true,\"valueName\":\"search_term_string\"}}],\"inLanguage\":\"es\"}]}<\/script>\n<!-- \/ Yoast SEO plugin. -->","yoast_head_json":{"title":"Dirija una sublevaci\u00f3n - ARoglyph","description":"Encuentre nuevos amigos con ARoglyph anunciando un pr\u00f3ximo concierto o evento deportivo, e invitando a los dem\u00e1s a asistir a ellos junto a usted.","robots":{"index":"index","follow":"follow","max-snippet":"max-snippet:-1","max-image-preview":"max-image-preview:large","max-video-preview":"max-video-preview:-1"},"canonical":"https:\/\/aroglyph.com\/es\/usage-scenarios\/dirija-una-sublevacion\/","og_locale":"es_ES","og_type":"article","og_title":"Dirija una sublevaci\u00f3n - ARoglyph","og_description":"Encuentre nuevos amigos con ARoglyph anunciando un pr\u00f3ximo concierto o evento deportivo, e invitando a los dem\u00e1s a asistir a ellos junto a usted.","og_url":"https:\/\/aroglyph.com\/es\/usage-scenarios\/dirija-una-sublevacion\/","og_site_name":"ARoglyph","article_publisher":"https:\/\/www.facebook.com\/ARoglyph","article_modified_time":"2016-01-13T00:51:47+00:00","og_image":[{"width":1920,"height":1200,"url":"https:\/\/aroglyph.com\/es\/wp-content\/uploads\/sites\/3\/2015\/12\/cover-lead-the-rebellion.jpg","type":"image\/jpeg"}],"twitter_card":"summary_large_image","twitter_site":"@aroglyph","twitter_misc":{"Tiempo de lectura":"6 minutos"},"schema":{"@context":"https:\/\/schema.org","@graph":[{"@type":"WebPage","@id":"https:\/\/aroglyph.com\/es\/usage-scenarios\/dirija-una-sublevacion\/","url":"https:\/\/aroglyph.com\/es\/usage-scenarios\/dirija-una-sublevacion\/","name":"Dirija una sublevaci\u00f3n - ARoglyph","isPartOf":{"@id":"https:\/\/aroglyph.com\/es\/#website"},"primaryImageOfPage":{"@id":"https:\/\/aroglyph.com\/es\/usage-scenarios\/dirija-una-sublevacion\/#primaryimage"},"image":{"@id":"https:\/\/aroglyph.com\/es\/usage-scenarios\/dirija-una-sublevacion\/#primaryimage"},"thumbnailUrl":"https:\/\/aroglyph.com\/es\/wp-content\/uploads\/sites\/3\/2015\/12\/cover-lead-the-rebellion.jpg","datePublished":"2016-01-13T00:49:31+00:00","dateModified":"2016-01-13T00:51:47+00:00","description":"Encuentre nuevos amigos con ARoglyph anunciando un pr\u00f3ximo concierto o evento deportivo, e invitando a los dem\u00e1s a asistir a ellos junto a usted.","breadcrumb":{"@id":"https:\/\/aroglyph.com\/es\/usage-scenarios\/dirija-una-sublevacion\/#breadcrumb"},"inLanguage":"es","potentialAction":[{"@type":"ReadAction","target":["https:\/\/aroglyph.com\/es\/usage-scenarios\/dirija-una-sublevacion\/"]}]},{"@type":"ImageObject","inLanguage":"es","@id":"https:\/\/aroglyph.com\/es\/usage-scenarios\/dirija-una-sublevacion\/#primaryimage","url":"https:\/\/aroglyph.com\/es\/wp-content\/uploads\/sites\/3\/2015\/12\/cover-lead-the-rebellion.jpg","contentUrl":"https:\/\/aroglyph.com\/es\/wp-content\/uploads\/sites\/3\/2015\/12\/cover-lead-the-rebellion.jpg","width":1920,"height":1200},{"@type":"BreadcrumbList","@id":"https:\/\/aroglyph.com\/es\/usage-scenarios\/dirija-una-sublevacion\/#breadcrumb","itemListElement":[{"@type":"ListItem","position":1,"name":"Inicio","item":"https:\/\/aroglyph.com\/es\/"},{"@type":"ListItem","position":2,"name":"Escenarios de uso","item":"https:\/\/aroglyph.com\/es\/usage-scenarios\/"},{"@type":"ListItem","position":3,"name":"Dirija una sublevaci\u00f3n"}]},{"@type":"WebSite","@id":"https:\/\/aroglyph.com\/es\/#website","url":"https:\/\/aroglyph.com\/es\/","name":"ARoglyph","description":"","potentialAction":[{"@type":"SearchAction","target":{"@type":"EntryPoint","urlTemplate":"https:\/\/aroglyph.com\/es\/?s={search_term_string}"},"query-input":{"@type":"PropertyValueSpecification","valueRequired":true,"valueName":"search_term_string"}}],"inLanguage":"es"}]}},"_links":{"self":[{"href":"https:\/\/aroglyph.com\/es\/wp-json\/wp\/v2\/pages\/7707","targetHints":{"allow":["GET"]}}],"collection":[{"href":"https:\/\/aroglyph.com\/es\/wp-json\/wp\/v2\/pages"}],"about":[{"href":"https:\/\/aroglyph.com\/es\/wp-json\/wp\/v2\/types\/page"}],"author":[{"embeddable":true,"href":"https:\/\/aroglyph.com\/es\/wp-json\/wp\/v2\/users\/3"}],"replies":[{"embeddable":true,"href":"https:\/\/aroglyph.com\/es\/wp-json\/wp\/v2\/comments?post=7707"}],"version-history":[{"count":1,"href":"https:\/\/aroglyph.com\/es\/wp-json\/wp\/v2\/pages\/7707\/revisions"}],"predecessor-version":[{"id":7708,"href":"https:\/\/aroglyph.com\/es\/wp-json\/wp\/v2\/pages\/7707\/revisions\/7708"}],"up":[{"embeddable":true,"href":"https:\/\/aroglyph.com\/es\/wp-json\/wp\/v2\/pages\/6170"}],"wp:featuredmedia":[{"embeddable":true,"href":"https:\/\/aroglyph.com\/es\/wp-json\/wp\/v2\/media\/7700"}],"wp:attachment":[{"href":"https:\/\/aroglyph.com\/es\/wp-json\/wp\/v2\/media?parent=7707"}],"curies":[{"name":"wp","href":"https:\/\/api.w.org\/{rel}","templated":true}]}}