{"id":7709,"date":"2016-01-13T01:00:32","date_gmt":"2016-01-13T01:00:32","guid":{"rendered":"https:\/\/aroglyph.com\/es\/?page_id=7709"},"modified":"2016-01-13T01:01:24","modified_gmt":"2016-01-13T01:01:24","slug":"piquete-virtual","status":"publish","type":"page","link":"https:\/\/aroglyph.com\/es\/usage-scenarios\/piquete-virtual\/","title":{"rendered":"Piquete virtual"},"content":{"rendered":"<div class=\"wpb-content-wrapper\">[mk_page_section bg_image=\u00bbhttps:\/\/aroglyph.com\/es\/wp-content\/uploads\/sites\/3\/2015\/12\/cover-virtual-picket.jpg\u00bb attachment=\u00bbfixed\u00bb bg_position=\u00bbcenter top\u00bb bg_repeat=\u00bbno-repeat\u00bb bg_stretch=\u00bbtrue\u00bb enable_3d=\u00bbtrue\u00bb gr_end=\u00bb#1e73be\u00bb min_height=\u00bb0&#8243; padding_top=\u00bb550&#8243; padding_bottom=\u00bb60&#8243; sidebar=\u00bbsidebar-1&#8243;][vc_column][mk_fancy_title color=\u00bb#ffffff\u00bb size=\u00bb50&#8243; font_weight=\u00bbbold\u00bb font_style=\u00bbnormal\u00bb txt_transform=\u00bbuppercase\u00bb margin_bottom=\u00bb0&#8243; font_family=\u00bbnone\u00bb align=\u00bbcenter\u00bb]<span style=\"text-shadow: 0 3px 25px rgba(0,0,0,.9);\">Piquete virtual<\/span>[\/mk_fancy_title][\/vc_column][\/mk_page_section][vc_row fullwidth=\u00bbtrue\u00bb][vc_column][mk_divider style=\u00bbthin_solid\u00bb border_color=\u00bb#14a082&#8243; thickness=\u00bb4&#8243; margin_top=\u00bb0&#8243; margin_bottom=\u00bb50&#8243;][\/vc_column][\/vc_row][vc_row][vc_column][vc_column_text]<em>En pa\u00edses con reg\u00edmenes totalitarios y no democr\u00e1ticos, donde los piquetes y las manifestaciones est\u00e1n formalmente permitidos, estos acaban muy pronto, pues las autoridades toman medidas para parar cualquier actividad de manera inmediata.<\/em>[\/vc_column_text][vc_column_text disable_pattern=\u00bbfalse\u00bb]Si, adem\u00e1s, tal actividad incluye alg\u00fan tipo de actuaci\u00f3n (por ejemplo, pintar un monumento en colores nacionales, tal y como se hizo muchas veces en Ucrania durante la dictadura de Yanukovich), tampoco dura.<\/p>\n<p>En estos casos, ARoglyph acude a su rescate.[\/vc_column_text][mk_divider style=\u00bbthin_solid\u00bb margin_top=\u00bb10&#8243; margin_bottom=\u00bb60&#8243;][\/vc_column][\/vc_row][vc_row][vc_column][mk_fancy_title size=\u00bb20&#8243; font_weight=\u00bbbold\u00bb font_style=\u00bbnormal\u00bb txt_transform=\u00bbuppercase\u00bb letter_spacing=\u00bb1&#8243; margin_top=\u00bb10&#8243; margin_bottom=\u00bb0&#8243; font_family=\u00bbnone\u00bb]As\u00ed le puede ayudar ARoglyph[\/mk_fancy_title][mk_divider style=\u00bbthin_solid\u00bb divider_width=\u00bbcustom_width\u00bb custom_width=\u00bb100&#8243; align=\u00bbleft\u00bb border_color=\u00bb#14a082&#8243; thickness=\u00bb2&#8243; margin_top=\u00bb0&#8243;][vc_column_text disable_pattern=\u00bbfalse\u00bb]<strong>Si organiza o se encuentra en un piquete, manifestaci\u00f3n u otra actividad pol\u00edtica, ded\u00edquele un instante para darle una oportunidad al futuro de su pa\u00eds: haga una foto o grabe unas palabras y crea una marca de ARoglyph con esta informaci\u00f3n. <\/strong>[\/vc_column_text][vc_column_text disable_pattern=\u00bbfalse\u00bb]De esta manera, usted ampliar\u00e1 la durabilidad de una acci\u00f3n a semanas y meses que, de otra forma, ser\u00eda muy corta. La gente que pase por estos lugares en el futuro ver\u00e1 lo que ha pasado all\u00ed antes y c\u00f3mo las personas defienden su libertad y una vida mejor.<\/p>\n<p>Si la actividad pol\u00edtica fue interrumpida por la acci\u00f3n de la polic\u00eda o de unos maleantes (que a menudo son utilizados por el gobierno cuando este no quiere participar directamente en las represiones), tambi\u00e9n puede cont\u00e1rselo a los dem\u00e1s.<\/p>\n<p>Tambi\u00e9n puede compartir la marca reci\u00e9n creada en redes sociales, como Twitter o Facebook, para aumentar la visibilidad de su audio y video.<\/p>\n<p>Dado que la marca de ARoglyph queda vinculada a una localizaci\u00f3n y tiempo concretos cuando es creada, compartir sus pruebas mediante una marca ARoglyph le da una credibilidad a\u00f1adida.<\/p>\n<p>Para prevenir cualquier posible venganza de parte de las autoridades o los delincuentes involucrados, puede ocultar su nombre (marcas \u201cinc\u00f3gnito\u201d) o incluso hacer la marca an\u00f3nima (marcas \u201ccomunitarias\u201d). Cuando una marca es p\u00fablica, en el sistema no se puede detectar rastro de qui\u00e9nes la han creado, de modo que su nombre jam\u00e1s ser\u00e1 expuesto al gobierno.<br \/>\n[\/vc_column_text][\/vc_column][\/vc_row][vc_row][vc_column][mk_divider style=\u00bbthin_solid\u00bb margin_top=\u00bb10&#8243; margin_bottom=\u00bb60&#8243;][\/vc_column][\/vc_row][vc_row][vc_column][mk_fancy_title size=\u00bb20&#8243; font_weight=\u00bbbold\u00bb font_style=\u00bbnormal\u00bb txt_transform=\u00bbuppercase\u00bb letter_spacing=\u00bb1&#8243; margin_top=\u00bb10&#8243; margin_bottom=\u00bb0&#8243; font_family=\u00bbnone\u00bb]\n<p>Descargue y util\u00edcelo gratis<\/p>\n[\/mk_fancy_title][mk_divider style=\u00bbthin_solid\u00bb divider_width=\u00bbcustom_width\u00bb custom_width=\u00bb100&#8243; align=\u00bbleft\u00bb border_color=\u00bb#14a082&#8243; thickness=\u00bb2&#8243; margin_top=\u00bb0&#8243;][vc_column_text disable_pattern=\u00bbfalse\u00bb margin_bottom=\u00bb10&#8243;]\n<p><strong>ARoglyph est\u00e1 disponible en Google Play y AppStore. \u00a1Desc\u00e1rguelo y empiece a utilizarlo hoy!<\/strong><\/p>\n[\/vc_column_text][vc_row_inner visibility=\u00bbhidden-sm\u00bb css=\u00bb.vc_custom_1451333709916{margin-bottom: 0px !important;padding-top: 0px !important;padding-right: 0px !important;padding-bottom: 0px !important;padding-left: 0px !important;}\u00bb][vc_column_inner width=\u00bb1\/4&#8243;][\/vc_column_inner][vc_column_inner el_class=\u00bbcmk-center-align\u00bb width=\u00bb1\/4&#8243;][vc_single_image image=\u00bb6981&#8243; img_size=\u00bbfull\u00bb alignment=\u00bbright\u00bb onclick=\u00bbcustom_link\u00bb img_link_target=\u00bb_blank\u00bb css_animation=\u00bbappear\u00bb border_color=\u00bbgrey\u00bb link=\u00bbhttps:\/\/play.google.com\/store\/apps\/details?id=com.aroglyph.app\u00bb][\/vc_column_inner][vc_column_inner width=\u00bb1\/4&#8243;][vc_single_image image=\u00bb7001&#8243; img_size=\u00bbfull\u00bb onclick=\u00bbcustom_link\u00bb img_link_target=\u00bb_blank\u00bb css_animation=\u00bbappear\u00bb border_color=\u00bbgrey\u00bb link=\u00bbhttps:\/\/itunes.apple.com\/us\/app\/aroglyph\/id1019101559&#8243;][\/vc_column_inner][\/vc_row_inner][vc_row_inner visibility=\u00bbvisible-sm\u00bb css=\u00bb.vc_custom_1451333703321{margin-bottom: 0px !important;padding-top: 0px !important;padding-right: 0px !important;padding-bottom: 0px !important;padding-left: 0px !important;}\u00bb][vc_column_inner width=\u00bb1\/4&#8243;][\/vc_column_inner][vc_column_inner el_class=\u00bbcmk-center-align\u00bb width=\u00bb1\/4&#8243;][vc_single_image image=\u00bb6981&#8243; img_size=\u00bbfull\u00bb alignment=\u00bbcenter\u00bb onclick=\u00bbcustom_link\u00bb img_link_target=\u00bb_blank\u00bb css_animation=\u00bbappear\u00bb border_color=\u00bbgrey\u00bb link=\u00bbhttps:\/\/play.google.com\/store\/apps\/details?id=com.aroglyph.app\u00bb css=\u00bb.vc_custom_1451333721626{margin-bottom: 10px !important;}\u00bb][\/vc_column_inner][vc_column_inner width=\u00bb1\/4&#8243;][vc_single_image image=\u00bb7001&#8243; img_size=\u00bbfull\u00bb alignment=\u00bbcenter\u00bb onclick=\u00bbcustom_link\u00bb img_link_target=\u00bb_blank\u00bb css_animation=\u00bbappear\u00bb border_color=\u00bbgrey\u00bb link=\u00bbhttps:\/\/itunes.apple.com\/us\/app\/aroglyph\/id1019101559&#8243; css=\u00bb.vc_custom_1451333729867{margin-bottom: 10px !important;}\u00bb][\/vc_column_inner][\/vc_row_inner][mk_padding_divider size=\u00bb10&#8243;][mk_fancy_title size=\u00bb18&#8243; font_family=\u00bbnone\u00bb]\n<p style=\"text-align: center;\"><a href=\"\/es\/solutions\">Mas opciones<\/a><\/p>\n[\/mk_fancy_title][mk_padding_divider size=\u00bb20&#8243;][\/vc_column][\/vc_row][vc_row][vc_column][mk_divider style=\u00bbthin_solid\u00bb margin_top=\u00bb10&#8243; margin_bottom=\u00bb60&#8243;][\/vc_column][\/vc_row][vc_row][vc_column width=\u00bb1\/6&#8243;][mk_fancy_title size=\u00bb20&#8243; font_weight=\u00bbbold\u00bb font_style=\u00bbnormal\u00bb txt_transform=\u00bbuppercase\u00bb letter_spacing=\u00bb1&#8243; margin_top=\u00bb10&#8243; margin_bottom=\u00bb0&#8243; font_family=\u00bbnone\u00bb]\n<p>RESUMEN<\/p>\n[\/mk_fancy_title][mk_divider style=\u00bbthin_solid\u00bb divider_width=\u00bbcustom_width\u00bb custom_width=\u00bb100&#8243; align=\u00bbleft\u00bb border_color=\u00bb#14a082&#8243; thickness=\u00bb2&#8243; margin_top=\u00bb0&#8243; margin_bottom=\u00bb60&#8243;][\/vc_column][vc_column width=\u00bb5\/6&#8243;][vc_row_inner attached=\u00bbtrue\u00bb padding=\u00bb1&#8243;][vc_column_inner][vc_column_text disable_pattern=\u00bbfalse\u00bb]Actividades pol\u00edticas, como manifestaciones, piquetes o actos de resistencia civil, requieren de una cubertura mayor que otras formas de actividad social. Y si est\u00e1n prohibidas en pa\u00edses totalitarios, ARoglyph ayuda a difundir informaci\u00f3n sobre tales actividades de una manera mucho mejor que cualquier red social, que f\u00e1cilmente puede ser sometida al control gubernamental (como ocurre en Rusia, China y otros pa\u00edses).[\/vc_column_text][\/vc_column_inner][\/vc_row_inner][mk_padding_divider size=\u00bb70&#8243;][\/vc_column][\/vc_row][vc_row][vc_column][\/vc_column][\/vc_row]\n<\/div>","protected":false},"excerpt":{"rendered":"<p>[mk_page_section bg_image=\u00bbhttps:\/\/aroglyph.com\/es\/wp-content\/uploads\/sites\/3\/2015\/12\/cover-virtual-picket.jpg\u00bb attachment=\u00bbfixed\u00bb bg_position=\u00bbcenter top\u00bb bg_repeat=\u00bbno-repeat\u00bb bg_stretch=\u00bbtrue\u00bb enable_3d=\u00bbtrue\u00bb gr_end=\u00bb#1e73be\u00bb min_height=\u00bb0&#8243; padding_top=\u00bb550&#8243; padding_bottom=\u00bb60&#8243; sidebar=\u00bbsidebar-1&#8243;][vc_column][mk_fancy_title color=\u00bb#ffffff\u00bb size=\u00bb50&#8243; font_weight=\u00bbbold\u00bb font_style=\u00bbnormal\u00bb txt_transform=\u00bbuppercase\u00bb margin_bottom=\u00bb0&#8243; font_family=\u00bbnone\u00bb align=\u00bbcenter\u00bb]Piquete virtual[\/mk_fancy_title][\/vc_column][\/mk_page_section][vc_row fullwidth=\u00bbtrue\u00bb][vc_column][mk_divider style=\u00bbthin_solid\u00bb border_color=\u00bb#14a082&#8243; thickness=\u00bb4&#8243; margin_top=\u00bb0&#8243; margin_bottom=\u00bb50&#8243;][\/vc_column][\/vc_row][vc_row][vc_column][vc_column_text]En pa\u00edses con reg\u00edmenes totalitarios y no democr\u00e1ticos, donde los piquetes y las manifestaciones est\u00e1n formalmente permitidos, estos acaban muy pronto, pues las autoridades toman medidas para parar [&hellip;]<\/p>\n","protected":false},"author":3,"featured_media":7702,"parent":6170,"menu_order":0,"comment_status":"open","ping_status":"open","template":"","meta":{"footnotes":""},"class_list":["post-7709","page","type-page","status-publish","has-post-thumbnail","hentry"],"yoast_head":"<!-- This site is optimized with the Yoast SEO plugin v27.4 - https:\/\/yoast.com\/product\/yoast-seo-wordpress\/ -->\n<title>Piquete virtual - ARoglyph<\/title>\n<meta name=\"description\" content=\"ARoglyph ayuda a difundir informaci\u00f3n sobre actividades politicas de una manera mucho mejor que cualquier red social.\" \/>\n<meta name=\"robots\" content=\"index, follow, max-snippet:-1, max-image-preview:large, max-video-preview:-1\" \/>\n<link rel=\"canonical\" href=\"https:\/\/aroglyph.com\/es\/usage-scenarios\/piquete-virtual\/\" \/>\n<meta property=\"og:locale\" content=\"es_ES\" \/>\n<meta property=\"og:type\" content=\"article\" \/>\n<meta property=\"og:title\" content=\"Piquete virtual - ARoglyph\" \/>\n<meta property=\"og:description\" content=\"ARoglyph ayuda a difundir informaci\u00f3n sobre actividades politicas de una manera mucho mejor que cualquier red social.\" \/>\n<meta property=\"og:url\" content=\"https:\/\/aroglyph.com\/es\/usage-scenarios\/piquete-virtual\/\" \/>\n<meta property=\"og:site_name\" content=\"ARoglyph\" \/>\n<meta property=\"article:publisher\" content=\"https:\/\/www.facebook.com\/ARoglyph\" \/>\n<meta property=\"article:modified_time\" content=\"2016-01-13T01:01:24+00:00\" \/>\n<meta property=\"og:image\" content=\"https:\/\/aroglyph.com\/es\/wp-content\/uploads\/sites\/3\/2015\/12\/cover-virtual-picket.jpg\" \/>\n\t<meta property=\"og:image:width\" content=\"1920\" \/>\n\t<meta property=\"og:image:height\" content=\"1200\" \/>\n\t<meta property=\"og:image:type\" content=\"image\/jpeg\" \/>\n<meta name=\"twitter:card\" content=\"summary_large_image\" \/>\n<meta name=\"twitter:site\" content=\"@aroglyph\" \/>\n<meta name=\"twitter:label1\" content=\"Tiempo de lectura\" \/>\n\t<meta name=\"twitter:data1\" content=\"5 minutos\" \/>\n<script type=\"application\/ld+json\" class=\"yoast-schema-graph\">{\"@context\":\"https:\\\/\\\/schema.org\",\"@graph\":[{\"@type\":\"WebPage\",\"@id\":\"https:\\\/\\\/aroglyph.com\\\/es\\\/usage-scenarios\\\/piquete-virtual\\\/\",\"url\":\"https:\\\/\\\/aroglyph.com\\\/es\\\/usage-scenarios\\\/piquete-virtual\\\/\",\"name\":\"Piquete virtual - ARoglyph\",\"isPartOf\":{\"@id\":\"https:\\\/\\\/aroglyph.com\\\/es\\\/#website\"},\"primaryImageOfPage\":{\"@id\":\"https:\\\/\\\/aroglyph.com\\\/es\\\/usage-scenarios\\\/piquete-virtual\\\/#primaryimage\"},\"image\":{\"@id\":\"https:\\\/\\\/aroglyph.com\\\/es\\\/usage-scenarios\\\/piquete-virtual\\\/#primaryimage\"},\"thumbnailUrl\":\"https:\\\/\\\/aroglyph.com\\\/es\\\/wp-content\\\/uploads\\\/sites\\\/3\\\/2015\\\/12\\\/cover-virtual-picket.jpg\",\"datePublished\":\"2016-01-13T01:00:32+00:00\",\"dateModified\":\"2016-01-13T01:01:24+00:00\",\"description\":\"ARoglyph ayuda a difundir informaci\u00f3n sobre actividades politicas de una manera mucho mejor que cualquier red social.\",\"breadcrumb\":{\"@id\":\"https:\\\/\\\/aroglyph.com\\\/es\\\/usage-scenarios\\\/piquete-virtual\\\/#breadcrumb\"},\"inLanguage\":\"es\",\"potentialAction\":[{\"@type\":\"ReadAction\",\"target\":[\"https:\\\/\\\/aroglyph.com\\\/es\\\/usage-scenarios\\\/piquete-virtual\\\/\"]}]},{\"@type\":\"ImageObject\",\"inLanguage\":\"es\",\"@id\":\"https:\\\/\\\/aroglyph.com\\\/es\\\/usage-scenarios\\\/piquete-virtual\\\/#primaryimage\",\"url\":\"https:\\\/\\\/aroglyph.com\\\/es\\\/wp-content\\\/uploads\\\/sites\\\/3\\\/2015\\\/12\\\/cover-virtual-picket.jpg\",\"contentUrl\":\"https:\\\/\\\/aroglyph.com\\\/es\\\/wp-content\\\/uploads\\\/sites\\\/3\\\/2015\\\/12\\\/cover-virtual-picket.jpg\",\"width\":1920,\"height\":1200},{\"@type\":\"BreadcrumbList\",\"@id\":\"https:\\\/\\\/aroglyph.com\\\/es\\\/usage-scenarios\\\/piquete-virtual\\\/#breadcrumb\",\"itemListElement\":[{\"@type\":\"ListItem\",\"position\":1,\"name\":\"Inicio\",\"item\":\"https:\\\/\\\/aroglyph.com\\\/es\\\/\"},{\"@type\":\"ListItem\",\"position\":2,\"name\":\"Escenarios de uso\",\"item\":\"https:\\\/\\\/aroglyph.com\\\/es\\\/usage-scenarios\\\/\"},{\"@type\":\"ListItem\",\"position\":3,\"name\":\"Piquete virtual\"}]},{\"@type\":\"WebSite\",\"@id\":\"https:\\\/\\\/aroglyph.com\\\/es\\\/#website\",\"url\":\"https:\\\/\\\/aroglyph.com\\\/es\\\/\",\"name\":\"ARoglyph\",\"description\":\"\",\"potentialAction\":[{\"@type\":\"SearchAction\",\"target\":{\"@type\":\"EntryPoint\",\"urlTemplate\":\"https:\\\/\\\/aroglyph.com\\\/es\\\/?s={search_term_string}\"},\"query-input\":{\"@type\":\"PropertyValueSpecification\",\"valueRequired\":true,\"valueName\":\"search_term_string\"}}],\"inLanguage\":\"es\"}]}<\/script>\n<!-- \/ Yoast SEO plugin. -->","yoast_head_json":{"title":"Piquete virtual - ARoglyph","description":"ARoglyph ayuda a difundir informaci\u00f3n sobre actividades politicas de una manera mucho mejor que cualquier red social.","robots":{"index":"index","follow":"follow","max-snippet":"max-snippet:-1","max-image-preview":"max-image-preview:large","max-video-preview":"max-video-preview:-1"},"canonical":"https:\/\/aroglyph.com\/es\/usage-scenarios\/piquete-virtual\/","og_locale":"es_ES","og_type":"article","og_title":"Piquete virtual - ARoglyph","og_description":"ARoglyph ayuda a difundir informaci\u00f3n sobre actividades politicas de una manera mucho mejor que cualquier red social.","og_url":"https:\/\/aroglyph.com\/es\/usage-scenarios\/piquete-virtual\/","og_site_name":"ARoglyph","article_publisher":"https:\/\/www.facebook.com\/ARoglyph","article_modified_time":"2016-01-13T01:01:24+00:00","og_image":[{"width":1920,"height":1200,"url":"https:\/\/aroglyph.com\/es\/wp-content\/uploads\/sites\/3\/2015\/12\/cover-virtual-picket.jpg","type":"image\/jpeg"}],"twitter_card":"summary_large_image","twitter_site":"@aroglyph","twitter_misc":{"Tiempo de lectura":"5 minutos"},"schema":{"@context":"https:\/\/schema.org","@graph":[{"@type":"WebPage","@id":"https:\/\/aroglyph.com\/es\/usage-scenarios\/piquete-virtual\/","url":"https:\/\/aroglyph.com\/es\/usage-scenarios\/piquete-virtual\/","name":"Piquete virtual - ARoglyph","isPartOf":{"@id":"https:\/\/aroglyph.com\/es\/#website"},"primaryImageOfPage":{"@id":"https:\/\/aroglyph.com\/es\/usage-scenarios\/piquete-virtual\/#primaryimage"},"image":{"@id":"https:\/\/aroglyph.com\/es\/usage-scenarios\/piquete-virtual\/#primaryimage"},"thumbnailUrl":"https:\/\/aroglyph.com\/es\/wp-content\/uploads\/sites\/3\/2015\/12\/cover-virtual-picket.jpg","datePublished":"2016-01-13T01:00:32+00:00","dateModified":"2016-01-13T01:01:24+00:00","description":"ARoglyph ayuda a difundir informaci\u00f3n sobre actividades politicas de una manera mucho mejor que cualquier red social.","breadcrumb":{"@id":"https:\/\/aroglyph.com\/es\/usage-scenarios\/piquete-virtual\/#breadcrumb"},"inLanguage":"es","potentialAction":[{"@type":"ReadAction","target":["https:\/\/aroglyph.com\/es\/usage-scenarios\/piquete-virtual\/"]}]},{"@type":"ImageObject","inLanguage":"es","@id":"https:\/\/aroglyph.com\/es\/usage-scenarios\/piquete-virtual\/#primaryimage","url":"https:\/\/aroglyph.com\/es\/wp-content\/uploads\/sites\/3\/2015\/12\/cover-virtual-picket.jpg","contentUrl":"https:\/\/aroglyph.com\/es\/wp-content\/uploads\/sites\/3\/2015\/12\/cover-virtual-picket.jpg","width":1920,"height":1200},{"@type":"BreadcrumbList","@id":"https:\/\/aroglyph.com\/es\/usage-scenarios\/piquete-virtual\/#breadcrumb","itemListElement":[{"@type":"ListItem","position":1,"name":"Inicio","item":"https:\/\/aroglyph.com\/es\/"},{"@type":"ListItem","position":2,"name":"Escenarios de uso","item":"https:\/\/aroglyph.com\/es\/usage-scenarios\/"},{"@type":"ListItem","position":3,"name":"Piquete virtual"}]},{"@type":"WebSite","@id":"https:\/\/aroglyph.com\/es\/#website","url":"https:\/\/aroglyph.com\/es\/","name":"ARoglyph","description":"","potentialAction":[{"@type":"SearchAction","target":{"@type":"EntryPoint","urlTemplate":"https:\/\/aroglyph.com\/es\/?s={search_term_string}"},"query-input":{"@type":"PropertyValueSpecification","valueRequired":true,"valueName":"search_term_string"}}],"inLanguage":"es"}]}},"_links":{"self":[{"href":"https:\/\/aroglyph.com\/es\/wp-json\/wp\/v2\/pages\/7709","targetHints":{"allow":["GET"]}}],"collection":[{"href":"https:\/\/aroglyph.com\/es\/wp-json\/wp\/v2\/pages"}],"about":[{"href":"https:\/\/aroglyph.com\/es\/wp-json\/wp\/v2\/types\/page"}],"author":[{"embeddable":true,"href":"https:\/\/aroglyph.com\/es\/wp-json\/wp\/v2\/users\/3"}],"replies":[{"embeddable":true,"href":"https:\/\/aroglyph.com\/es\/wp-json\/wp\/v2\/comments?post=7709"}],"version-history":[{"count":2,"href":"https:\/\/aroglyph.com\/es\/wp-json\/wp\/v2\/pages\/7709\/revisions"}],"predecessor-version":[{"id":7712,"href":"https:\/\/aroglyph.com\/es\/wp-json\/wp\/v2\/pages\/7709\/revisions\/7712"}],"up":[{"embeddable":true,"href":"https:\/\/aroglyph.com\/es\/wp-json\/wp\/v2\/pages\/6170"}],"wp:featuredmedia":[{"embeddable":true,"href":"https:\/\/aroglyph.com\/es\/wp-json\/wp\/v2\/media\/7702"}],"wp:attachment":[{"href":"https:\/\/aroglyph.com\/es\/wp-json\/wp\/v2\/media?parent=7709"}],"curies":[{"name":"wp","href":"https:\/\/api.w.org\/{rel}","templated":true}]}}